{"id":659,"date":"2017-02-18T15:08:13","date_gmt":"2017-02-18T14:08:13","guid":{"rendered":"http:\/\/sinaex.eu\/nueva\/aviso-e-infomacion-legales\/"},"modified":"2017-02-18T15:08:13","modified_gmt":"2017-02-18T14:08:13","slug":"aviso-e-infomacion-legales","status":"publish","type":"page","link":"http:\/\/sinaex.eu\/fr\/aviso-e-infomacion-legales\/","title":{"rendered":"Aviso e infomaci\u00f3n legales"},"content":{"rendered":"<p>La informaci\u00f3n contenida en este web es comprobada y actualizada por\u00a0<strong>Sinaex.eu<\/strong> de forma regular con las debidas diligencias.<\/p>\n<p>A pesar de ello, los datos pueden estar sujetos a cambios en cualquier momento. Por ello, <strong>Sinaex.eu<\/strong> no asume ninguna responsabilidad o garant\u00eda de exactitud y totalidad de informaci\u00f3n suministrada. Esto se aplica tambi\u00e9n a otros webs a los que se puede acceder a trav\u00e9s de hiperlinks. <strong>Sinaex.eu<\/strong> no asume ninguna responsabilidad del contenido de webs a las que se puede acceder por tales enlaces (hiperlinks). <strong>Sinaex.eu<\/strong> se reserva el derecho de cambiar o enmendar la informaci\u00f3n proporcionada en cualquier momento y sin previo aviso.<\/p>\n<h3>Condiciones de uso<\/h3>\n<p>Este obra est\u00e1 bajo una <a href=\"http:\/\/creativecommons.org\/licenses\/by\/3.0\/deed.es_CO\" rel=\"license\">Licencia Creative Commons Atribuci\u00f3n 3.0 Unported<\/a>.<\/p>\n<h3>Pol\u00edtica general de privacidad<\/h3>\n<p><strong>Sinaex.eu<\/strong> como empresa sensibilizada con la protecci\u00f3n de la privacidad de las personas f\u00edsicas, informa a los usuarios de este sitio Web, a fin de \u00e9stos puedan decidir libre y voluntariamente si desean proporcionar los datos personales que se puedan solicitar, que: En cada momento que el usuario decida proporcionar datos de car\u00e1cter personal se le informar\u00e1, de modo expreso, preciso e inequ\u00edvoco de que sus datos se podr\u00e1n incorporar a un fichero; de la identidad del responsable del mismo; de las finalidades determinadas, explicitas y leg\u00edtimas para las que se recogen los datos y de la posibilidad de ejercitar sus derechos de acceso, rectificaci\u00f3n, cancelaci\u00f3n y oposici\u00f3n.<\/p>\n<p><strong>Sinaex.eu<\/strong> guardar\u00e1 secreto sobre los datos e informaciones que nos facilite no cediendo sus datos a terceros. Las p\u00e1ginas Web utilizan cookies. Las cookies son peque\u00f1os elementos de datos que un sitio Web puede enviar a su programa de navegaci\u00f3n con el objeto de reconocer a los usuarios registrados y registrar el n\u00famero de visitas. En cualquier caso siempre podr\u00e1 configurar su navegador de forma que no reciba cookies o que le avise de la recepci\u00f3n de las mismas.<\/p>\n<p>Podr\u00e1 ejercitar los derechos de acceso, rectificaci\u00f3n, cancelaci\u00f3n y oposici\u00f3n dirigi\u00e9ndose por escrito a:<\/p>\n<p><strong>SINAEX<\/strong><br \/>\n+ 34 948 046550<br \/>\n<a href=\"export@sinaex.eu\">export@sinaex.eu<\/a><\/p>\n","protected":false},"excerpt":{"rendered":"<p>La informaci\u00f3n contenida en este web es comprobada y actualizada por\u00a0Sinaex.eu de forma regular con las debidas diligencias. A pesar de ello, los datos pueden estar sujetos a cambios en cualquier momento. Por ello, Sinaex.eu no asume ninguna responsabilidad o garant\u00eda de exactitud y totalidad de informaci\u00f3n suministrada. Esto se aplica tambi\u00e9n a otros webs [&hellip;]<\/p>\n","protected":false},"author":1,"featured_media":0,"parent":0,"menu_order":0,"comment_status":"closed","ping_status":"closed","template":"","meta":{"footnotes":""},"class_list":["post-659","page","type-page","status-publish","hentry"],"_links":{"self":[{"href":"http:\/\/sinaex.eu\/fr\/wp-json\/wp\/v2\/pages\/659","targetHints":{"allow":["GET"]}}],"collection":[{"href":"http:\/\/sinaex.eu\/fr\/wp-json\/wp\/v2\/pages"}],"about":[{"href":"http:\/\/sinaex.eu\/fr\/wp-json\/wp\/v2\/types\/page"}],"author":[{"embeddable":true,"href":"http:\/\/sinaex.eu\/fr\/wp-json\/wp\/v2\/users\/1"}],"replies":[{"embeddable":true,"href":"http:\/\/sinaex.eu\/fr\/wp-json\/wp\/v2\/comments?post=659"}],"version-history":[{"count":0,"href":"http:\/\/sinaex.eu\/fr\/wp-json\/wp\/v2\/pages\/659\/revisions"}],"wp:attachment":[{"href":"http:\/\/sinaex.eu\/fr\/wp-json\/wp\/v2\/media?parent=659"}],"curies":[{"name":"wp","href":"https:\/\/api.w.org\/{rel}","templated":true}]}}