{"id":589,"date":"2016-02-29T08:24:23","date_gmt":"2016-02-29T07:24:23","guid":{"rendered":"http:\/\/sinaex.eu\/nueva\/contacto\/"},"modified":"2024-10-14T13:22:14","modified_gmt":"2024-10-14T12:22:14","slug":"contact","status":"publish","type":"page","link":"http:\/\/sinaex.eu\/fr\/contact\/","title":{"rendered":"CONTACT"},"content":{"rendered":"<p>[vc_row bg_type=\u00a0\u00bbcolor\u00a0\u00bb header_feature=\u00a0\u00bbyes\u00a0\u00bb bg_color=\u00a0\u00bb#0f0e2d\u00a0\u00bb][vc_column]<div class=\"grve-element grve-image grve-animated-item grve-fadeIn grve-full-image grve-align-center\" style=\"\" data-delay=\"200\"><a class=\"grve-image-popup\" href=\"http:\/\/sinaex.eu\/wp-content\/uploads\/2024\/10\/Mapa24-2-1920x896.png\">  <img loading=\"lazy\" decoding=\"async\" alt=\"\" src=\"http:\/\/sinaex.eu\/wp-content\/uploads\/2024\/10\/Mapa24-2.png\" width=\"2940\" height=\"1372\"><\/a><\/div>[\/vc_column][\/vc_row][vc_row footer_feature=\u00a0\u00bbyes\u00a0\u00bb padding_top=\u00a0\u00bb5%\u00a0\u00bb padding_bottom=\u00a0\u00bb12%\u00a0\u00bb][vc_column width=\u00a0\u00bb1\/6&Prime;][\/vc_column][vc_column width=\u00a0\u00bb2\/3&Prime;]<div class=\"grve-element grve-slogan grve-align-center grve-animated-item grve-fadeInUp\" style=\"\" data-delay=\"200\"><h4 class=\"grve-slogan-title grve-align-center grve-title-no-line\"><span>Sachez qui nous sommes<\/span><\/h4>  <p class=\"\">Nous vous remercions de l\u2019int\u00e9r\u00eat que vous avez port\u00e9 \u00e0 nos produits et services. Nous vous r\u00e9pondrons en moins de 48 heures. Veuillez indiquer votre num\u00e9ro de t\u00e9l\u00e9phone dans le formulaire afin de vous r\u00e9pondre dans les plus brefs d\u00e9lais. Nous aimerions savoir quels sont vos besoins plus en d\u00e9tail afin de vous offrir le meilleur service. Nous sommes \u00e0 votre disposition.<\/p><\/div>[vc_empty_space height=\u00a0\u00bb40&Prime;]<div role=\"form\" class=\"wpcf7\" id=\"wpcf7-f586-o1\" lang=\"en-US\" dir=\"ltr\">\n<div class=\"screen-reader-response\"><\/div>\n<form action=\"\/fr\/wp-json\/wp\/v2\/pages\/589#wpcf7-f586-o1\" method=\"post\" class=\"wpcf7-form\" novalidate=\"novalidate\">\n<div style=\"display: none;\">\n<input type=\"hidden\" name=\"_wpcf7\" value=\"586\" \/>\n<input type=\"hidden\" name=\"_wpcf7_version\" value=\"5.1.1\" \/>\n<input type=\"hidden\" name=\"_wpcf7_locale\" value=\"en_US\" \/>\n<input type=\"hidden\" name=\"_wpcf7_unit_tag\" value=\"wpcf7-f586-o1\" \/>\n<input type=\"hidden\" name=\"_wpcf7_container_post\" value=\"0\" \/>\n<input type=\"hidden\" name=\"g-recaptcha-response\" value=\"\" \/>\n<\/div>\n<p class=\"grve-one-half grve-with-icon\"><i class=\"fa fa-user\"><\/i><span class=\"wpcf7-form-control-wrap your-name\"><input type=\"text\" name=\"your-name\" value=\"\" size=\"40\" class=\"wpcf7-form-control wpcf7-text wpcf7-validates-as-required\" aria-required=\"true\" aria-invalid=\"false\" placeholder=\"Nom\" \/><\/span> <\/p>\n<p class=\"grve-one-half grve-last-column grve-with-icon\"><i class=\"fa fa-university \"><\/i><span class=\"wpcf7-form-control-wrap empresa\"><input type=\"text\" name=\"empresa\" value=\"\" size=\"40\" class=\"wpcf7-form-control wpcf7-text wpcf7-validates-as-required\" aria-required=\"true\" aria-invalid=\"false\" placeholder=\"Soci\u00e9t\u00e9\" \/><\/span> <\/p>\n<p class=\"grve-one-half grve-with-icon\"><i class=\"fa fa-phone\"><\/i><span class=\"wpcf7-form-control-wrap telefono\"><input type=\"tel\" name=\"telefono\" value=\"\" size=\"40\" class=\"wpcf7-form-control wpcf7-text wpcf7-tel wpcf7-validates-as-tel\" aria-invalid=\"false\" placeholder=\"T\u00e9l\u00e9phone\" \/><\/span><\/p>\n<p class=\"grve-one-half grve-last-column grve-with-icon\"><i class=\"fa fa-envelope\"><\/i><span class=\"wpcf7-form-control-wrap your-email\"><input type=\"email\" name=\"your-email\" value=\"\" size=\"40\" class=\"wpcf7-form-control wpcf7-text wpcf7-email wpcf7-validates-as-required wpcf7-validates-as-email\" aria-required=\"true\" aria-invalid=\"false\" placeholder=\"Courrier \u00e9lectronique\" \/><\/span> <\/p>\n<p><span class=\"wpcf7-form-control-wrap your-message\"><textarea name=\"your-message\" cols=\"40\" rows=\"10\" class=\"wpcf7-form-control wpcf7-textarea\" aria-invalid=\"false\" placeholder=\"Message\"><\/textarea><\/span> <\/p>\n<p><span class=\"wpcf7-form-control-wrap acceptance-602\"><span class=\"wpcf7-form-control wpcf7-acceptance\"><span class=\"wpcf7-list-item\"><label><input type=\"checkbox\" name=\"acceptance-602\" value=\"1\" aria-invalid=\"false\" \/><span class=\"wpcf7-list-item-label\">Acepto la <a href=\"\/aviso-e-infomacion-legales\/\" title=\"Aviso legal\" target=\"_blank\">Pol\u00edtica general de privacidad<\/a><\/span><\/label><\/span><\/span><\/span><\/p>\n<p class=\"grve-align-center\"><input type=\"submit\" value=\"Envoyer\" class=\"wpcf7-form-control wpcf7-submit\" \/><\/p>\n<div class=\"wpcf7-response-output wpcf7-display-none\"><\/div><\/form><\/div>[\/vc_column][vc_column width=\u00a0\u00bb1\/6&Prime;][\/vc_column][\/vc_row]<\/p>\n","protected":false},"excerpt":{"rendered":"<p>[vc_row bg_type=\u00a0\u00bbcolor\u00a0\u00bb header_feature=\u00a0\u00bbyes\u00a0\u00bb bg_color=\u00a0\u00bb#0f0e2d\u00a0\u00bb][vc_column][\/vc_column][\/vc_row][vc_row footer_feature=\u00a0\u00bbyes\u00a0\u00bb padding_top=\u00a0\u00bb5%\u00a0\u00bb padding_bottom=\u00a0\u00bb12%\u00a0\u00bb][vc_column width=\u00a0\u00bb1\/6&Prime;][\/vc_column][vc_column width=\u00a0\u00bb2\/3&Prime;][vc_empty_space height=\u00a0\u00bb40&Prime;][\/vc_column][vc_column width=\u00a0\u00bb1\/6&Prime;][\/vc_column][\/vc_row]<\/p>\n","protected":false},"author":1,"featured_media":0,"parent":0,"menu_order":0,"comment_status":"closed","ping_status":"closed","template":"","meta":{"footnotes":""},"class_list":["post-589","page","type-page","status-publish","hentry"],"_links":{"self":[{"href":"http:\/\/sinaex.eu\/fr\/wp-json\/wp\/v2\/pages\/589","targetHints":{"allow":["GET"]}}],"collection":[{"href":"http:\/\/sinaex.eu\/fr\/wp-json\/wp\/v2\/pages"}],"about":[{"href":"http:\/\/sinaex.eu\/fr\/wp-json\/wp\/v2\/types\/page"}],"author":[{"embeddable":true,"href":"http:\/\/sinaex.eu\/fr\/wp-json\/wp\/v2\/users\/1"}],"replies":[{"embeddable":true,"href":"http:\/\/sinaex.eu\/fr\/wp-json\/wp\/v2\/comments?post=589"}],"version-history":[{"count":3,"href":"http:\/\/sinaex.eu\/fr\/wp-json\/wp\/v2\/pages\/589\/revisions"}],"predecessor-version":[{"id":905,"href":"http:\/\/sinaex.eu\/fr\/wp-json\/wp\/v2\/pages\/589\/revisions\/905"}],"wp:attachment":[{"href":"http:\/\/sinaex.eu\/fr\/wp-json\/wp\/v2\/media?parent=589"}],"curies":[{"name":"wp","href":"https:\/\/api.w.org\/{rel}","templated":true}]}}