{"id":541,"date":"2016-02-29T14:03:50","date_gmt":"2016-02-29T13:03:50","guid":{"rendered":"http:\/\/sinaex.eu\/nueva\/eventos\/"},"modified":"2017-02-18T15:02:49","modified_gmt":"2017-02-18T14:02:49","slug":"manifestations","status":"publish","type":"page","link":"http:\/\/sinaex.eu\/fr\/manifestations\/","title":{"rendered":"MANIFESTATIONS"},"content":{"rendered":"<p>[vc_row bg_type=\u00a0\u00bbcolor\u00a0\u00bb header_feature=\u00a0\u00bbyes\u00a0\u00bb bg_color=\u00a0\u00bb#f2f2f2&Prime; padding_top=\u00a0\u00bb40px\u00a0\u00bb padding_bottom=\u00a0\u00bb40px\u00a0\u00bb margin_bottom=\u00a0\u00bb60px\u00a0\u00bb][vc_column][vc_column_text animation=\u00a0\u00bbfadeInUp\u00a0\u00bb]<\/p>\n<p style=\"text-align: center;\">Dans cette section nous allons vous raconter comment nous parcourons le monde en qu\u00eate des derni\u00e8res nouveaut\u00e9s. Nous assistons \u00e0 des manifestations, des journ\u00e9es, des foires,&#8230; nous partageons notre exp\u00e9rience avec des professionnels du secteur et nous sommes ouverts \u00e0 de nouvelles solutions qui peuvent \u00eatre utiles pour optimiser ces processus d\u2019usinage.<\/p>\n<h4 style=\"text-align: center;\">Parce que nos clients m\u00e9ritent la meilleure solution.<\/h4>\n<p>[\/vc_column_text][\/vc_column][\/vc_row][vc_row][vc_column width=\u00a0\u00bb2\/3&Prime;]\t\t<div class=\"grve-element grve-blog grve-small-media grve-non-isotope\" style=\"\" >\r\n\t\t\t<div class=\"grve-standard-container\">\r\n\t\t\t<article id=\"post-803\" class=\"grve-blog-item grve-small-post grve-non-isotope-item post-803 post type-post status-publish format-standard hentry category-non-classifiee\" itemscope itemType=\"http:\/\/schema.org\/BlogPosting\">\r\n\t\t\t\t\t\t\t\t\t\t<meta itemprop=\"image\" content=\"http:\/\/sinaex.eu\/wp-content\/plugins\/grve-osmosis-vc-extension\/assets\/images\/empty\/thumbnail.jpg\"\/>\r\n\r\n\t\t\t\t\t\t\t\t\t\t\t<div class=\"grve-post-content\">\r\n\t\t\t\t\t\t\t<a href=\"http:\/\/sinaex.eu\/fr\/2017\/04\/24\/sinaex-visits-the-hannover-messe\/\" rel=\"bookmark\"><h4 class=\"grve-post-title\" itemprop=\"name headline\">SINAEX visits the Hannover Messe<\/h4><\/a>\t\t\t\t\t\t\t<div class=\"grve-post-meta\">\r\n\t\t\t\t\t\t\t\t\t<time class=\"grve-post-date\" itemprop=\"datePublished\" datetime=\"2017-04-24T10:54:01+01:00\">\r\n\t\t24 avril, 2017\t<\/time>\r\n\t<div class=\"grve-post-comments grve-small-text\">\r\n\t\t<span class=\"grve-icon-comment\"><\/span> 0\t<\/div>\r\n\t\t<div class=\"grve-like-counter\"><span class=\"grve-icon-heart\"><\/span>0<\/div>\n\t\t\t\t\t\t\t<\/div>\r\n\t\t\t\t\t\t\t<div itemprop=\"articleBody\"><p><\/p><a class=\"grve-read-more\" href=\"http:\/\/sinaex.eu\/fr\/2017\/04\/24\/sinaex-visits-the-hannover-messe\/\"><span>lire plus<\/span><\/a><\/div>\t\t\t\t\t\t<\/div>\r\n\t\t\t\t\t\r\n\t\t\t\t\t\t\t<\/article>\r\n\r\n\t\t\t<article id=\"post-741\" class=\"grve-blog-item grve-small-post grve-non-isotope-item post-741 post type-post status-publish format-standard hentry category-non-classifiee\" itemscope itemType=\"http:\/\/schema.org\/BlogPosting\">\r\n\t\t\t\t\t\t\t\t\t\t<meta itemprop=\"image\" content=\"http:\/\/sinaex.eu\/wp-content\/plugins\/grve-osmosis-vc-extension\/assets\/images\/empty\/thumbnail.jpg\"\/>\r\n\r\n\t\t\t\t\t\t\t\t\t\t\t<div class=\"grve-post-content\">\r\n\t\t\t\t\t\t\t<a href=\"http:\/\/sinaex.eu\/fr\/2017\/03\/16\/sinaex-conquista-feria-midest-paris\/\" rel=\"bookmark\"><h4 class=\"grve-post-title\" itemprop=\"name headline\">&lsquo;Sinaex Group\u2019 conquista la Feria Midest de Par\u00eds<\/h4><\/a>\t\t\t\t\t\t\t<div class=\"grve-post-meta\">\r\n\t\t\t\t\t\t\t\t\t<time class=\"grve-post-date\" itemprop=\"datePublished\" datetime=\"2017-03-16T12:50:10+01:00\">\r\n\t\t16 mars, 2017\t<\/time>\r\n\t<div class=\"grve-post-comments grve-small-text\">\r\n\t\t<span class=\"grve-icon-comment\"><\/span> 0\t<\/div>\r\n\t\t<div class=\"grve-like-counter\"><span class=\"grve-icon-heart\"><\/span>0<\/div>\n\t\t\t\t\t\t\t<\/div>\r\n\t\t\t\t\t\t\t<div itemprop=\"articleBody\"><p>Sinaex Group, se ha convertido en la \u00fanica entidad de origen &lsquo;no franc\u00e9s&rsquo; que se alza con uno de los premios de la Feria Midest, de Par\u00eds, la cita m\u00e1s importante para el sector de la subcontrataci\u00f3n industrial en Europa celebrada estos \u00faltimos d\u00edas en la capital gala. Alcanzar este hito ha supuesto para nuestro\u2026<\/p><a class=\"grve-read-more\" href=\"http:\/\/sinaex.eu\/fr\/2017\/03\/16\/sinaex-conquista-feria-midest-paris\/\"><span>lire plus<\/span><\/a><\/div>\t\t\t\t\t\t<\/div>\r\n\t\t\t\t\t\r\n\t\t\t\t\t\t\t<\/article>\r\n\r\n\t\t\t<article id=\"post-681\" class=\"grve-blog-item grve-small-post grve-non-isotope-item post-681 post type-post status-publish format-standard has-post-thumbnail hentry category-non-classifiee\" itemscope itemType=\"http:\/\/schema.org\/BlogPosting\">\r\n\t\t\t\t\t\t\t\t\t\t<meta itemprop=\"image\" content=\"http:\/\/sinaex.eu\/wp-content\/uploads\/2017\/02\/Trophees-de-la-sous-traitance-industrielle-nomine.png\"\/>\r\n\t\t<div class=\"grve-media grve-image-hover\">\r\n\t\t\t<a href=\"http:\/\/sinaex.eu\/fr\/2016\/12\/01\/sinaex-sera-present-a-la-foire-de-midest-de-paris-qui-se-tiendra-entre-le-6-et-le-9-decembre\/\"><img loading=\"lazy\" decoding=\"async\" width=\"560\" height=\"284\" src=\"http:\/\/sinaex.eu\/wp-content\/uploads\/2017\/02\/Trophees-de-la-sous-traitance-industrielle-nomine-560x284.png\" class=\"attachment-grve-image-small-rect-horizontal size-grve-image-small-rect-horizontal wp-post-image\" alt=\"\" itemprop=\"image\" \/><\/a>\r\n\t\t<\/div>\r\n\r\n\t\t\t\t\t\t\t\t\t\t\t<div class=\"grve-post-content\">\r\n\t\t\t\t\t\t\t<a href=\"http:\/\/sinaex.eu\/fr\/2016\/12\/01\/sinaex-sera-present-a-la-foire-de-midest-de-paris-qui-se-tiendra-entre-le-6-et-le-9-decembre\/\" rel=\"bookmark\"><h4 class=\"grve-post-title\" itemprop=\"name headline\">SINAEX sera pr\u00e9sent \u00e0 la foire de Midest de Paris qui se tiendra entre le 6 et le 9 d\u00e9cembre<\/h4><\/a>\t\t\t\t\t\t\t<div class=\"grve-post-meta\">\r\n\t\t\t\t\t\t\t\t\t<time class=\"grve-post-date\" itemprop=\"datePublished\" datetime=\"2016-12-01T09:54:48+01:00\">\r\n\t\t1 d\u00e9cembre, 2016\t<\/time>\r\n\t<div class=\"grve-post-comments grve-small-text\">\r\n\t\t<span class=\"grve-icon-comment\"><\/span> 0\t<\/div>\r\n\t\t<div class=\"grve-like-counter\"><span class=\"grve-icon-heart\"><\/span>0<\/div>\n\t\t\t\t\t\t\t<\/div>\r\n\t\t\t\t\t\t\t<div itemprop=\"articleBody\"><p>MIDEST est l\u2019une des premi\u00e8res foires de sous-traitance \u00e0 l\u2019\u00e9chelle mondiale et la plus importante de France, pays de l\u2019Union Europ\u00e9enne qui dispose, avec l\u2019Allemagne, du march\u00e9 le plus actif en sous-traitance industrielle. Cette rencontre peut \u00eatre la cl\u00e9 pour introduire ou consolider la pr\u00e9sence des soci\u00e9t\u00e9s espagnoles, non seulement en France, premier march\u00e9 international\u2026<\/p><a class=\"grve-read-more\" href=\"http:\/\/sinaex.eu\/fr\/2016\/12\/01\/sinaex-sera-present-a-la-foire-de-midest-de-paris-qui-se-tiendra-entre-le-6-et-le-9-decembre\/\"><span>lire plus<\/span><\/a><\/div>\t\t\t\t\t\t<\/div>\r\n\t\t\t\t\t\r\n\t\t\t\t\t\t\t<\/article>\r\n\r\n\t\t\t<article id=\"post-691\" class=\"grve-blog-item grve-small-post grve-non-isotope-item post-691 post type-post status-publish format-standard has-post-thumbnail hentry category-non-classifiee\" itemscope itemType=\"http:\/\/schema.org\/BlogPosting\">\r\n\t\t\t\t\t\t\t\t\t\t<meta itemprop=\"image\" content=\"http:\/\/sinaex.eu\/wp-content\/uploads\/2016\/11\/swiss-tech-16.png\"\/>\r\n\t\t<div class=\"grve-media grve-image-hover\">\r\n\t\t\t<a href=\"http:\/\/sinaex.eu\/fr\/2016\/11\/01\/nous-avons-visite-la-foire-swisstech-a-basilee-lune-des-plus-influentes-de-lindustrie-de-la-sous-traitance-globale-date-du-15-au-18-novembre-2016\/\"><img loading=\"lazy\" decoding=\"async\" width=\"560\" height=\"284\" src=\"http:\/\/sinaex.eu\/wp-content\/uploads\/2016\/11\/swiss-tech-16-560x284.png\" class=\"attachment-grve-image-small-rect-horizontal size-grve-image-small-rect-horizontal wp-post-image\" alt=\"\" itemprop=\"image\" \/><\/a>\r\n\t\t<\/div>\r\n\r\n\t\t\t\t\t\t\t\t\t\t\t<div class=\"grve-post-content\">\r\n\t\t\t\t\t\t\t<a href=\"http:\/\/sinaex.eu\/fr\/2016\/11\/01\/nous-avons-visite-la-foire-swisstech-a-basilee-lune-des-plus-influentes-de-lindustrie-de-la-sous-traitance-globale-date-du-15-au-18-novembre-2016\/\" rel=\"bookmark\"><h4 class=\"grve-post-title\" itemprop=\"name headline\">Nous avons visit\u00e9 la Foire Swisstech \u00e0 Basil\u00e9e, l\u2019une des plus influentes de l\u2019industrie de la sous-traitance globale.  Date : du 15 au 18 novembre 2016<\/h4><\/a>\t\t\t\t\t\t\t<div class=\"grve-post-meta\">\r\n\t\t\t\t\t\t\t\t\t<time class=\"grve-post-date\" itemprop=\"datePublished\" datetime=\"2016-11-01T07:49:58+01:00\">\r\n\t\t1 novembre, 2016\t<\/time>\r\n\t<div class=\"grve-post-comments grve-small-text\">\r\n\t\t<span class=\"grve-icon-comment\"><\/span> 0\t<\/div>\r\n\t\t<div class=\"grve-like-counter\"><span class=\"grve-icon-heart\"><\/span>0<\/div>\n\t\t\t\t\t\t\t<\/div>\r\n\t\t\t\t\t\t\t<div itemprop=\"articleBody\"><p>Au mois de novembre dernier SINAEX s\u2019est d\u00e9plac\u00e9 \u00e0 la foire SWISSTECH afin de conna\u00eetre, de premi\u00e8re main, le lieu de rencontre central pour l\u2019industrie et les acheteurs professionnels techniques. Il s&rsquo;agit de l\u2019une des principales manifestations de fournitures d\u2019Europe qui sert de plateforme compacte de solutions uniques des m\u00e9taux et des industries du plastique.<\/p><a class=\"grve-read-more\" href=\"http:\/\/sinaex.eu\/fr\/2016\/11\/01\/nous-avons-visite-la-foire-swisstech-a-basilee-lune-des-plus-influentes-de-lindustrie-de-la-sous-traitance-globale-date-du-15-au-18-novembre-2016\/\"><span>lire plus<\/span><\/a><\/div>\t\t\t\t\t\t<\/div>\r\n\t\t\t\t\t\r\n\t\t\t\t\t\t\t<\/article>\r\n\r\n\t\t\t<article id=\"post-700\" class=\"grve-blog-item grve-small-post grve-non-isotope-item post-700 post type-post status-publish format-standard has-post-thumbnail hentry category-non-classifiee\" itemscope itemType=\"http:\/\/schema.org\/BlogPosting\">\r\n\t\t\t\t\t\t\t\t\t\t<meta itemprop=\"image\" content=\"http:\/\/sinaex.eu\/wp-content\/uploads\/2017\/02\/esef-2016.png\"\/>\r\n\t\t<div class=\"grve-media grve-image-hover\">\r\n\t\t\t<a href=\"http:\/\/sinaex.eu\/fr\/2016\/03\/01\/en-hollande-nous-avons-assiste-a-la-foire-esef-2016-referent-europeen-de-la-sous-traitance-les-fournitures-et-lingenierie\/\"><img loading=\"lazy\" decoding=\"async\" width=\"560\" height=\"284\" src=\"http:\/\/sinaex.eu\/wp-content\/uploads\/2017\/02\/esef-2016-560x284.png\" class=\"attachment-grve-image-small-rect-horizontal size-grve-image-small-rect-horizontal wp-post-image\" alt=\"\" itemprop=\"image\" \/><\/a>\r\n\t\t<\/div>\r\n\r\n\t\t\t\t\t\t\t\t\t\t\t<div class=\"grve-post-content\">\r\n\t\t\t\t\t\t\t<a href=\"http:\/\/sinaex.eu\/fr\/2016\/03\/01\/en-hollande-nous-avons-assiste-a-la-foire-esef-2016-referent-europeen-de-la-sous-traitance-les-fournitures-et-lingenierie\/\" rel=\"bookmark\"><h4 class=\"grve-post-title\" itemprop=\"name headline\">En Hollande, nous avons assist\u00e9 \u00e0 la foire ESEF 2016, r\u00e9f\u00e9rent europ\u00e9en de la sous-traitance, les fournitures et l\u2019ing\u00e9nierie.<\/h4><\/a>\t\t\t\t\t\t\t<div class=\"grve-post-meta\">\r\n\t\t\t\t\t\t\t\t\t<time class=\"grve-post-date\" itemprop=\"datePublished\" datetime=\"2016-03-01T15:34:18+01:00\">\r\n\t\t1 mars, 2016\t<\/time>\r\n\t<div class=\"grve-post-comments grve-small-text\">\r\n\t\t<span class=\"grve-icon-comment\"><\/span> 0\t<\/div>\r\n\t\t<div class=\"grve-like-counter\"><span class=\"grve-icon-heart\"><\/span>0<\/div>\n\t\t\t\t\t\t\t<\/div>\r\n\t\t\t\t\t\t\t<div itemprop=\"articleBody\"><p>Dates : du 15 au 18 mars 2016 Comme nous ne pouvons pas tenir en place et que nous voulons \u00eatre au courant des nouvelles tendances europ\u00e9ennes, au printemps dernier, nous avons d\u00e9cid\u00e9 de nous rendre en Hollande concr\u00e8tement \u00e0 Utrech, pour assister \u00e0 la Foire ESEF, la plus grande du Benelux, dans le domaine\u2026<\/p><a class=\"grve-read-more\" href=\"http:\/\/sinaex.eu\/fr\/2016\/03\/01\/en-hollande-nous-avons-assiste-a-la-foire-esef-2016-referent-europeen-de-la-sous-traitance-les-fournitures-et-lingenierie\/\"><span>lire plus<\/span><\/a><\/div>\t\t\t\t\t\t<\/div>\r\n\t\t\t\t\t\r\n\t\t\t\t\t\t\t<\/article>\r\n\r\n\t\t\t<\/div>\r\n\t\t<\/div>\r\n[\/vc_column][vc_column width=\u00a0\u00bb1\/3&Prime;][vc_widget_sidebar sidebar_id=\u00a0\u00bbgrve-default-sidebar\u00a0\u00bb][\/vc_column][\/vc_row]<\/p>\n","protected":false},"excerpt":{"rendered":"<p>[vc_row bg_type=\u00a0\u00bbcolor\u00a0\u00bb header_feature=\u00a0\u00bbyes\u00a0\u00bb bg_color=\u00a0\u00bb#f2f2f2&Prime; padding_top=\u00a0\u00bb40px\u00a0\u00bb padding_bottom=\u00a0\u00bb40px\u00a0\u00bb margin_bottom=\u00a0\u00bb60px\u00a0\u00bb][vc_column][vc_column_text animation=\u00a0\u00bbfadeInUp\u00a0\u00bb] Dans cette section nous allons vous raconter comment nous parcourons le monde en qu\u00eate des derni\u00e8res nouveaut\u00e9s. Nous assistons \u00e0 des manifestations, des journ\u00e9es, des foires,&#8230; nous partageons notre exp\u00e9rience avec des professionnels du secteur et nous sommes ouverts \u00e0 de nouvelles solutions qui peuvent \u00eatre utiles [&hellip;]<\/p>\n","protected":false},"author":1,"featured_media":0,"parent":0,"menu_order":0,"comment_status":"closed","ping_status":"closed","template":"","meta":{"footnotes":""},"class_list":["post-541","page","type-page","status-publish","hentry"],"_links":{"self":[{"href":"http:\/\/sinaex.eu\/fr\/wp-json\/wp\/v2\/pages\/541","targetHints":{"allow":["GET"]}}],"collection":[{"href":"http:\/\/sinaex.eu\/fr\/wp-json\/wp\/v2\/pages"}],"about":[{"href":"http:\/\/sinaex.eu\/fr\/wp-json\/wp\/v2\/types\/page"}],"author":[{"embeddable":true,"href":"http:\/\/sinaex.eu\/fr\/wp-json\/wp\/v2\/users\/1"}],"replies":[{"embeddable":true,"href":"http:\/\/sinaex.eu\/fr\/wp-json\/wp\/v2\/comments?post=541"}],"version-history":[{"count":9,"href":"http:\/\/sinaex.eu\/fr\/wp-json\/wp\/v2\/pages\/541\/revisions"}],"predecessor-version":[{"id":650,"href":"http:\/\/sinaex.eu\/fr\/wp-json\/wp\/v2\/pages\/541\/revisions\/650"}],"wp:attachment":[{"href":"http:\/\/sinaex.eu\/fr\/wp-json\/wp\/v2\/media?parent=541"}],"curies":[{"name":"wp","href":"https:\/\/api.w.org\/{rel}","templated":true}]}}