{"id":529,"date":"2017-02-01T09:54:48","date_gmt":"2017-02-01T08:54:48","guid":{"rendered":"http:\/\/sinaex.eu\/nueva\/garantia\/"},"modified":"2024-10-29T17:38:20","modified_gmt":"2024-10-29T16:38:20","slug":"garantie","status":"publish","type":"page","link":"http:\/\/sinaex.eu\/fr\/garantie\/","title":{"rendered":"GARANTIE"},"content":{"rendered":"<p>[vc_row][vc_column]<div class=\"grve-element grve-image-text\" style=\"\">  <div class=\"grve-content grve-align-right\">    <h4>QUALIT\u00c9<\/h4>  <p>Notre groupement de soci\u00e9t\u00e9s a mis\u00e9, depuis le d\u00e9but, sur la qualit\u00e9, ce qui se traduit actuellement par un syst\u00e8me int\u00e9gr\u00e9 qui repr\u00e9sente un engagement constant envers nos clients.<\/p>\n<p>Nous r\u00e9alisons un effort important en mati\u00e8re de qualit\u00e9 \u00e0 travers l\u2019optimisation des processus productifs et nous misons sur l\u2019implantation de l\u2019am\u00e9lioration continue. C\u2019est la raison pour laquelle nous disposons des homologations requises par les clients. Comme : ISO 9001:2008<\/p>  <\/div><div class=\"grve-image\">  <img loading=\"lazy\" decoding=\"async\" alt=\"\" src=\"http:\/\/sinaex.eu\/wp-content\/uploads\/2017\/02\/ISO-9001-2008.png\" width=\"800\" height=\"800\"><\/div><\/div>[\/vc_column][\/vc_row][vc_row bg_type=\u00a0\u00bbcolor\u00a0\u00bb bg_color=\u00a0\u00bb#f2f2f2&Prime; padding_top=\u00a0\u00bb10%\u00a0\u00bb padding_bottom=\u00a0\u00bb10%\u00a0\u00bb][vc_column]<div class=\"grve-element grve-image-text\" style=\"\"><div class=\"grve-image\">  <img loading=\"lazy\" decoding=\"async\" alt=\"\" src=\"http:\/\/sinaex.eu\/wp-content\/uploads\/2024\/10\/Logo-PIN_A-cast-ingles.jpg\" width=\"1853\" height=\"523\"><\/div>  <div class=\"grve-content grve-align-left\">    <h4>SOUTIEN INSTITUTIONNEL<\/h4>  <p>Des institutions comme le Gouvernement de Navarre \u00e0 travers le Plan d&rsquo;Internationalisation de Navarre (PIN) et le Fonds Europ\u00e9en de D\u00e9veloppement R\u00e9gional (FEDER) ont soutenu notre projet \u00e0 travers des aides r\u00e9gionales et nationales qui nous ont permis d\u2019\u00eatre pr\u00e9sents sur des nouveaux march\u00e9s internationaux.<\/p>  <\/div><\/div>[\/vc_column][\/vc_row][vc_row][vc_column]<div class=\"grve-element grve-image-text\" style=\"\">  <div class=\"grve-content grve-align-right\">    <h4>RESPONSABILIT\u00c9 SOCIALE CORPORATIVE<\/h4>  <p>Cet effort pour parvenir \u00e0 l\u2019am\u00e9lioration constante s\u2019est traduit par la reconnaissance de certifications qui garantissent notre qualit\u00e9 dans des domaines aussi diff\u00e9rents que la qualit\u00e9 ou la responsabilit\u00e9 sociale entrepreneuriale. C\u2019est ainsi que l\u2019entreprise ENPA a re\u00e7u, en d\u00e9cembre 2015, la v\u00e9rification du m\u00e9moire de durabilit\u00e9 InnovaRSE de la part du Gouvernement de Navarre, en raison du respect des indicateurs \u00e9conomiques, environnementaux et sociaux exig\u00e9s par l\u2019institution. <\/p>  <\/div><div class=\"grve-image\">  <img loading=\"lazy\" decoding=\"async\" alt=\"\" src=\"http:\/\/sinaex.eu\/wp-content\/uploads\/2017\/02\/innovarse-2015.png\" width=\"800\" height=\"800\"><\/div><\/div>[\/vc_column][\/vc_row]<\/p>\n","protected":false},"excerpt":{"rendered":"<p>[vc_row][vc_column][\/vc_column][\/vc_row][vc_row bg_type=\u00a0\u00bbcolor\u00a0\u00bb bg_color=\u00a0\u00bb#f2f2f2&Prime; padding_top=\u00a0\u00bb10%\u00a0\u00bb padding_bottom=\u00a0\u00bb10%\u00a0\u00bb][vc_column][\/vc_column][\/vc_row][vc_row][vc_column][\/vc_column][\/vc_row]<\/p>\n","protected":false},"author":1,"featured_media":0,"parent":0,"menu_order":0,"comment_status":"closed","ping_status":"closed","template":"","meta":{"footnotes":""},"class_list":["post-529","page","type-page","status-publish","hentry"],"_links":{"self":[{"href":"http:\/\/sinaex.eu\/fr\/wp-json\/wp\/v2\/pages\/529","targetHints":{"allow":["GET"]}}],"collection":[{"href":"http:\/\/sinaex.eu\/fr\/wp-json\/wp\/v2\/pages"}],"about":[{"href":"http:\/\/sinaex.eu\/fr\/wp-json\/wp\/v2\/types\/page"}],"author":[{"embeddable":true,"href":"http:\/\/sinaex.eu\/fr\/wp-json\/wp\/v2\/users\/1"}],"replies":[{"embeddable":true,"href":"http:\/\/sinaex.eu\/fr\/wp-json\/wp\/v2\/comments?post=529"}],"version-history":[{"count":4,"href":"http:\/\/sinaex.eu\/fr\/wp-json\/wp\/v2\/pages\/529\/revisions"}],"predecessor-version":[{"id":935,"href":"http:\/\/sinaex.eu\/fr\/wp-json\/wp\/v2\/pages\/529\/revisions\/935"}],"wp:attachment":[{"href":"http:\/\/sinaex.eu\/fr\/wp-json\/wp\/v2\/media?parent=529"}],"curies":[{"name":"wp","href":"https:\/\/api.w.org\/{rel}","templated":true}]}}