{"id":464,"date":"2016-02-29T14:04:02","date_gmt":"2016-02-29T13:04:02","guid":{"rendered":"http:\/\/sinaex.eu\/nueva\/productos-maquinaria-aplicaciones\/"},"modified":"2024-10-29T17:28:36","modified_gmt":"2024-10-29T16:28:36","slug":"produits-machines-applications","status":"publish","type":"page","link":"http:\/\/sinaex.eu\/fr\/produits-machines-applications\/","title":{"rendered":"PRODUITS"},"content":{"rendered":"<p>[vc_row middle_content=\u00a0\u00bbyes\u00a0\u00bb bg_type=\u00a0\u00bbcolor\u00a0\u00bb header_feature=\u00a0\u00bbyes\u00a0\u00bb padding_top=\u00a0\u00bb12%\u00a0\u00bb padding_bottom=\u00a0\u00bb12%\u00a0\u00bb margin_bottom=\u00a0\u00bb0&Prime; bg_color=\u00a0\u00bb#f2f2f2&Prime;][vc_column width=\u00a0\u00bb1\/2&Prime;]<h2 class=\"grve-element grve-align-left grve-title-line grve-animated-item grve-fadeInLeft\" style=\"\" data-delay=\"200\"><span>PRODUITS<\/span><\/h2>[vc_column_text animation=\u00a0\u00bbfadeInUp\u00a0\u00bb animation_delay=\u00a0\u00bb400&Prime;]<\/p>\n<blockquote><p><em>\u00ab\u00a0Nous produisons des pi\u00e8ces d\u2019usinage les plus simples jusqu\u2019\u00e0 celles qui pr\u00e9sentent la plus haute difficult\u00e9 et demandent une pr\u00e9cision maximale.<\/em><\/p><\/blockquote>\n<p>[\/vc_column_text][vc_column_text text_style=\u00a0\u00bbleader-text\u00a0\u00bb animation=\u00a0\u00bbfadeInUp\u00a0\u00bb]<strong>Chez SINAEX, nous fabriquons un large \u00e9ventail de pi\u00e8ces, avec une grande diversit\u00e9 de tailles, de mat\u00e9riaux, de poids et de s\u00e9ries, en nous adaptant aux besoins de nos clients.<\/strong><\/p>\n<p>Nous disposons d\u2019un service de production, dot\u00e9 de machines sp\u00e9cialis\u00e9es nous permettant d\u2019appliquer des techniques d\u2019usinage en organisant rationnellement le processus de travail, afin de parvenir \u00e0 une augmentation, aussi bien de la productivit\u00e9 que de la flexibilit\u00e9 de la production. Nous obtenons ainsi un haut degr\u00e9 de qualit\u00e9, ainsi qu\u2019un d\u00e9lai de livraison tr\u00e8s rapide.[\/vc_column_text][\/vc_column][vc_column width=\u00a0\u00bb1\/2&Prime;]<div class=\"grve-element grve-image grve-animated-item grve-fadeInRight grve-full-image grve-align-center\" style=\"\" data-delay=\"600\">  <img loading=\"lazy\" decoding=\"async\" alt=\"\" src=\"http:\/\/sinaex.eu\/wp-content\/uploads\/2016\/02\/sinaex9.jpg\" width=\"800\" height=\"800\"><\/div>[\/vc_column][\/vc_row][vc_row heading_color=\u00a0\u00bblight\u00a0\u00bb middle_content=\u00a0\u00bbyes\u00a0\u00bb bg_type=\u00a0\u00bbcolor\u00a0\u00bb font_color=\u00a0\u00bb#ffffff\u00a0\u00bb bg_color=\u00a0\u00bb#00a09a\u00a0\u00bb padding_top=\u00a0\u00bb40&Prime; padding_bottom=\u00a0\u00bb40&Prime;][vc_column]<div class=\"grve-element grve-callout grve-animated-item grve-fadeInLeft grve-btn-right\" style=\"\">  <div class=\"grve-callout-wrapper\"><h2 class=\"grve-callout-content\"><span>CONTACT<\/span><\/h2>    <p class=\"grve-leader-text\">Voulez-vous nous conna\u00eetre?<\/p>  <\/div>  <div class=\"grve-button-wrapper\"><a class=\"grve-btn grve-btn-large grve-extra-round grve-white-color\" href=\"\/fr\/contact\/\" target=\"_self\" style=\"\"><span>&gt;<\/span><\/a>  <\/div><\/div>[\/vc_column][\/vc_row][vc_row heading_color=\u00a0\u00bbdark\u00a0\u00bb padding_top=\u00a0\u00bb5%\u00a0\u00bb padding_bottom=\u00a0\u00bb12%\u00a0\u00bb margin_bottom=\u00a0\u00bb0&Prime;][vc_column]<div class=\"grve-element grve-slogan grve-align-center\" style=\"\"><h4 class=\"grve-slogan-title grve-align-center grve-title-no-line\"><span>LISTE DES PRODUITS<\/span><\/h4>  <p class=\"\"><\/p><\/div><div class=\"grve-element grve-hr grve-line-divider\" style=\"padding-top: 5px;padding-bottom: 5px;\"><\/div>[vc_empty_space height=\u00a0\u00bb40&Prime;][vc_row_inner css=\u00a0\u00bb.vc_custom_1549708555553{margin-top: 40px !important;}\u00a0\u00bb][vc_column_inner width=\u00a0\u00bb1\/3&Prime;][vc_single_image image=\u00a0\u00bb829&Prime; img_size=\u00a0\u00bbfull\u00a0\u00bb][\/vc_column_inner][vc_column_inner width=\u00a0\u00bb2\/3&Prime;][vc_column_text]<\/p>\n<h5>Engrenages ext\u00e9rieurs, int\u00e9rieurs, droits, h\u00e9lico\u00efdaux et en Chevron.<\/h5>\n<p>[\/vc_column_text][vc_separator color=\u00a0\u00bbturquoise\u00a0\u00bb align=\u00a0\u00bbalign_left\u00a0\u00bb css=\u00a0\u00bb.vc_custom_1549708794736{margin-top: 0px !important;margin-bottom: 10px !important;}\u00a0\u00bb][vc_column_text css=\u00a0\u00bb.vc_custom_1549711862987{margin-bottom: 0px !important;}\u00a0\u00bb]Diam\u00e8tres compris entre 5 et 1 000 mm.[\/vc_column_text][vc_separator css=\u00a0\u00bb.vc_custom_1549708827493{margin-top: 0px !important;margin-bottom: 5px !important;}\u00a0\u00bb][vc_column_text css=\u00a0\u00bb.vc_custom_1549711870744{margin-top: 0px !important;margin-bottom: 0px !important;}\u00a0\u00bb]Modules compris entre 0,5 et 25.[\/vc_column_text][vc_separator css=\u00a0\u00bb.vc_custom_1549708827493{margin-top: 0px !important;margin-bottom: 5px !important;}\u00a0\u00bb][vc_column_text css=\u00a0\u00bb.vc_custom_1549711881279{margin-top: 0px !important;margin-bottom: 0px !important;}\u00a0\u00bb]Pas diam\u00e9tral compris entre 50 et 1.[\/vc_column_text][vc_separator css=\u00a0\u00bb.vc_custom_1549708827493{margin-top: 0px !important;margin-bottom: 5px !important;}\u00a0\u00bb][vc_column_text css=\u00a0\u00bb.vc_custom_1549711890248{margin-top: 0px !important;margin-bottom: 0px !important;}\u00a0\u00bb]Longueurs de taillage comprises entre 0 et 400 mm.[\/vc_column_text][vc_separator css=\u00a0\u00bb.vc_custom_1549708827493{margin-top: 0px !important;margin-bottom: 5px !important;}\u00a0\u00bb][vc_column_text css=\u00a0\u00bb.vc_custom_1549711904012{margin-top: 0px !important;margin-bottom: 0px !important;}\u00a0\u00bb]Taillage de dentures bomb\u00e9es.[\/vc_column_text][vc_separator css=\u00a0\u00bb.vc_custom_1549708827493{margin-top: 0px !important;margin-bottom: 5px !important;}\u00a0\u00bb][\/vc_column_inner][\/vc_row_inner][vc_row_inner css=\u00a0\u00bb.vc_custom_1549708555553{margin-top: 40px !important;}\u00a0\u00bb][vc_column_inner width=\u00a0\u00bb2\/3&Prime;][vc_column_text css=\u00a0\u00bb.vc_custom_1549711936609{margin-top: 50px !important;}\u00a0\u00bb]<\/p>\n<h5>Pignons de cha\u00eene et poulies<\/h5>\n<p>[\/vc_column_text][vc_separator color=\u00a0\u00bbturquoise\u00a0\u00bb align=\u00a0\u00bbalign_left\u00a0\u00bb css=\u00a0\u00bb.vc_custom_1549708794736{margin-top: 0px !important;margin-bottom: 10px !important;}\u00a0\u00bb][vc_column_text css=\u00a0\u00bb.vc_custom_1549711944559{margin-bottom: 0px !important;}\u00a0\u00bb]Pas maximum de 50,8 mm (2\u2019\u2019).[\/vc_column_text][vc_separator css=\u00a0\u00bb.vc_custom_1549708827493{margin-top: 0px !important;margin-bottom: 5px !important;}\u00a0\u00bb][vc_column_text css=\u00a0\u00bb.vc_custom_1549711983757{margin-top: 0px !important;margin-bottom: 0px !important;}\u00a0\u00bb]Poulies pour courroie dent\u00e9e (HTD, T, XL et poulies sp\u00e9ciales).[\/vc_column_text][vc_separator css=\u00a0\u00bb.vc_custom_1549708827493{margin-top: 0px !important;margin-bottom: 5px !important;}\u00a0\u00bb][\/vc_column_inner][vc_column_inner width=\u00a0\u00bb1\/3&Prime;][vc_single_image image=\u00a0\u00bb837&Prime; img_size=\u00a0\u00bbfull\u00a0\u00bb][\/vc_column_inner][\/vc_row_inner][vc_row_inner css=\u00a0\u00bb.vc_custom_1549708555553{margin-top: 40px !important;}\u00a0\u00bb][vc_column_inner width=\u00a0\u00bb1\/3&Prime;][vc_single_image image=\u00a0\u00bb845&Prime; img_size=\u00a0\u00bbfull\u00a0\u00bb style=\u00a0\u00bbvc_box_border\u00a0\u00bb][\/vc_column_inner][vc_column_inner width=\u00a0\u00bb2\/3&Prime;][vc_column_text css=\u00a0\u00bb.vc_custom_1549711993338{margin-top: 50px !important;}\u00a0\u00bb]<\/p>\n<h5>Cr\u00e9maill\u00e8res droites et h\u00e9lico\u00efdales<\/h5>\n<p>[\/vc_column_text][vc_separator color=\u00a0\u00bbturquoise\u00a0\u00bb align=\u00a0\u00bbalign_left\u00a0\u00bb css=\u00a0\u00bb.vc_custom_1549708794736{margin-top: 0px !important;margin-bottom: 10px !important;}\u00a0\u00bb][vc_column_text css=\u00a0\u00bb.vc_custom_1549712001493{margin-bottom: 0px !important;}\u00a0\u00bb]Hauteur de taillage maximale de 200 mm.[\/vc_column_text][vc_separator css=\u00a0\u00bb.vc_custom_1549708827493{margin-top: 0px !important;margin-bottom: 5px !important;}\u00a0\u00bb][vc_column_text css=\u00a0\u00bb.vc_custom_1549712009215{margin-top: 0px !important;margin-bottom: 0px !important;}\u00a0\u00bb]Modules compris entre 0,5 et 12.[\/vc_column_text][vc_separator css=\u00a0\u00bb.vc_custom_1549708827493{margin-top: 0px !important;margin-bottom: 5px !important;}\u00a0\u00bb][\/vc_column_inner][\/vc_row_inner][vc_row_inner css=\u00a0\u00bb.vc_custom_1549708555553{margin-top: 40px !important;}\u00a0\u00bb][vc_column_inner width=\u00a0\u00bb2\/3&Prime;][vc_column_text css=\u00a0\u00bb.vc_custom_1549712018801{margin-top: 50px !important;}\u00a0\u00bb]<\/p>\n<h5>Couronnes sans fin<\/h5>\n<p>[\/vc_column_text][vc_separator color=\u00a0\u00bbturquoise\u00a0\u00bb align=\u00a0\u00bbalign_left\u00a0\u00bb css=\u00a0\u00bb.vc_custom_1549708794736{margin-top: 0px !important;margin-bottom: 10px !important;}\u00a0\u00bb][vc_column_text css=\u00a0\u00bb.vc_custom_1549712027499{margin-bottom: 0px !important;}\u00a0\u00bb]Modules compris entre 0,5 et 14.[\/vc_column_text][vc_separator css=\u00a0\u00bb.vc_custom_1549708827493{margin-top: 0px !important;margin-bottom: 5px !important;}\u00a0\u00bb][vc_column_text css=\u00a0\u00bb.vc_custom_1549712034999{margin-top: 0px !important;margin-bottom: 0px !important;}\u00a0\u00bb]Taillage par syst\u00e8me tangentiel.[\/vc_column_text][vc_separator css=\u00a0\u00bb.vc_custom_1549708827493{margin-top: 0px !important;margin-bottom: 5px !important;}\u00a0\u00bb][\/vc_column_inner][vc_column_inner width=\u00a0\u00bb1\/3&Prime;][vc_single_image image=\u00a0\u00bb843&Prime; img_size=\u00a0\u00bbfull\u00a0\u00bb][\/vc_column_inner][\/vc_row_inner][vc_row_inner css=\u00a0\u00bb.vc_custom_1549708555553{margin-top: 40px !important;}\u00a0\u00bb][vc_column_inner width=\u00a0\u00bb1\/3&Prime;][vc_single_image image=\u00a0\u00bb859&Prime; img_size=\u00a0\u00bbfull\u00a0\u00bb style=\u00a0\u00bbvc_box_border\u00a0\u00bb][\/vc_column_inner][vc_column_inner width=\u00a0\u00bb2\/3&Prime;][vc_column_text css=\u00a0\u00bb.vc_custom_1549712045677{margin-top: 80px !important;}\u00a0\u00bb]<\/p>\n<h5>Rainurages et striages int\u00e9rieurs et ext\u00e9rieurs (DIN 5480 et DIN 5482).<\/h5>\n<p>[\/vc_column_text][vc_separator color=\u00a0\u00bbturquoise\u00a0\u00bb align=\u00a0\u00bbalign_left\u00a0\u00bb css=\u00a0\u00bb.vc_custom_1549708794736{margin-top: 0px !important;margin-bottom: 10px !important;}\u00a0\u00bb][vc_column_text css=\u00a0\u00bb.vc_custom_1549712054678{margin-bottom: 0px !important;}\u00a0\u00bb]Tailleuse Fellow, tailleuse \u00e0 fraise-m\u00e8re et MAAG.[\/vc_column_text][vc_separator css=\u00a0\u00bb.vc_custom_1549708827493{margin-top: 0px !important;margin-bottom: 5px !important;}\u00a0\u00bb][\/vc_column_inner][\/vc_row_inner][vc_row_inner css=\u00a0\u00bb.vc_custom_1549708555553{margin-top: 40px !important;}\u00a0\u00bb][vc_column_inner width=\u00a0\u00bb2\/3&Prime;][vc_column_text css=\u00a0\u00bb.vc_custom_1549712063647{margin-top: 50px !important;}\u00a0\u00bb]<\/p>\n<h5>Outillage de v\u00e9rification et de contr\u00f4le.<\/h5>\n<p>[\/vc_column_text][vc_separator color=\u00a0\u00bbturquoise\u00a0\u00bb align=\u00a0\u00bbalign_left\u00a0\u00bb css=\u00a0\u00bb.vc_custom_1549708794736{margin-top: 0px !important;margin-bottom: 10px !important;}\u00a0\u00bb][vc_column_text css=\u00a0\u00bb.vc_custom_1549712071619{margin-bottom: 0px !important;}\u00a0\u00bb]Usinage CNC 800 mm maximum.[\/vc_column_text][vc_separator css=\u00a0\u00bb.vc_custom_1549708827493{margin-top: 0px !important;margin-bottom: 5px !important;}\u00a0\u00bb][vc_column_text css=\u00a0\u00bb.vc_custom_1549712079292{margin-top: 0px !important;margin-bottom: 0px !important;}\u00a0\u00bb]Usinage 5 axes 300 x 300 x 300 mm.[\/vc_column_text][vc_separator css=\u00a0\u00bb.vc_custom_1549708827493{margin-top: 0px !important;margin-bottom: 5px !important;}\u00a0\u00bb][vc_column_text css=\u00a0\u00bb.vc_custom_1549712086988{margin-top: 0px !important;margin-bottom: 0px !important;}\u00a0\u00bb]Rectification 900 mm maximum.[\/vc_column_text][vc_separator css=\u00a0\u00bb.vc_custom_1549708827493{margin-top: 0px !important;margin-bottom: 5px !important;}\u00a0\u00bb][\/vc_column_inner][vc_column_inner width=\u00a0\u00bb1\/3&Prime;][vc_single_image image=\u00a0\u00bb844&Prime; img_size=\u00a0\u00bbfull\u00a0\u00bb][\/vc_column_inner][\/vc_row_inner][vc_row_inner css=\u00a0\u00bb.vc_custom_1549710526959{margin-top: 30px !important;margin-bottom: 30px !important;}\u00a0\u00bb][vc_column_inner width=\u00a0\u00bb1\/4&Prime;][vc_single_image image=\u00a0\u00bb840&Prime; img_size=\u00a0\u00bbfull\u00a0\u00bb style=\u00a0\u00bbvc_box_border\u00a0\u00bb][vc_column_text css=\u00a0\u00bb.vc_custom_1549712105111{margin-top: 50px !important;}\u00a0\u00bb]<\/p>\n<h5>Fabrication d\u2018outils de coupe pour mortaiseuses MAAG.<\/h5>\n<p>[\/vc_column_text][\/vc_column_inner][vc_column_inner width=\u00a0\u00bb1\/4&Prime;][vc_single_image image=\u00a0\u00bb847&Prime; img_size=\u00a0\u00bbfull\u00a0\u00bb style=\u00a0\u00bbvc_box_border\u00a0\u00bb][vc_column_text css=\u00a0\u00bb.vc_custom_1549712114028{margin-top: 50px !important;}\u00a0\u00bb]<\/p>\n<h5>Usinage de pr\u00e9cision pour v\u00e9hicules de comp\u00e9tition.<\/h5>\n<p>[\/vc_column_text][\/vc_column_inner][vc_column_inner width=\u00a0\u00bb1\/4&Prime;][vc_single_image image=\u00a0\u00bb849&Prime; img_size=\u00a0\u00bbfull\u00a0\u00bb style=\u00a0\u00bbvc_box_border\u00a0\u00bb][vc_column_text css=\u00a0\u00bb.vc_custom_1549712122090{margin-top: 50px !important;}\u00a0\u00bb]<\/p>\n<h5>Assemblage d\u2018ensembles et de sous-ensembles.<\/h5>\n<p>[\/vc_column_text][\/vc_column_inner][vc_column_inner width=\u00a0\u00bb1\/4&Prime;][vc_single_image image=\u00a0\u00bb848&Prime; img_size=\u00a0\u00bbfull\u00a0\u00bb style=\u00a0\u00bbvc_box_border\u00a0\u00bb][vc_column_text css=\u00a0\u00bb.vc_custom_1549712133736{margin-top: 50px !important;}\u00a0\u00bb]<\/p>\n<h5>Pi\u00e8ces de haute complexit\u00e9.<\/h5>\n<p>[\/vc_column_text][\/vc_column_inner][\/vc_row_inner][vc_row_inner css=\u00a0\u00bb.vc_custom_1549710587959{margin-top: 70px !important;}\u00a0\u00bb][vc_column_inner width=\u00a0\u00bb1\/3&Prime;][vc_single_image image=\u00a0\u00bb851&Prime; img_size=\u00a0\u00bbfull\u00a0\u00bb][\/vc_column_inner][vc_column_inner width=\u00a0\u00bb2\/3&Prime;][vc_column_text css=\u00a0\u00bb.vc_custom_1549712144577{margin-top: 70px !important;margin-bottom: 0px !important;}\u00a0\u00bb]<\/p>\n<h5>Outils pour raccords en laiton.<\/h5>\n<p>[\/vc_column_text][vc_separator color=\u00a0\u00bbturquoise\u00a0\u00bb align=\u00a0\u00bbalign_left\u00a0\u00bb css=\u00a0\u00bb.vc_custom_1549710540190{margin-top: 20px !important;margin-bottom: 20px !important;}\u00a0\u00bb][vc_column_text css=\u00a0\u00bb.vc_custom_1549712158795{margin-top: 5px !important;margin-bottom: 5px !important;}\u00a0\u00bb]<\/p>\n<h5>Forets en carbure bras\u00e9 \u00e9tag\u00e9s pour fabrication de soupapes<\/h5>\n<p>[\/vc_column_text][vc_separator color=\u00a0\u00bbturquoise\u00a0\u00bb align=\u00a0\u00bbalign_left\u00a0\u00bb css=\u00a0\u00bb.vc_custom_1549710545680{margin-top: 20px !important;margin-bottom: 20px !important;}\u00a0\u00bb][vc_column_text css=\u00a0\u00bb.vc_custom_1549712167352{margin-top: 5px !important;margin-bottom: 5px !important;}\u00a0\u00bb]<\/p>\n<h5>Plaquettes de widia profil\u00e9es pour tout type d\u2018applications et secteurs.<\/h5>\n<p>[\/vc_column_text][vc_separator color=\u00a0\u00bbturquoise\u00a0\u00bb align=\u00a0\u00bbalign_left\u00a0\u00bb css=\u00a0\u00bb.vc_custom_1549710550885{margin-top: 20px !important;margin-bottom: 20px !important;}\u00a0\u00bb][vc_column_text css=\u00a0\u00bb.vc_custom_1549712178677{margin-top: 5px !important;margin-bottom: 5px !important;}\u00a0\u00bb]<\/p>\n<h5>Forets \u00e9tag\u00e9s pour usinage de pi\u00e8ces en aluminium et en laiton.<\/h5>\n<p>[\/vc_column_text][vc_separator color=\u00a0\u00bbturquoise\u00a0\u00bb align=\u00a0\u00bbalign_left\u00a0\u00bb css=\u00a0\u00bb.vc_custom_1549710556493{margin-top: 20px !important;margin-bottom: 20px !important;}\u00a0\u00bb][vc_column_text css=\u00a0\u00bb.vc_custom_1549712187195{margin-top: 5px !important;margin-bottom: 5px !important;}\u00a0\u00bb]<\/p>\n<h5>\u00c9l\u00e9ment en widia pour r\u00e9duction de tube.<\/h5>\n<p>[\/vc_column_text][vc_separator color=\u00a0\u00bbturquoise\u00a0\u00bb align=\u00a0\u00bbalign_left\u00a0\u00bb css=\u00a0\u00bb.vc_custom_1549710562761{margin-top: 20px !important;margin-bottom: 20px !important;}\u00a0\u00bb][\/vc_column_inner][\/vc_row_inner][\/vc_column][\/vc_row][vc_row middle_content=\u00a0\u00bbyes\u00a0\u00bb bg_type=\u00a0\u00bbcolor\u00a0\u00bb padding_top=\u00a0\u00bb12%\u00a0\u00bb padding_bottom=\u00a0\u00bb12%\u00a0\u00bb margin_bottom=\u00a0\u00bb0&Prime; font_color=\u00a0\u00bb#ffffff\u00a0\u00bb bg_color=\u00a0\u00bb#00a09a\u00a0\u00bb][vc_column width=\u00a0\u00bb1\/2&Prime;]<div class=\"grve-element grve-image grve-animated-item grve-fadeInRight grve-full-image grve-align-center\" style=\"\" data-delay=\"600\">  <img loading=\"lazy\" decoding=\"async\" alt=\"\" src=\"http:\/\/sinaex.eu\/wp-content\/uploads\/2016\/02\/sinaex6.jpg\" width=\"800\" height=\"800\"><\/div>[\/vc_column][vc_column width=\u00a0\u00bb1\/2&Prime;]<h2 class=\"grve-element grve-align-left grve-title-line grve-animated-item grve-fadeInLeft\" style=\"\" data-delay=\"200\"><span>MOYENS DE PRODUCTION<\/span><\/h2>[vc_column_text animation=\u00a0\u00bbfadeInUp\u00a0\u00bb animation_delay=\u00a0\u00bb400&Prime;]<\/p>\n<blockquote><p><em>\u00ab\u00a0L\u2019usinage de pr\u00e9cision est r\u00e9alis\u00e9 avec des machines de derni\u00e8re g\u00e9n\u00e9ration\u00a0\u00bb<\/em><\/p><\/blockquote>\n<p>[\/vc_column_text][vc_column_text text_style=\u00a0\u00bbleader-text\u00a0\u00bb animation=\u00a0\u00bbfadeInUp\u00a0\u00bb]Nous disposons de plus de 6.200 m\u00b2 de superficie productive, qui accueillent 3 centres de production et nous travaillons avec plus de 80 professionnels sp\u00e9cialis\u00e9s dans le secteur m\u00e9tal-m\u00e9canique, charg\u00e9s d\u2019adapter les solutions aux besoins de chaque client. Nous incorporons la technologie la plus avanc\u00e9e pour offrir l\u2019usinage de la plus haute pr\u00e9cision, ainsi que des moyens de v\u00e9rification de la derni\u00e8re g\u00e9n\u00e9ration.[\/vc_column_text][\/vc_column][\/vc_row][vc_row middle_content=\u00a0\u00bbyes\u00a0\u00bb bg_type=\u00a0\u00bbcolor\u00a0\u00bb padding_top=\u00a0\u00bb12%\u00a0\u00bb padding_bottom=\u00a0\u00bb12%\u00a0\u00bb margin_bottom=\u00a0\u00bb0&Prime; bg_color=\u00a0\u00bb#f2f2f2&Prime;][vc_column width=\u00a0\u00bb1\/2&Prime;][vc_column_text text_style=\u00a0\u00bbleader-text\u00a0\u00bb animation=\u00a0\u00bbfadeInUp\u00a0\u00bb]Parmi les principaux \u00e9quipements dont nous disposons, il faut souligner :[\/vc_column_text][vc_row_inner][vc_column_inner width=\u00a0\u00bb1\/2&Prime;][vc_column_text text_style=\u00a0\u00bbleader-text\u00a0\u00bb animation=\u00a0\u00bbfadeInUp\u00a0\u00bb]<strong>ATONDOA :<\/strong><\/p>\n<ul>\n<li>MORI SEIKI NV 3000 DGC 5 axes electro\u00e9rosion par fil<\/li>\n<li>Charmilles CUT 200<\/li>\n<\/ul>\n<p>&nbsp;<\/p>\n<p><strong>ENPA :<\/strong><\/p>\n<ul>\n<li>Tailleuse MAAG SH-75K<\/li>\n<li>Tailleuse TOS OHA 50A<\/li>\n<\/ul>\n<p>[\/vc_column_text][\/vc_column_inner][vc_column_inner width=\u00a0\u00bb1\/2&Prime;][vc_column_text text_style=\u00a0\u00bbleader-text\u00a0\u00bb animation=\u00a0\u00bbfadeInUp\u00a0\u00bb]<strong>INAHER :<\/strong><\/p>\n<ul>\n<li>Machine aiguiseuse CNC WALTER HELITRONIC\u00a0\u00a0 POWER<\/li>\n<li>Rectifieuse optique de profils CNC AMADA WASINO GLS5<\/li>\n<\/ul>\n<p>[\/vc_column_text][\/vc_column_inner][\/vc_row_inner][\/vc_column][vc_column width=\u00a0\u00bb1\/2&Prime;]<div class=\"grve-element grve-image grve-animated-item grve-fadeInRight grve-full-image grve-align-center\" style=\"\" data-delay=\"600\">  <img loading=\"lazy\" decoding=\"async\" alt=\"\" src=\"http:\/\/sinaex.eu\/wp-content\/uploads\/2016\/02\/sinaex-3.jpg\" width=\"404\" height=\"495\"><\/div>[\/vc_column][\/vc_row][vc_row middle_content=\u00a0\u00bbyes\u00a0\u00bb bg_type=\u00a0\u00bbcolor\u00a0\u00bb footer_feature=\u00a0\u00bbyes\u00a0\u00bb padding_top=\u00a0\u00bb12%\u00a0\u00bb padding_bottom=\u00a0\u00bb12%\u00a0\u00bb margin_bottom=\u00a0\u00bb0&Prime; font_color=\u00a0\u00bb#ffffff\u00a0\u00bb bg_color=\u00a0\u00bb#151338&Prime;][vc_column width=\u00a0\u00bb3\/4&Prime;]<h2 class=\"grve-element grve-align-left grve-title-line grve-animated-item grve-fadeInLeft blanco\" style=\"\" data-delay=\"200\"><span>CLIENTS OU SECTEURS D'ACTION<\/span><\/h2>[vc_column_text animation=\u00a0\u00bbfadeInUp\u00a0\u00bb animation_delay=\u00a0\u00bb400&Prime;]<\/p>\n<blockquote><p><em>\u00ab\u00a0Cela fait plus de 50 ans que transformons les besoins de nos clients en r\u00e9alit\u00e9s\u00a0\u00bb<\/em><\/p><\/blockquote>\n<p>[\/vc_column_text][vc_column_text text_style=\u00a0\u00bbleader-text\u00a0\u00bb animation=\u00a0\u00bbfadeInUp\u00a0\u00bb]Outre la pr\u00e9cision, la productivit\u00e9 et la technologie, nous voulons vous parler d\u2019engagement, de relation, de proximit\u00e9. Nous travaillons personnellement avec chacun de nos clients parce que nous savons combien la confiance et les relations directes sont importantes.<\/p>\n<p>Notre exp\u00e9rience, longue d\u2019un demi-si\u00e8cle, nous a permis de travailler avec les secteurs les plus divers. Nombreux sont d\u00e9j\u00e0 les clients nationaux ou internationaux, \u00e0 la t\u00eate de leurs secteurs respectifs, qui nous ont confi\u00e9 leurs projets pour que nous en fassions une r\u00e9alit\u00e9 au meilleur prix et avec la plus haute qualit\u00e9.[\/vc_column_text][\/vc_column][vc_column width=\u00a0\u00bb1\/4&Prime;]<div class=\"grve-element grve-list grve-list-check \" style=\"\"><ul>\n<li>Secteur a\u00e9ronautique.<\/li>\n<li>Secteur automobile.<\/li>\n<li>\u00c9nergies renouvelables.<\/li>\n<li>Secteur agricole.<\/li>\n<li>Secteur m\u00e9canique.<\/li>\n<li>Secteur ferroviaire.<\/li>\n<li>Machine outil.<\/li>\n<li>Industrie papeti\u00e8re.<\/li>\n<li>Machine agroalimentaire.<\/li>\n<li>Usinage de m\u00e9tal et d\u2019outils.<\/li>\n<li>Secteur du mat\u00e9riel clinique.<\/li>\n<li>Fabricants de machines en g\u00e9n\u00e9ral.<\/li>\n<\/ul>\n<\/div>[\/vc_column][\/vc_row]<\/p>\n","protected":false},"excerpt":{"rendered":"<p>[vc_row middle_content=\u00a0\u00bbyes\u00a0\u00bb bg_type=\u00a0\u00bbcolor\u00a0\u00bb header_feature=\u00a0\u00bbyes\u00a0\u00bb padding_top=\u00a0\u00bb12%\u00a0\u00bb padding_bottom=\u00a0\u00bb12%\u00a0\u00bb margin_bottom=\u00a0\u00bb0&Prime; bg_color=\u00a0\u00bb#f2f2f2&Prime;][vc_column width=\u00a0\u00bb1\/2&Prime;][vc_column_text animation=\u00a0\u00bbfadeInUp\u00a0\u00bb animation_delay=\u00a0\u00bb400&Prime;] \u00ab\u00a0Nous produisons des pi\u00e8ces d\u2019usinage les plus simples jusqu\u2019\u00e0 celles qui pr\u00e9sentent la plus haute difficult\u00e9 et demandent une pr\u00e9cision maximale. [\/vc_column_text][vc_column_text text_style=\u00a0\u00bbleader-text\u00a0\u00bb animation=\u00a0\u00bbfadeInUp\u00a0\u00bb]Chez SINAEX, nous fabriquons un large \u00e9ventail de pi\u00e8ces, avec une grande diversit\u00e9 de tailles, de mat\u00e9riaux, de poids et de [&hellip;]<\/p>\n","protected":false},"author":1,"featured_media":0,"parent":0,"menu_order":0,"comment_status":"closed","ping_status":"closed","template":"","meta":{"footnotes":""},"class_list":["post-464","page","type-page","status-publish","hentry"],"_links":{"self":[{"href":"http:\/\/sinaex.eu\/fr\/wp-json\/wp\/v2\/pages\/464","targetHints":{"allow":["GET"]}}],"collection":[{"href":"http:\/\/sinaex.eu\/fr\/wp-json\/wp\/v2\/pages"}],"about":[{"href":"http:\/\/sinaex.eu\/fr\/wp-json\/wp\/v2\/types\/page"}],"author":[{"embeddable":true,"href":"http:\/\/sinaex.eu\/fr\/wp-json\/wp\/v2\/users\/1"}],"replies":[{"embeddable":true,"href":"http:\/\/sinaex.eu\/fr\/wp-json\/wp\/v2\/comments?post=464"}],"version-history":[{"count":10,"href":"http:\/\/sinaex.eu\/fr\/wp-json\/wp\/v2\/pages\/464\/revisions"}],"predecessor-version":[{"id":925,"href":"http:\/\/sinaex.eu\/fr\/wp-json\/wp\/v2\/pages\/464\/revisions\/925"}],"wp:attachment":[{"href":"http:\/\/sinaex.eu\/fr\/wp-json\/wp\/v2\/media?parent=464"}],"curies":[{"name":"wp","href":"https:\/\/api.w.org\/{rel}","templated":true}]}}