{"id":407,"date":"2016-02-29T08:24:35","date_gmt":"2016-02-29T07:24:35","guid":{"rendered":"http:\/\/sinaex.eu\/nueva\/servicios\/"},"modified":"2024-10-29T17:27:34","modified_gmt":"2024-10-29T16:27:34","slug":"services","status":"publish","type":"page","link":"http:\/\/sinaex.eu\/fr\/services\/","title":{"rendered":"SERVICES"},"content":{"rendered":"<p>[vc_row section_type=\u00a0\u00bbfullwidth-element\u00a0\u00bb flex_height=\u00a0\u00bbyes\u00a0\u00bb header_feature=\u00a0\u00bbyes\u00a0\u00bb margin_bottom=\u00a0\u00bb0&Prime;][vc_column width=\u00a0\u00bb1\/2&Prime; css=\u00a0\u00bb.vc_custom_1487337590813{padding-top: 5% !important;padding-right: 12% !important;padding-bottom: 5% !important;padding-left: 12% !important;background-color: #f2f2f2 !important;background-position: center !important;background-repeat: no-repeat !important;background-size: cover !important;}\u00a0\u00bb]<h1 class=\"grve-element grve-align-left grve-title-double-bottom-line grve-animated-item grve-fadeInLeft\" style=\"\" data-delay=\"200\"><span>SERVICES<\/span><\/h1>[vc_column_text animation=\u00a0\u00bbfadeInLeft\u00a0\u00bb]<\/p>\n<blockquote><p><em>\u00ab\u00a0Gr\u00e2ce \u00e0 une vaste gamme de services nous vous aidons \u00e0 transformer votre design d\u2019usinage en une pi\u00e8ce r\u00e9elle\u00a0\u00bb.<\/em><\/p><\/blockquote>\n<p>Le but de notre entreprise est de comprendre les besoins de nos clients. Pour cela, nous \u00e9tudions chaque projet avec eux, \u00e0 la recherche de l\u2019am\u00e9lioration constante, depuis l\u2019assistance initiale jusqu\u2019au produit fini. Nous mettons notre exp\u00e9rience et notre technique au service de chaque demande, en nous adaptant \u00e0 chaque cas, en personnalisant les diff\u00e9rents services et en recherchant des solutions \u00ab\u00a0cl\u00e9 en main\u00a0\u00bb.<\/p>\n<p>Sur la commande du client, nous proc\u00e9dons \u00e0 fabriquer les pi\u00e8ces et les outils requis dans chaque projet. Nous offrons une haute pr\u00e9cision pour des pi\u00e8ces unitaires et des prototypes et nous apportons le recrutement de tous les traitements n\u00e9cessaires \u00e0 la fabrication et \u00e0 l\u2019usinage des pi\u00e8ces.[\/vc_column_text][\/vc_column][vc_column width=\u00a0\u00bb1\/2&Prime; css=\u00a0\u00bb.vc_custom_1730219224637{background-image: url(http:\/\/sinaex.eu\/wp-content\/uploads\/2016\/02\/sinaex4.jpg?id=338) !important;background-position: center !important;background-repeat: no-repeat !important;background-size: cover !important;}\u00a0\u00bb][vc_single_image image=\u00a0\u00bb338&Prime; img_size=\u00a0\u00bbfull\u00a0\u00bb][\/vc_column][\/vc_row][vc_row header_feature=\u00a0\u00bbyes\u00a0\u00bb padding_top=\u00a0\u00bb15%\u00a0\u00bb padding_bottom=\u00a0\u00bb5%\u00a0\u00bb margin_bottom=\u00a0\u00bb0&Prime;][vc_column width=\u00a0\u00bb1\/3&Prime; tablet_sm_width=\u00a0\u00bb1-2&Prime;]<div class=\"grve-element grve-box-icon grve-align-center grve-animated-item grve-fadeInUp\" style=\"\" data-delay=\"200\">  <div class=\"grve-icon grve-medium grve-simple grve-no-shape grve-color-primary-1 smp-icon-support\"><\/div>  <div class=\"grve-box-content\"><h5 class=\"grve-box-title\"><span>1 \u00b7 Assistance<\/span><\/h5>    <p class=\"\">Nous aidons, \u00e0 travers des \u00e9tudes techniques, \u00e0 d\u00e9finir les projets des clients en ce qui concerne les mat\u00e9riaux, la r\u00e9sistance, la production, etc.<\/p>  <\/div><\/div>[\/vc_column][vc_column width=\u00a0\u00bb1\/3&Prime; tablet_sm_width=\u00a0\u00bb1-2&Prime;]<div class=\"grve-element grve-box-icon grve-align-center grve-animated-item grve-fadeInUp\" style=\"\" data-delay=\"400\">  <div class=\"grve-icon grve-medium grve-simple grve-no-shape grve-color-primary-1 smp-icon-settings\"><\/div>  <div class=\"grve-box-content\"><h5 class=\"grve-box-title\"><span>2 \u00b7 La fabrication et les usinages<\/span><\/h5>    <p class=\"\">de haute pr\u00e9cision pour des pi\u00e8ces unitaires, des prototypes, ainsi que la fabrication de petites et moyennes s\u00e9ries et le taillage des engrenages. <\/p>  <\/div><\/div>[\/vc_column][vc_column width=\u00a0\u00bb1\/3&Prime; tablet_sm_width=\u00a0\u00bb1-2&Prime;]<div class=\"grve-element grve-box-icon grve-align-center grve-animated-item grve-fadeInUp\" style=\"\" data-delay=\"600\">  <div class=\"grve-icon grve-medium grve-simple grve-no-shape grve-color-primary-1 smp-icon-layers\"><\/div>  <div class=\"grve-box-content\"><h5 class=\"grve-box-title\"><span>3 \u00b7 Assemblage<\/span><\/h5>    <p class=\"\">Le montage d\u2019ensembles et le processus de contr\u00f4le pour v\u00e9rifier si tout est correct avant de passer \u00e0 la validation ult\u00e9rieure.<\/p>  <\/div><\/div>[\/vc_column][\/vc_row][vc_row header_feature=\u00a0\u00bbyes\u00a0\u00bb padding_top=\u00a0\u00bb5%\u00a0\u00bb padding_bottom=\u00a0\u00bb5%\u00a0\u00bb margin_bottom=\u00a0\u00bb0&Prime;][vc_column width=\u00a0\u00bb1\/4&Prime; tablet_sm_width=\u00a0\u00bb1-2&Prime;][vc_empty_space height=\u00a0\u00bb60&Prime;][\/vc_column][vc_column width=\u00a0\u00bb1\/4&Prime; tablet_sm_width=\u00a0\u00bb1-2&Prime;]<div class=\"grve-element grve-box-icon grve-align-center grve-animated-item grve-fadeInUp\" style=\"\" data-delay=\"400\">  <div class=\"grve-icon grve-medium grve-simple grve-no-shape grve-color-primary-1 smp-icon-crop\"><\/div>  <div class=\"grve-box-content\"><h5 class=\"grve-box-title\"><span>4 \u00b7 La fabrication d\u2019outils de coupe et de profilage de plaquettes <\/span><\/h5>    <p class=\"\">design, fabrication et aiguisage d\u2019outils de coupe de m\u00e9tal dur int\u00e9gral et soud\u00e9. <\/p>  <\/div><\/div>[vc_empty_space height=\u00a0\u00bb60&Prime;][\/vc_column][vc_column width=\u00a0\u00bb1\/4&Prime; tablet_sm_width=\u00a0\u00bb1-2&Prime;]<div class=\"grve-element grve-box-icon grve-align-center grve-animated-item grve-fadeInUp\" style=\"\" data-delay=\"600\">  <div class=\"grve-icon grve-medium grve-simple grve-no-shape grve-color-primary-1 smp-icon-plus\"><\/div>  <div class=\"grve-box-content\"><h5 class=\"grve-box-title\"><span>5 \u00b7 Gestion de sous-traitances<\/span><\/h5>    <p class=\"\">On offre au client la possibilit\u00e9 de lui fournir la gestion de la sous-traitance des services n\u2019\u00e9tant pas offerts par le groupement, mais dont le produit a besoin pour \u00eatre enti\u00e8rement satisfaisant, comme : traitements thermiques, de rev\u00eatement et superficiels ainsi que tout ce qui est n\u00e9cessaire pour assurer la parfaite qualit\u00e9 du produit fini. <\/p>  <\/div><\/div>[vc_empty_space height=\u00a0\u00bb60&Prime;][\/vc_column][vc_column width=\u00a0\u00bb1\/4&Prime;][\/vc_column][\/vc_row][vc_row heading_color=\u00a0\u00bblight\u00a0\u00bb bg_type=\u00a0\u00bbcolor\u00a0\u00bb footer_feature=\u00a0\u00bbyes\u00a0\u00bb font_color=\u00a0\u00bb#ffffff\u00a0\u00bb bg_color=\u00a0\u00bb#00a09a\u00a0\u00bb padding_top=\u00a0\u00bb20px\u00a0\u00bb padding_bottom=\u00a0\u00bb20px\u00a0\u00bb][vc_column]<div class=\"grve-element grve-callout grve-btn-right\" style=\"\">  <div class=\"grve-callout-wrapper\"><h3 class=\"grve-callout-content\"><span>CONTACTA<\/span><\/h3>    <p class=\"\">Voulez-vous nous conna\u00eetre?<\/p>  <\/div>  <div class=\"grve-button-wrapper\"><a class=\"grve-btn grve-btn-medium grve-extra-round grve-white-color grve-btn-line\" href=\"\/fr\/contact\/\" target=\"_self\" style=\"\"><span>&gt;<\/span><\/a>  <\/div><\/div>[\/vc_column][\/vc_row]<\/p>\n","protected":false},"excerpt":{"rendered":"<p>[vc_row section_type=\u00a0\u00bbfullwidth-element\u00a0\u00bb flex_height=\u00a0\u00bbyes\u00a0\u00bb header_feature=\u00a0\u00bbyes\u00a0\u00bb margin_bottom=\u00a0\u00bb0&Prime;][vc_column width=\u00a0\u00bb1\/2&Prime; css=\u00a0\u00bb.vc_custom_1487337590813{padding-top: 5% !important;padding-right: 12% !important;padding-bottom: 5% !important;padding-left: 12% !important;background-color: #f2f2f2 !important;background-position: center !important;background-repeat: no-repeat !important;background-size: cover !important;}\u00a0\u00bb][vc_column_text animation=\u00a0\u00bbfadeInLeft\u00a0\u00bb] \u00ab\u00a0Gr\u00e2ce \u00e0 une vaste gamme de services nous vous aidons \u00e0 transformer votre design d\u2019usinage en une pi\u00e8ce r\u00e9elle\u00a0\u00bb. Le but de notre entreprise est de comprendre les besoins de nos [&hellip;]<\/p>\n","protected":false},"author":1,"featured_media":0,"parent":0,"menu_order":0,"comment_status":"closed","ping_status":"closed","template":"","meta":{"footnotes":""},"class_list":["post-407","page","type-page","status-publish","hentry"],"_links":{"self":[{"href":"http:\/\/sinaex.eu\/fr\/wp-json\/wp\/v2\/pages\/407","targetHints":{"allow":["GET"]}}],"collection":[{"href":"http:\/\/sinaex.eu\/fr\/wp-json\/wp\/v2\/pages"}],"about":[{"href":"http:\/\/sinaex.eu\/fr\/wp-json\/wp\/v2\/types\/page"}],"author":[{"embeddable":true,"href":"http:\/\/sinaex.eu\/fr\/wp-json\/wp\/v2\/users\/1"}],"replies":[{"embeddable":true,"href":"http:\/\/sinaex.eu\/fr\/wp-json\/wp\/v2\/comments?post=407"}],"version-history":[{"count":12,"href":"http:\/\/sinaex.eu\/fr\/wp-json\/wp\/v2\/pages\/407\/revisions"}],"predecessor-version":[{"id":924,"href":"http:\/\/sinaex.eu\/fr\/wp-json\/wp\/v2\/pages\/407\/revisions\/924"}],"wp:attachment":[{"href":"http:\/\/sinaex.eu\/fr\/wp-json\/wp\/v2\/media?parent=407"}],"curies":[{"name":"wp","href":"https:\/\/api.w.org\/{rel}","templated":true}]}}