{"id":389,"date":"2016-02-29T08:24:12","date_gmt":"2016-02-29T07:24:12","guid":{"rendered":"http:\/\/sinaex.eu\/nueva\/sinaex\/"},"modified":"2024-10-29T16:00:59","modified_gmt":"2024-10-29T15:00:59","slug":"sinaex","status":"publish","type":"page","link":"http:\/\/sinaex.eu\/fr\/sinaex\/","title":{"rendered":"SINAEX"},"content":{"rendered":"<p>[vc_row middle_content=\u00a0\u00bbyes\u00a0\u00bb][vc_column width=\u00a0\u00bb1\/3&Prime;][vc_single_image image=\u00a0\u00bb295&Prime; alignment=\u00a0\u00bbcenter\u00a0\u00bb onclick=\u00a0\u00bbcustom_link\u00a0\u00bb css_animation=\u00a0\u00bbappear\u00a0\u00bb link=\u00a0\u00bbsinaex#inaher\u00a0\u00bb][\/vc_column][vc_column width=\u00a0\u00bb1\/3&Prime;][vc_single_image image=\u00a0\u00bb298&Prime; alignment=\u00a0\u00bbcenter\u00a0\u00bb onclick=\u00a0\u00bbcustom_link\u00a0\u00bb css_animation=\u00a0\u00bbappear\u00a0\u00bb link=\u00a0\u00bbsinaex#enpa\u00a0\u00bb][\/vc_column][vc_column width=\u00a0\u00bb1\/3&Prime;][vc_single_image image=\u00a0\u00bb879&Prime; img_size=\u00a0\u00bb\u00a0\u00bb alignment=\u00a0\u00bbcenter\u00a0\u00bb onclick=\u00a0\u00bbcustom_link\u00a0\u00bb css_animation=\u00a0\u00bbappear\u00a0\u00bb link=\u00a0\u00bbsinaex#atondoa\u00a0\u00bb][\/vc_column][\/vc_row][vc_row middle_content=\u00a0\u00bbyes\u00a0\u00bb padding_bottom=\u00a0\u00bb14%\u00a0\u00bb margin_bottom=\u00a0\u00bb0&Prime;][vc_column width=\u00a0\u00bb1\/2&Prime; tablet_sm_width=\u00a0\u00bb1&Prime;]<div class=\"grve-element grve-slogan grve-align-left grve-animated-item grve-fadeInLeft\" style=\"\" data-delay=\"200\"><h4 class=\"grve-slogan-title grve-align-left grve-title-no-line\"><span>\u00ab SINAEX, groupement d\u2019entreprises du m\u00e9tal sp\u00e9cialis\u00e9e dans des projets d\u2019usinage \u00bb<\/span><\/h4>  <p class=\"\">Sinaex est un groupement de soci\u00e9t\u00e9s du secteur de la m\u00e9tallurgie de Navarre, sp\u00e9cialis\u00e9 dans le d\u00e9veloppement int\u00e9gral de projets d\u2018usinage et d\u2019outils de haute qualit\u00e9, du plan initial jusqu\u2019\u00e0 la pi\u00e8ce finie.<\/p><\/div>[vc_column_text]<strong>Sinaex<\/strong> dispose de plus de<strong> 6.200 m\u00b2<\/strong> de superficie productive qui accueillent 3 centres de production. Nous sommes plus de<strong> 80 professionnels sp\u00e9cialis\u00e9s<\/strong> dans le <strong>secteur m\u00e9tal-m\u00e9canique<\/strong>, charg\u00e9s d\u2019adapter les solutions aux besoins de chaque client. C\u2019est cette diversification du travail et l\u2019exp\u00e9rience de plus de <strong>50 ans consacr\u00e9s au secteur du m\u00e9tal<\/strong> qui nous permettent d\u2019offrir une grande vari\u00e9t\u00e9 de services avec la rapidit\u00e9 et la flexibilit\u00e9 requises dans les secteurs les plus divers.<\/p>\n<p>Des entreprises nationales et internationales des secteurs les plus vari\u00e9s nous ont d\u00e9j\u00e0 fait confiance gr\u00e2ce \u00e0 :[\/vc_column_text]<div class=\"grve-element grve-list grve-list-check \" style=\"\"><ul>\n<li>Services int\u00e9graux adapt\u00e9s \u00e0 chaque client.<\/li>\n<li>La qualit\u00e9 et pr\u00e9cision du produit fini.<\/li>\n<li>La flexibilit\u00e9 et rapidit\u00e9 des travaux.<\/li>\n<li>Des prix tr\u00e8s comp\u00e9titifs.<\/li>\n<\/ul>\n<\/div>[\/vc_column][vc_column width=\u00a0\u00bb1\/4&Prime; tablet_sm_width=\u00a0\u00bb1-2&Prime;]<div class=\"grve-element grve-image grve-animated-item grve-fadeInUp grve-align-center\" style=\"\" data-delay=\"200\">  <img loading=\"lazy\" decoding=\"async\" alt=\"\" src=\"http:\/\/sinaex.eu\/wp-content\/uploads\/2016\/02\/sinaex6.jpg\" width=\"800\" height=\"800\"><\/div>[vc_empty_space]<div class=\"grve-element grve-image grve-animated-item grve-fadeInUp grve-align-center\" style=\"\" data-delay=\"200\">  <img loading=\"lazy\" decoding=\"async\" alt=\"\" src=\"http:\/\/sinaex.eu\/wp-content\/uploads\/2016\/02\/sinaex7.jpg\" width=\"800\" height=\"800\"><\/div>[\/vc_column][vc_column width=\u00a0\u00bb1\/4&Prime; tablet_sm_width=\u00a0\u00bb1-2&Prime;]<div class=\"grve-element grve-image grve-animated-item grve-fadeInUp grve-align-center\" style=\"\" data-delay=\"400\">  <img loading=\"lazy\" decoding=\"async\" alt=\"\" src=\"http:\/\/sinaex.eu\/wp-content\/uploads\/2016\/02\/sinaex2-1.jpg\" width=\"800\" height=\"800\"><\/div>[vc_empty_space]<div class=\"grve-element grve-image grve-animated-item grve-fadeInUp grve-align-center\" style=\"\" data-delay=\"400\">  <img loading=\"lazy\" decoding=\"async\" alt=\"\" src=\"http:\/\/sinaex.eu\/wp-content\/uploads\/2016\/02\/sinaex2.jpg\" width=\"1912\" height=\"1080\"><\/div>[\/vc_column][\/vc_row][vc_row heading_color=\u00a0\u00bblight\u00a0\u00bb bg_type=\u00a0\u00bbimage\u00a0\u00bb bg_image=\u00a0\u00bb378&Prime; bg_image_type=\u00a0\u00bbparallax\u00a0\u00bb color_overlay=\u00a0\u00bbdark\u00a0\u00bb opacity_overlay=\u00a0\u00bb70&Prime; padding_top=\u00a0\u00bb50&Prime; padding_bottom=\u00a0\u00bb50&Prime; margin_bottom=\u00a0\u00bb0&Prime; font_color=\u00a0\u00bbrgba(255,255,255,0.91)\u00a0\u00bb][vc_column]<div class=\"grve-element grve-slogan grve-align-left grve-animated-item grve-fadeInUp\" style=\"margin-bottom: 0px;\" data-delay=\"200\"><h5 class=\"grve-slogan-title grve-align-left grve-title-no-line\"><span>QUI SONT CEUX QUI FORMENT LE GROUPEMENT<\/span><\/h5>  <p class=\"\">\u00ab Notre force vient de l\u2019union des entreprises sp\u00e9cialis\u00e9es dans diff\u00e9rentes aires du secteur du m\u00e9tal \u00bb. <\/p><\/div>[\/vc_column][\/vc_row][vc_row][vc_column][vc_row_inner el_id=\u00a0\u00bbinhaer\u00a0\u00bb][vc_column_inner]<div class=\"grve-element grve-image-text grve-animated-item grve-fadeInRight\" style=\"\" data-delay=\"200\"><div class=\"grve-image\">  <img loading=\"lazy\" decoding=\"async\" alt=\"\" src=\"http:\/\/sinaex.eu\/wp-content\/uploads\/2016\/02\/Inaher.png\" width=\"1701\" height=\"1701\"><\/div>  <div class=\"grve-content grve-align-left\">    <h4>Usinages Inaher<\/h4>  <p>* Entreprise de design, fabrication et aiguisage d\u2019outils de coupe de m\u00e9tal dur int\u00e9gral et soud\u00e9 ainsi que d\u2019acier rapide avec service de rev\u00eatements, TIN, Futura, Alcrona&#8230;<br \/>\n* Les mat\u00e9riaux avec lesquels nous travaillons sont le m\u00e9tal dur int\u00e9gral et soud\u00e9 et l\u2019acier rapide.<br \/>\n* Des clients du secteur de l&rsquo;automobile, le d\u00e9colletage, la fabrication de matrices, l\u2019a\u00e9ronautique, le b\u00e2timent, la fabrication de soupapes tout genre, les industries de l\u2019usinage du m\u00e9tal et du bois, etc. <\/p>    <a href=\"http:\/\/www.inaher.com\" target=\"_self\" class=\"grve-read-more \">Site web<\/a>  <\/div><\/div><div class=\"grve-element grve-hr grve-line-divider\" style=\"\"><\/div>[\/vc_column_inner][\/vc_row_inner][vc_row_inner el_id=\u00a0\u00bbenpa\u00a0\u00bb][vc_column_inner]<div class=\"grve-element grve-image-text grve-animated-item grve-fadeInLeft\" style=\"\" data-delay=\"200\">  <div class=\"grve-content grve-align-right\">    <h4>ENPA ENGRANAJES SL<\/h4>  <p>* Atelier sp\u00e9cialis\u00e9 dans la fabrication et la taille d\u2019engrenages en tout genre, jusqu\u2019\u00e0 1m de diam\u00e8tre.<br \/>\n* Nous travaillons avec des mat\u00e9riaux comme les aciers, l\u2019aluminium, les aciers inoxydables, le plastique, le nylon, la fibre de verre et le celotex, entre autres.<br \/>\n* Des clients du secteur \u00e9olien, de l\u2019automobile, de l\u2019agriculture, des machines pour l\u2019alimentation, des papeteries&#8230;<\/p>    <a href=\"http:\/\/www.enpa.es\" target=\"_self\" class=\"grve-read-more \">Site Web<\/a>  <\/div><div class=\"grve-image\">  <img loading=\"lazy\" decoding=\"async\" alt=\"\" src=\"http:\/\/sinaex.eu\/wp-content\/uploads\/2016\/02\/Talleres-Enpa.png\" width=\"1701\" height=\"1701\"><\/div><\/div><div class=\"grve-element grve-hr grve-line-divider\" style=\"\"><\/div>[\/vc_column_inner][\/vc_row_inner][vc_row_inner el_id=\u00a0\u00bbatondoa\u00a0\u00bb][vc_column_inner]<div class=\"grve-element grve-image-text grve-animated-item grve-fadeInRight\" style=\"\" data-delay=\"200\"><div class=\"grve-image\">  <img loading=\"lazy\" decoding=\"async\" alt=\"\" src=\"http:\/\/sinaex.eu\/wp-content\/uploads\/2024\/10\/logo-atondoa-para-sinaex.jpg\" width=\"1571\" height=\"764\"><\/div>  <div class=\"grve-content grve-align-left\">    <h4>Ateliers Atondoa<\/h4>  <p>* Sp\u00e9cialis\u00e9s dans la fabrication de pi\u00e8ces complexes de pr\u00e9cision, aussi bien unitaires qu\u2019en petites et moyennes s\u00e9ries.<br \/>\n* Les mat\u00e9riaux avec lesquels nous travaillons sont : l\u2019acier, les aciers sp\u00e9ciaux, l\u2019aluminium, le bronze, et le plastique.<br \/>\n* Des clients du secteur de l\u2019alimentation, l\u2019a\u00e9ronautique, l\u2019automobile, le secteur dentaire, les machines alimentaires et toute sorte de pi\u00e8ces qui demandent une haute pr\u00e9cision.<\/p>    <a href=\"http:\/\/www.atondoa.com\" target=\"_self\" class=\"grve-read-more \">Site Web<\/a>  <\/div><\/div>[\/vc_column_inner][\/vc_row_inner][\/vc_column][\/vc_row][vc_row heading_color=\u00a0\u00bblight\u00a0\u00bb section_type=\u00a0\u00bbfullwidth-element\u00a0\u00bb middle_content=\u00a0\u00bbyes\u00a0\u00bb bg_type=\u00a0\u00bbcolor\u00a0\u00bb footer_feature=\u00a0\u00bbyes\u00a0\u00bb font_color=\u00a0\u00bb#5c696f\u00a0\u00bb bg_color=\u00a0\u00bb#162830&Prime;][vc_column width=\u00a0\u00bb2\/3&Prime; tablet_width=\u00a0\u00bb1-2&Prime;]<div class=\"grve-element grve-video\" style=\"\"><iframe loading=\"lazy\" width=\"1080\" height=\"608\" src=\"https:\/\/www.youtube.com\/embed\/gYfo76cE4ZQ?feature=oembed\" frameborder=\"0\" allowfullscreen><\/iframe><\/div>[\/vc_column][vc_column width=\u00a0\u00bb1\/3&Prime; tablet_width=\u00a0\u00bb1-2&Prime;][vc_empty_space height=\u00a0\u00bb90&Prime;]<div class=\"grve-element grve-box-icon grve-align-center grve-animated-item grve-fadeInUp\" style=\"\" data-delay=\"600\"><a href=\"http:\/\/sinaex.eu\/nueva\/contact\/\" target=\"_self\">  <div class=\"grve-icon grve-medium grve-simple grve-no-shape grve-color-primary-1 smp-icon-envelope-letter\"><\/div><\/a>  <div class=\"grve-box-content\"><a href=\"http:\/\/sinaex.eu\/nueva\/contact\/\" target=\"_self\"><h5 class=\"grve-box-title\"><span>Contact<\/span><\/h5><\/a>  <\/div><\/div><div class=\"grve-element grve-box-icon grve-align-center grve-animated-item grve-fadeInRight\" style=\"\" data-delay=\"200\"><a href=\"\/fr\/contact\/\" target=\"_self\">  <div class=\"grve-icon grve-medium grve-simple grve-circle grve-bg-primary-1 smp-icon-arrow-right\"><\/div><\/a><\/div>[vc_empty_space height=\u00a0\u00bb90&Prime;][\/vc_column][\/vc_row]<\/p>\n","protected":false},"excerpt":{"rendered":"<p>[vc_row middle_content=\u00a0\u00bbyes\u00a0\u00bb][vc_column width=\u00a0\u00bb1\/3&Prime;][vc_single_image image=\u00a0\u00bb295&Prime; alignment=\u00a0\u00bbcenter\u00a0\u00bb onclick=\u00a0\u00bbcustom_link\u00a0\u00bb css_animation=\u00a0\u00bbappear\u00a0\u00bb link=\u00a0\u00bbsinaex#inaher\u00a0\u00bb][\/vc_column][vc_column width=\u00a0\u00bb1\/3&Prime;][vc_single_image image=\u00a0\u00bb298&Prime; alignment=\u00a0\u00bbcenter\u00a0\u00bb onclick=\u00a0\u00bbcustom_link\u00a0\u00bb css_animation=\u00a0\u00bbappear\u00a0\u00bb link=\u00a0\u00bbsinaex#enpa\u00a0\u00bb][\/vc_column][vc_column width=\u00a0\u00bb1\/3&Prime;][vc_single_image image=\u00a0\u00bb879&Prime; img_size=\u00a0\u00bb\u00a0\u00bb alignment=\u00a0\u00bbcenter\u00a0\u00bb onclick=\u00a0\u00bbcustom_link\u00a0\u00bb css_animation=\u00a0\u00bbappear\u00a0\u00bb link=\u00a0\u00bbsinaex#atondoa\u00a0\u00bb][\/vc_column][\/vc_row][vc_row middle_content=\u00a0\u00bbyes\u00a0\u00bb padding_bottom=\u00a0\u00bb14%\u00a0\u00bb margin_bottom=\u00a0\u00bb0&Prime;][vc_column width=\u00a0\u00bb1\/2&Prime; tablet_sm_width=\u00a0\u00bb1&Prime;][vc_column_text]Sinaex dispose de plus de 6.200 m\u00b2 de superficie productive qui accueillent 3 centres de production. Nous sommes plus de 80 professionnels sp\u00e9cialis\u00e9s dans le secteur m\u00e9tal-m\u00e9canique, charg\u00e9s d\u2019adapter les [&hellip;]<\/p>\n","protected":false},"author":1,"featured_media":0,"parent":0,"menu_order":0,"comment_status":"closed","ping_status":"closed","template":"","meta":{"footnotes":""},"class_list":["post-389","page","type-page","status-publish","hentry"],"_links":{"self":[{"href":"http:\/\/sinaex.eu\/fr\/wp-json\/wp\/v2\/pages\/389","targetHints":{"allow":["GET"]}}],"collection":[{"href":"http:\/\/sinaex.eu\/fr\/wp-json\/wp\/v2\/pages"}],"about":[{"href":"http:\/\/sinaex.eu\/fr\/wp-json\/wp\/v2\/types\/page"}],"author":[{"embeddable":true,"href":"http:\/\/sinaex.eu\/fr\/wp-json\/wp\/v2\/users\/1"}],"replies":[{"embeddable":true,"href":"http:\/\/sinaex.eu\/fr\/wp-json\/wp\/v2\/comments?post=389"}],"version-history":[{"count":13,"href":"http:\/\/sinaex.eu\/fr\/wp-json\/wp\/v2\/pages\/389\/revisions"}],"predecessor-version":[{"id":909,"href":"http:\/\/sinaex.eu\/fr\/wp-json\/wp\/v2\/pages\/389\/revisions\/909"}],"wp:attachment":[{"href":"http:\/\/sinaex.eu\/fr\/wp-json\/wp\/v2\/media?parent=389"}],"curies":[{"name":"wp","href":"https:\/\/api.w.org\/{rel}","templated":true}]}}