{"id":361,"date":"2016-02-29T08:25:16","date_gmt":"2016-02-29T08:25:16","guid":{"rendered":"http:\/\/sinaex.eu\/nueva\/sinaex-mecanizado\/"},"modified":"2024-10-14T13:11:45","modified_gmt":"2024-10-14T12:11:45","slug":"sinaex-mecanizado","status":"publish","type":"page","link":"http:\/\/sinaex.eu\/fr\/","title":{"rendered":"ACCUEIL"},"content":{"rendered":"<p>[vc_row][vc_column][vc_row_inner][vc_column_inner width=\u00a0\u00bb1\/3&Prime;]<h2 class=\"grve-element grve-align-left grve-title-double-line grve-animated-item grve-fadeInRight\" style=\"\" data-delay=\"200\"><span>SINAEX<\/span><\/h2>[vc_column_text animation=\u00a0\u00bbfadeInRight\u00a0\u00bb]<\/p>\n<h4>Cela fait 50 ans que nous apportons des solutions aux besoins des projets d\u2019usinage depuis le plan jusqu\u2019\u00e0 la pi\u00e8ce finie, avec la plus haute qualit\u00e9 au meilleur prix.<\/h4>\n<p>[\/vc_column_text][\/vc_column_inner][vc_column_inner width=\u00a0\u00bb1\/3&Prime;][vc_column_text animation=\u00a0\u00bbfadeInRight\u00a0\u00bb]Sinaex est un groupement de soci\u00e9t\u00e9s du secteur de la m\u00e9tallurgie de Navarre, sp\u00e9cialis\u00e9 dans le d\u00e9veloppement int\u00e9gral de projets d\u2018usinage et d\u2019outils de haute qualit\u00e9. Nous disposons de plus de 6.200 m\u00b2 de superficie productive, qui accueillent 3 centres de production et nous travaillons avec plus de 80 professionnels sp\u00e9cialis\u00e9s dans le secteur m\u00e9tal-m\u00e9canique, charg\u00e9s d\u2019adapter les solutions aux besoins de chaque client.[\/vc_column_text][\/vc_column_inner][vc_column_inner width=\u00a0\u00bb1\/3&Prime;][vc_column_text animation=\u00a0\u00bbfadeInRight\u00a0\u00bb]Des entreprises nationales et internationales des secteurs les plus vari\u00e9s nous ont d\u00e9j\u00e0 fait confiance gr\u00e2ce \u00e0 :[\/vc_column_text]<div class=\"grve-element grve-list grve-list-check \" style=\"\"><ul>\n<li>Des services int\u00e9graux adapt\u00e9s \u00e0 chaque client.<\/li>\n<li>La qualit\u00e9 et pr\u00e9cision du produit fini.<\/li>\n<li>La flexibilit\u00e9 et rapidit\u00e9 de notre travail.<\/li>\n<li>Des prix de march\u00e9 tr\u00e8s comp\u00e9titifs.<\/li>\n<\/ul>\n<\/div>[\/vc_column_inner][\/vc_row_inner][vc_row_inner][vc_column_inner css=\u00a0\u00bb.vc_custom_1487331010574{padding-top: 40px !important;}\u00a0\u00bb]<div class=\"grve-element grve-video\" style=\"\"><iframe loading=\"lazy\" width=\"1080\" height=\"608\" src=\"https:\/\/www.youtube.com\/embed\/gYfo76cE4ZQ?feature=oembed\" frameborder=\"0\" allowfullscreen><\/iframe><\/div>[\/vc_column_inner][\/vc_row_inner][\/vc_column][\/vc_row][vc_row bg_type=\u00a0\u00bbcolor\u00a0\u00bb font_color=\u00a0\u00bb#ffffff\u00a0\u00bb bg_color=\u00a0\u00bb#00a09a\u00a0\u00bb padding_top=\u00a0\u00bb90&Prime; padding_bottom=\u00a0\u00bb90&Prime; margin_bottom=\u00a0\u00bb0&Prime;][vc_column]<div class=\"grve-element grve-callout grve-animated-item grve-fadeIn grve-btn-right\" style=\"\">  <div class=\"grve-callout-wrapper\">    <p class=\"grve-leader-text\">Voulez-vous nous conna\u00eetre?<\/p>  <\/div>  <div class=\"grve-button-wrapper\"><a class=\"grve-btn grve-btn-medium grve-extra-round grve-white-color grve-btn-line\" href=\"\/fr\/contact\/\" target=\"_self\" style=\"\"><span>Contact<\/span><\/a>  <\/div><\/div>[\/vc_column][\/vc_row][vc_row padding_top=\u00a0\u00bb10%\u00a0\u00bb margin_bottom=\u00a0\u00bb0&Prime; padding_bottom=\u00a0\u00bb8%\u00a0\u00bb][vc_column]<div class=\"grve-element grve-slogan grve-align-center grve-animated-item grve-fadeInUp\" style=\"\" data-delay=\"200\"><h3 class=\"grve-slogan-title grve-align-center grve-title-no-line\"><span>SERVICES<\/span><\/h3>  <p class=\"\">\u00ab Gr\u00e2ce \u00e0 une vaste gamme de services nous vous aidons \u00e0 transformer votre projet d\u2019usinage en une pi\u00e8ce faite sur mesure pour vous \u00bb.<\/p><\/div>[\/vc_column][\/vc_row][vc_row middle_content=\u00a0\u00bbyes\u00a0\u00bb tablet_sm_visibility=\u00a0\u00bbhide\u00a0\u00bb mobile_visibility=\u00a0\u00bbhide\u00a0\u00bb margin_bottom=\u00a0\u00bb0&Prime;][vc_column width=\u00a0\u00bb1\/2&Prime;]<div class=\"grve-element grve-image grve-animated-item grve-fadeIn grve-align-center\" style=\"\" data-delay=\"200\">  <img loading=\"lazy\" decoding=\"async\" alt=\"\" src=\"http:\/\/sinaex.eu\/wp-content\/uploads\/2016\/02\/sinaex-3.jpg\" width=\"404\" height=\"495\"><\/div>[\/vc_column][vc_column width=\u00a0\u00bb1\/2&Prime;]<div class=\"grve-element grve-slogan grve-align-left grve-animated-item grve-fadeInRight\" style=\"margin-bottom: 0px;\" data-delay=\"400\"><h5 class=\"grve-slogan-title grve-align-left grve-title-no-line\"><span>Le but de notre entreprise est<\/span><\/h5>  <p class=\"\">de comprendre les besoins de nos clients. Pour cela, nous \u00e9tudions chaque projet avec eux, \u00e0 la recherche de l\u2019am\u00e9lioration constante, depuis l\u2019assistance initiale jusqu\u2019au produit fini. Nous mettons notre exp\u00e9rience et notre technique au service de chaque demande, en nous adaptant \u00e0 chaque cas, en personnalisant les diff\u00e9rents services et en recherchant des solutions \u00ab cl\u00e9 en main \u00bb.<\/p>\n<p>Sur la commande du client, nous proc\u00e9dons \u00e0 fabriquer les pi\u00e8ces et les outils requis dans chaque projet. Nous offrons une haute pr\u00e9cision pour des pi\u00e8ces unitaires et des prototypes et nous apportons le recrutement de tous les traitements n\u00e9cessaires \u00e0 la fabrication et \u00e0 l\u2019usinage des pi\u00e8ces.<br \/>\n<\/p><\/div>[vc_empty_space height=\u00a0\u00bb40&Prime;]<div class=\"grve-element grve-align-left grve-animated-item grve-fadeInRight\" data-delay=\"200\"><a class=\"grve-btn grve-btn-medium grve-square grve-bg-primary-1\" href=\"\/fr\/services\/\" target=\"_self\" style=\"margin-bottom: 30px;\"><span>D\u00e9couvrez nos services<\/span><\/a><\/div>[\/vc_column][\/vc_row][vc_row heading_color=\u00a0\u00bblight\u00a0\u00bb bg_type=\u00a0\u00bbimage\u00a0\u00bb bg_image=\u00a0\u00bb324&Prime; bg_image_type=\u00a0\u00bbparallax\u00a0\u00bb color_overlay=\u00a0\u00bbdark\u00a0\u00bb opacity_overlay=\u00a0\u00bb70&Prime; font_color=\u00a0\u00bb#ffffff\u00a0\u00bb padding_top=\u00a0\u00bb12%\u00a0\u00bb padding_bottom=\u00a0\u00bb12%\u00a0\u00bb margin_bottom=\u00a0\u00bb0&Prime;][vc_column width=\u00a0\u00bb1\/6&Prime;][\/vc_column][vc_column width=\u00a0\u00bb2\/3&Prime;][vc_column_text animation=\u00a0\u00bbfadeInUp\u00a0\u00bb]<\/p>\n<blockquote><p><em>\u00ab\u00a0L\u2019usinage de pr\u00e9cision veut que l\u2019on travaille avec des machines de derni\u00e8re g\u00e9n\u00e9ration pour obtenir la meilleure qualit\u00e9\u00a0\u00bb <\/em><\/p>\n<p><em>\u00a0<\/em><\/p><\/blockquote>\n<p>[\/vc_column_text][vc_column_text animation=\u00a0\u00bbfadeInUp\u00a0\u00bb]<strong>SINAEX<\/strong> dispose de plus de <strong>6.200 m\u00b2<\/strong> qui accueillent 3 centres productifs et plus de <strong>80 professionnels sp\u00e9cialis\u00e9s<\/strong> dans le <strong>secteur m\u00e9tal-m\u00e9canique<\/strong>, qui travaillent sur des <strong>machines de derni\u00e8re g\u00e9n\u00e9ration<\/strong> pour offrir l\u2019usinage de la plus haute pr\u00e9cision et pouvoir r\u00e9aliser des processus de v\u00e9rification qui garantissent la qualit\u00e9.[\/vc_column_text][\/vc_column][vc_column width=\u00a0\u00bb1\/6&Prime;][\/vc_column][\/vc_row][vc_row padding_top=\u00a0\u00bb12%\u00a0\u00bb padding_bottom=\u00a0\u00bb8%\u00a0\u00bb margin_bottom=\u00a0\u00bb0&Prime;][vc_column width=\u00a0\u00bb1\/2&Prime; tablet_sm_width=\u00a0\u00bb1-2&Prime;]<div class=\"grve-element grve-box-icon grve-align-left grve-animated-item grve-fadeInUp\" style=\"margin-bottom: 0px;\" data-delay=\"200\">  <div class=\"grve-icon grve-medium grve-simple grve-no-shape grve-color-primary-1 smp-icon-settings\"><\/div>  <div class=\"grve-box-content\"><h5 class=\"grve-box-title\"><span>CLIENTS ET SECTEURS D'ACTION<\/span><\/h5>  <\/div><\/div>[vc_empty_space height=\u00a0\u00bb60&Prime;][vc_column_text animation=\u00a0\u00bbfadeInLeft\u00a0\u00bb]<\/p>\n<blockquote><p><em>\u00ab\u00a0Cela fait plus de 50 ans que nous contribuons \u00e0 ce que les besoins de nos clients deviennent des r\u00e9alit\u00e9s\u00a0\u00bb<\/em><\/p><\/blockquote>\n<p>[\/vc_column_text][vc_column_text animation=\u00a0\u00bbfadeInLeft\u00a0\u00bb]Notre exp\u00e9rience, longue d\u2019un demi-si\u00e8cle, nous a permis de travailler avec les secteurs les plus divers. Nombreux sont d\u00e9j\u00e0 les clients, nationaux ou internationaux, \u00e0 la t\u00eate de leurs secteurs respectifs, qui nous ont confi\u00e9 leurs projets pour que nous en fassions une r\u00e9alit\u00e9 au meilleur prix et avec la plus haute qualit\u00e9.[\/vc_column_text][\/vc_column][vc_column width=\u00a0\u00bb1\/2&Prime; tablet_sm_width=\u00a0\u00bb1-2&Prime; css=\u00a0\u00bb.vc_custom_1487328600282{padding-left: 30px !important;}\u00a0\u00bb][vc_column_text text_style=\u00a0\u00bbsubtitle\u00a0\u00bb animation=\u00a0\u00bbfadeInRight\u00a0\u00bb]<\/p>\n<h6>Nous travaillons pour le :<\/h6>\n<p>[\/vc_column_text]<div class=\"grve-element grve-hr grve-line-divider\" style=\"margin-bottom: 30px;padding-bottom: 20px;\"><\/div>[vc_row_inner][vc_column_inner width=\u00a0\u00bb1\/2&Prime;]<div class=\"grve-element grve-list grve-list-angle-double-right \" style=\"\"><ul>\n<li>Secteur a\u00e9ronautique.<\/li>\n<li>Secteur automobile.<\/li>\n<li>\u00c9nergies renouvelables.<\/li>\n<li>Secteur agricole.<\/li>\n<li>Secteur m\u00e9canique.<\/li>\n<li>Secteur ferroviaire.<\/li>\n<li>Machine outil.<\/li>\n<li>Industrie papeti\u00e8re.<\/li>\n<\/ul>\n<\/div>[\/vc_column_inner][vc_column_inner width=\u00a0\u00bb1\/2&Prime;]<div class=\"grve-element grve-list grve-list-angle-double-right \" style=\"\"><ul>\n<li>Machine agroalimentaire.<\/li>\n<li>D\u00e9colletage.<\/li>\n<li>Usinage de m\u00e9tal et d\u2019outils.<\/li>\n<li>Secteur du mat\u00e9riel clinique.<\/li>\n<li>Fabricants de machines en g\u00e9n\u00e9ral.<\/li>\n<\/ul>\n<\/div>[\/vc_column_inner][\/vc_row_inner][\/vc_column][\/vc_row][vc_row heading_color=\u00a0\u00bblight\u00a0\u00bb section_type=\u00a0\u00bbfullwidth-element\u00a0\u00bb middle_content=\u00a0\u00bbyes\u00a0\u00bb bg_type=\u00a0\u00bbcolor\u00a0\u00bb footer_feature=\u00a0\u00bbyes\u00a0\u00bb font_color=\u00a0\u00bb#ffffff\u00a0\u00bb bg_color=\u00a0\u00bb#162830&Prime;][vc_column width=\u00a0\u00bb1\/3&Prime; tablet_width=\u00a0\u00bb1-2&Prime;]<div class=\"grve-element grve-image grve-full-image grve-align-center\" style=\"\">  <img loading=\"lazy\" decoding=\"async\" alt=\"\" src=\"http:\/\/sinaex.eu\/wp-content\/uploads\/2016\/02\/sinaex1.jpg\" width=\"800\" height=\"800\"><\/div>[\/vc_column][vc_column width=\u00a0\u00bb1\/3&Prime; tablet_width=\u00a0\u00bb1-2&Prime;]<div class=\"grve-element grve-image grve-full-image grve-align-center\" style=\"\">  <img loading=\"lazy\" decoding=\"async\" alt=\"\" src=\"http:\/\/sinaex.eu\/wp-content\/uploads\/2016\/02\/sinaex4.jpg\" width=\"800\" height=\"800\" data-at2x=\"http:\/\/sinaex.eu\/wp-content\/uploads\/2016\/02\/sinaex4.jpg\"><\/div>[\/vc_column][vc_column width=\u00a0\u00bb1\/3&Prime; tablet_width=\u00a0\u00bb1&Prime; css=\u00a0\u00bb.vc_custom_1457193748834{padding-right: 3% !important;padding-left: 3% !important;}\u00a0\u00bb][vc_empty_space height=\u00a0\u00bb60&Prime;]<div class=\"grve-element grve-slogan grve-align-left grve-animated-item grve-fadeInRight\" style=\"margin-bottom: 0px;\" data-delay=\"200\"><h4 class=\"grve-slogan-title grve-align-left grve-title-no-line\"><span>GARANTIE<\/span><\/h4>  <p class=\"\"><\/p><\/div>[vc_column_text animation=\u00a0\u00bbfadeInRight\u00a0\u00bb]<\/p>\n<blockquote><p><em>\u00ab\u00a0Qualit\u00e9, confiance, engagement, la meilleure garantie pour nos clients\u00a0\u00bb<\/em><\/p><\/blockquote>\n<p>Nous r\u00e9alisons un effort important en mati\u00e8re de qualit\u00e9 \u00e0 travers l\u2019optimisation des processus productifs et nous misons sur l\u2019implantation de l\u2019am\u00e9lioration continue. C\u2019est la raison pour laquelle nous disposons des homologations les plus exigeantes requises par les clients.<\/p>\n<p>En outre, nous misons sur l\u2019implantation de syst\u00e8mes et de moyens de gestion appropri\u00e9s dans la pr\u00e9vention de risques professionnels.<\/p>\n<p>Des institutions comme le <strong>Gouvernement de Navarre<\/strong>, \u00e0 travers le <strong>Plan d&rsquo;Internationalisation de Navarre (PIN)<\/strong> et le <strong>Fonds FEDER<\/strong> soutiennent notre travail.<\/p>\n<p>[\/vc_column_text][vc_empty_space height=\u00a0\u00bb30&Prime;][\/vc_column][\/vc_row]<\/p>\n","protected":false},"excerpt":{"rendered":"<p>[vc_row][vc_column][vc_row_inner][vc_column_inner width=\u00a0\u00bb1\/3&Prime;][vc_column_text animation=\u00a0\u00bbfadeInRight\u00a0\u00bb] Cela fait 50 ans que nous apportons des solutions aux besoins des projets d\u2019usinage depuis le plan jusqu\u2019\u00e0 la pi\u00e8ce finie, avec la plus haute qualit\u00e9 au meilleur prix. [\/vc_column_text][\/vc_column_inner][vc_column_inner width=\u00a0\u00bb1\/3&Prime;][vc_column_text animation=\u00a0\u00bbfadeInRight\u00a0\u00bb]Sinaex est un groupement de soci\u00e9t\u00e9s du secteur de la m\u00e9tallurgie de Navarre, sp\u00e9cialis\u00e9 dans le d\u00e9veloppement int\u00e9gral de projets d\u2018usinage [&hellip;]<\/p>\n","protected":false},"author":1,"featured_media":0,"parent":0,"menu_order":0,"comment_status":"closed","ping_status":"closed","template":"","meta":{"footnotes":""},"class_list":["post-361","page","type-page","status-publish","hentry"],"_links":{"self":[{"href":"http:\/\/sinaex.eu\/fr\/wp-json\/wp\/v2\/pages\/361","targetHints":{"allow":["GET"]}}],"collection":[{"href":"http:\/\/sinaex.eu\/fr\/wp-json\/wp\/v2\/pages"}],"about":[{"href":"http:\/\/sinaex.eu\/fr\/wp-json\/wp\/v2\/types\/page"}],"author":[{"embeddable":true,"href":"http:\/\/sinaex.eu\/fr\/wp-json\/wp\/v2\/users\/1"}],"replies":[{"embeddable":true,"href":"http:\/\/sinaex.eu\/fr\/wp-json\/wp\/v2\/comments?post=361"}],"version-history":[{"count":9,"href":"http:\/\/sinaex.eu\/fr\/wp-json\/wp\/v2\/pages\/361\/revisions"}],"predecessor-version":[{"id":898,"href":"http:\/\/sinaex.eu\/fr\/wp-json\/wp\/v2\/pages\/361\/revisions\/898"}],"wp:attachment":[{"href":"http:\/\/sinaex.eu\/fr\/wp-json\/wp\/v2\/media?parent=361"}],"curies":[{"name":"wp","href":"https:\/\/api.w.org\/{rel}","templated":true}]}}