{"id":540,"date":"2016-02-29T14:03:50","date_gmt":"2016-02-29T13:03:50","guid":{"rendered":"http:\/\/sinaex.eu\/nueva\/eventos\/"},"modified":"2017-02-18T14:58:55","modified_gmt":"2017-02-18T13:58:55","slug":"events","status":"publish","type":"page","link":"http:\/\/sinaex.eu\/en\/events\/","title":{"rendered":"EVENTS"},"content":{"rendered":"<p>[vc_row bg_type=&#8221;color&#8221; header_feature=&#8221;yes&#8221; bg_color=&#8221;#f2f2f2&#8243; padding_top=&#8221;40px&#8221; padding_bottom=&#8221;40px&#8221; margin_bottom=&#8221;60px&#8221;][vc_column][vc_column_text animation=&#8221;fadeInUp&#8221;]<\/p>\n<p style=\"text-align: center;\">In this section we will tell you about how we travel around the world to keep up with the latest changes. By attending events, conferences, fairs, etc. we can share our experience with industry professionals and open doors to new solutions that could be useful in optimising these machining processes.<\/p>\n<h4 style=\"text-align: center;\">Because our clients deserve the best solutions.<\/h4>\n<p>[\/vc_column_text][\/vc_column][\/vc_row][vc_row][vc_column width=&#8221;2\/3&#8243;]\t\t<div class=\"grve-element grve-blog grve-small-media grve-non-isotope\" style=\"\" >\r\n\t\t\t<div class=\"grve-standard-container\">\r\n\t\t\t<article id=\"post-740\" class=\"grve-blog-item grve-small-post grve-non-isotope-item post-740 post type-post status-publish format-standard hentry category-uncategorized\" itemscope itemType=\"http:\/\/schema.org\/BlogPosting\">\r\n\t\t\t\t\t\t\t\t\t\t<meta itemprop=\"image\" content=\"http:\/\/sinaex.eu\/wp-content\/plugins\/grve-osmosis-vc-extension\/assets\/images\/empty\/thumbnail.jpg\"\/>\r\n\r\n\t\t\t\t\t\t\t\t\t\t\t<div class=\"grve-post-content\">\r\n\t\t\t\t\t\t\t<a href=\"http:\/\/sinaex.eu\/en\/2017\/03\/16\/sinaex-conquista-feria-midest-paris\/\" rel=\"bookmark\"><h4 class=\"grve-post-title\" itemprop=\"name headline\">&#8216;Sinaex Group\u2019 conquista la Feria Midest de Par\u00eds<\/h4><\/a>\t\t\t\t\t\t\t<div class=\"grve-post-meta\">\r\n\t\t\t\t\t\t\t\t\t<time class=\"grve-post-date\" itemprop=\"datePublished\" datetime=\"2017-03-16T12:50:10+01:00\">\r\n\t\t16 March, 2017\t<\/time>\r\n\t<div class=\"grve-post-comments grve-small-text\">\r\n\t\t<span class=\"grve-icon-comment\"><\/span> 0\t<\/div>\r\n\t\t<div class=\"grve-like-counter\"><span class=\"grve-icon-heart\"><\/span>0<\/div>\n\t\t\t\t\t\t\t<\/div>\r\n\t\t\t\t\t\t\t<div itemprop=\"articleBody\"><p>Sinaex Group, se ha convertido en la \u00fanica entidad de origen &#8216;no franc\u00e9s&#8217; que se alza con uno de los premios de la Feria Midest, de Par\u00eds, la cita m\u00e1s importante para el sector de la subcontrataci\u00f3n industrial en Europa celebrada estos \u00faltimos d\u00edas en la capital gala. Alcanzar este hito ha supuesto para nuestro&hellip;<\/p><a class=\"grve-read-more\" href=\"http:\/\/sinaex.eu\/en\/2017\/03\/16\/sinaex-conquista-feria-midest-paris\/\"><span>read more<\/span><\/a><\/div>\t\t\t\t\t\t<\/div>\r\n\t\t\t\t\t\r\n\t\t\t\t\t\t\t<\/article>\r\n\r\n\t\t\t<article id=\"post-680\" class=\"grve-blog-item grve-small-post grve-non-isotope-item post-680 post type-post status-publish format-standard has-post-thumbnail hentry category-uncategorized\" itemscope itemType=\"http:\/\/schema.org\/BlogPosting\">\r\n\t\t\t\t\t\t\t\t\t\t<meta itemprop=\"image\" content=\"http:\/\/sinaex.eu\/wp-content\/uploads\/2017\/02\/Trophees-de-la-sous-traitance-industrielle-nomine.png\"\/>\r\n\t\t<div class=\"grve-media grve-image-hover\">\r\n\t\t\t<a href=\"http:\/\/sinaex.eu\/en\/2016\/12\/01\/sinaex-is-set-to-attend-the-midest-fair-in-paris-which-will-be-held-from-6th-to-9th-december\/\"><img loading=\"lazy\" decoding=\"async\" width=\"560\" height=\"284\" src=\"http:\/\/sinaex.eu\/wp-content\/uploads\/2017\/02\/Trophees-de-la-sous-traitance-industrielle-nomine-560x284.png\" class=\"attachment-grve-image-small-rect-horizontal size-grve-image-small-rect-horizontal wp-post-image\" alt=\"\" itemprop=\"image\" \/><\/a>\r\n\t\t<\/div>\r\n\r\n\t\t\t\t\t\t\t\t\t\t\t<div class=\"grve-post-content\">\r\n\t\t\t\t\t\t\t<a href=\"http:\/\/sinaex.eu\/en\/2016\/12\/01\/sinaex-is-set-to-attend-the-midest-fair-in-paris-which-will-be-held-from-6th-to-9th-december\/\" rel=\"bookmark\"><h4 class=\"grve-post-title\" itemprop=\"name headline\">SINAEX is set to attend the Midest Fair in Paris, which will be held from 6th to 9th December<\/h4><\/a>\t\t\t\t\t\t\t<div class=\"grve-post-meta\">\r\n\t\t\t\t\t\t\t\t\t<time class=\"grve-post-date\" itemprop=\"datePublished\" datetime=\"2016-12-01T09:54:48+01:00\">\r\n\t\t1 December, 2016\t<\/time>\r\n\t<div class=\"grve-post-comments grve-small-text\">\r\n\t\t<span class=\"grve-icon-comment\"><\/span> 0\t<\/div>\r\n\t\t<div class=\"grve-like-counter\"><span class=\"grve-icon-heart\"><\/span>0<\/div>\n\t\t\t\t\t\t\t<\/div>\r\n\t\t\t\t\t\t\t<div itemprop=\"articleBody\"><p>The latest edition of Midest played host to 1,603 exhibitors from 39 countries and welcomed 34,070 professional visitors from 68 different countries.<\/p><a class=\"grve-read-more\" href=\"http:\/\/sinaex.eu\/en\/2016\/12\/01\/sinaex-is-set-to-attend-the-midest-fair-in-paris-which-will-be-held-from-6th-to-9th-december\/\"><span>read more<\/span><\/a><\/div>\t\t\t\t\t\t<\/div>\r\n\t\t\t\t\t\r\n\t\t\t\t\t\t\t<\/article>\r\n\r\n\t\t\t<article id=\"post-690\" class=\"grve-blog-item grve-small-post grve-non-isotope-item post-690 post type-post status-publish format-standard has-post-thumbnail hentry category-uncategorized\" itemscope itemType=\"http:\/\/schema.org\/BlogPosting\">\r\n\t\t\t\t\t\t\t\t\t\t<meta itemprop=\"image\" content=\"http:\/\/sinaex.eu\/wp-content\/uploads\/2016\/11\/swiss-tech-16.png\"\/>\r\n\t\t<div class=\"grve-media grve-image-hover\">\r\n\t\t\t<a href=\"http:\/\/sinaex.eu\/en\/2016\/11\/01\/we-attended-the-swisstech-fair-in-basel-one-of-the-most-influential-global-outsourcing-industry-fairs-date-from-15th-to-18th-november-2016\/\"><img loading=\"lazy\" decoding=\"async\" width=\"560\" height=\"284\" src=\"http:\/\/sinaex.eu\/wp-content\/uploads\/2016\/11\/swiss-tech-16-560x284.png\" class=\"attachment-grve-image-small-rect-horizontal size-grve-image-small-rect-horizontal wp-post-image\" alt=\"\" itemprop=\"image\" \/><\/a>\r\n\t\t<\/div>\r\n\r\n\t\t\t\t\t\t\t\t\t\t\t<div class=\"grve-post-content\">\r\n\t\t\t\t\t\t\t<a href=\"http:\/\/sinaex.eu\/en\/2016\/11\/01\/we-attended-the-swisstech-fair-in-basel-one-of-the-most-influential-global-outsourcing-industry-fairs-date-from-15th-to-18th-november-2016\/\" rel=\"bookmark\"><h4 class=\"grve-post-title\" itemprop=\"name headline\">We attended the Swisstech Fair in Basel &#8211; one of the most influential global outsourcing industry fairs Date: from 15th to 18th November 2016<\/h4><\/a>\t\t\t\t\t\t\t<div class=\"grve-post-meta\">\r\n\t\t\t\t\t\t\t\t\t<time class=\"grve-post-date\" itemprop=\"datePublished\" datetime=\"2016-11-01T07:49:58+01:00\">\r\n\t\t1 November, 2016\t<\/time>\r\n\t<div class=\"grve-post-comments grve-small-text\">\r\n\t\t<span class=\"grve-icon-comment\"><\/span> 0\t<\/div>\r\n\t\t<div class=\"grve-like-counter\"><span class=\"grve-icon-heart\"><\/span>0<\/div>\n\t\t\t\t\t\t\t<\/div>\r\n\t\t\t\t\t\t\t<div itemprop=\"articleBody\"><p>Last November, SINAEX travelled to the SWISSTECH Fair to discover more first hand about this hub for the industry and technical professional buyers. It is one of the main supplying events in Europe, and acts as a compact platform with unique solutions in metals and plastic industries.<\/p><a class=\"grve-read-more\" href=\"http:\/\/sinaex.eu\/en\/2016\/11\/01\/we-attended-the-swisstech-fair-in-basel-one-of-the-most-influential-global-outsourcing-industry-fairs-date-from-15th-to-18th-november-2016\/\"><span>read more<\/span><\/a><\/div>\t\t\t\t\t\t<\/div>\r\n\t\t\t\t\t\r\n\t\t\t\t\t\t\t<\/article>\r\n\r\n\t\t\t<article id=\"post-699\" class=\"grve-blog-item grve-small-post grve-non-isotope-item post-699 post type-post status-publish format-standard has-post-thumbnail hentry category-uncategorized\" itemscope itemType=\"http:\/\/schema.org\/BlogPosting\">\r\n\t\t\t\t\t\t\t\t\t\t<meta itemprop=\"image\" content=\"http:\/\/sinaex.eu\/wp-content\/uploads\/2017\/02\/esef-2016.png\"\/>\r\n\t\t<div class=\"grve-media grve-image-hover\">\r\n\t\t\t<a href=\"http:\/\/sinaex.eu\/en\/2016\/03\/01\/we-attended-the-european-subcontracting-and-engineering-fair-2016-in-the-netherlands-a-european-benchmark-in-subcontracting-supplies-and-engineering\/\"><img loading=\"lazy\" decoding=\"async\" width=\"560\" height=\"284\" src=\"http:\/\/sinaex.eu\/wp-content\/uploads\/2017\/02\/esef-2016-560x284.png\" class=\"attachment-grve-image-small-rect-horizontal size-grve-image-small-rect-horizontal wp-post-image\" alt=\"\" itemprop=\"image\" \/><\/a>\r\n\t\t<\/div>\r\n\r\n\t\t\t\t\t\t\t\t\t\t\t<div class=\"grve-post-content\">\r\n\t\t\t\t\t\t\t<a href=\"http:\/\/sinaex.eu\/en\/2016\/03\/01\/we-attended-the-european-subcontracting-and-engineering-fair-2016-in-the-netherlands-a-european-benchmark-in-subcontracting-supplies-and-engineering\/\" rel=\"bookmark\"><h4 class=\"grve-post-title\" itemprop=\"name headline\">We attended the European Subcontracting and Engineering Fair 2016 in the Netherlands, a European benchmark in subcontracting, supplies and engineering<\/h4><\/a>\t\t\t\t\t\t\t<div class=\"grve-post-meta\">\r\n\t\t\t\t\t\t\t\t\t<time class=\"grve-post-date\" itemprop=\"datePublished\" datetime=\"2016-03-01T15:34:18+01:00\">\r\n\t\t1 March, 2016\t<\/time>\r\n\t<div class=\"grve-post-comments grve-small-text\">\r\n\t\t<span class=\"grve-icon-comment\"><\/span> 0\t<\/div>\r\n\t\t<div class=\"grve-like-counter\"><span class=\"grve-icon-heart\"><\/span>0<\/div>\n\t\t\t\t\t\t\t<\/div>\r\n\t\t\t\t\t\t\t<div itemprop=\"articleBody\"><p>Dates: from 15th to 18th March 2016 As we are always on the move and want to keep up with the latest European trends, last spring we decided to travel to the city of Utrecht in the Netherlands to attend the ESEF &#8211; the largest in Benelux &#8211; in the field of outsourcing, supplies and&hellip;<\/p><a class=\"grve-read-more\" href=\"http:\/\/sinaex.eu\/en\/2016\/03\/01\/we-attended-the-european-subcontracting-and-engineering-fair-2016-in-the-netherlands-a-european-benchmark-in-subcontracting-supplies-and-engineering\/\"><span>read more<\/span><\/a><\/div>\t\t\t\t\t\t<\/div>\r\n\t\t\t\t\t\r\n\t\t\t\t\t\t\t<\/article>\r\n\r\n\t\t\t<\/div>\r\n\t\t<\/div>\r\n[\/vc_column][vc_column width=&#8221;1\/3&#8243;][vc_widget_sidebar sidebar_id=&#8221;grve-default-sidebar&#8221;][\/vc_column][\/vc_row]<\/p>\n","protected":false},"excerpt":{"rendered":"<p>[vc_row bg_type=&#8221;color&#8221; header_feature=&#8221;yes&#8221; bg_color=&#8221;#f2f2f2&#8243; padding_top=&#8221;40px&#8221; padding_bottom=&#8221;40px&#8221; margin_bottom=&#8221;60px&#8221;][vc_column][vc_column_text animation=&#8221;fadeInUp&#8221;] In this section we will tell you about how we travel around the world to keep up with the latest changes. By attending events, conferences, fairs, etc. we can share our experience with industry professionals and open doors to new solutions that could be useful in optimising [&hellip;]<\/p>\n","protected":false},"author":1,"featured_media":0,"parent":0,"menu_order":0,"comment_status":"closed","ping_status":"closed","template":"","meta":{"footnotes":""},"class_list":["post-540","page","type-page","status-publish","hentry"],"_links":{"self":[{"href":"http:\/\/sinaex.eu\/en\/wp-json\/wp\/v2\/pages\/540","targetHints":{"allow":["GET"]}}],"collection":[{"href":"http:\/\/sinaex.eu\/en\/wp-json\/wp\/v2\/pages"}],"about":[{"href":"http:\/\/sinaex.eu\/en\/wp-json\/wp\/v2\/types\/page"}],"author":[{"embeddable":true,"href":"http:\/\/sinaex.eu\/en\/wp-json\/wp\/v2\/users\/1"}],"replies":[{"embeddable":true,"href":"http:\/\/sinaex.eu\/en\/wp-json\/wp\/v2\/comments?post=540"}],"version-history":[{"count":10,"href":"http:\/\/sinaex.eu\/en\/wp-json\/wp\/v2\/pages\/540\/revisions"}],"predecessor-version":[{"id":645,"href":"http:\/\/sinaex.eu\/en\/wp-json\/wp\/v2\/pages\/540\/revisions\/645"}],"wp:attachment":[{"href":"http:\/\/sinaex.eu\/en\/wp-json\/wp\/v2\/media?parent=540"}],"curies":[{"name":"wp","href":"https:\/\/api.w.org\/{rel}","templated":true}]}}