{"id":590,"date":"2016-02-29T08:24:23","date_gmt":"2016-02-29T08:24:23","guid":{"rendered":"http:\/\/sinaex.eu\/nueva\/contacto\/"},"modified":"2024-10-14T13:22:56","modified_gmt":"2024-10-14T12:22:56","slug":"kontakt","status":"publish","type":"page","link":"http:\/\/sinaex.eu\/de\/kontakt\/","title":{"rendered":"Kontakt"},"content":{"rendered":"<p>[vc_row bg_type=&#8220;color&#8220; header_feature=&#8220;yes&#8220; bg_color=&#8220;#0f0e2d&#8220;][vc_column]<div class=\"grve-element grve-image grve-animated-item grve-fadeIn grve-full-image grve-align-center\" style=\"\" data-delay=\"200\"><a class=\"grve-image-popup\" href=\"http:\/\/sinaex.eu\/wp-content\/uploads\/2024\/10\/Mapa24-2-1920x896.png\">  <img loading=\"lazy\" decoding=\"async\" alt=\"\" src=\"http:\/\/sinaex.eu\/wp-content\/uploads\/2024\/10\/Mapa24-2.png\" width=\"2940\" height=\"1372\"><\/a><\/div>[\/vc_column][\/vc_row][vc_row footer_feature=&#8220;yes&#8220; padding_top=&#8220;5%&#8220; padding_bottom=&#8220;12%&#8220;][vc_column width=&#8220;1\/6&#8243;][\/vc_column][vc_column width=&#8220;2\/3&#8243;]<div class=\"grve-element grve-slogan grve-align-center grve-animated-item grve-fadeInUp\" style=\"\" data-delay=\"200\"><h4 class=\"grve-slogan-title grve-align-center grve-title-no-line\"><span>Lernen Sie uns kennen.<\/span><\/h4>  <p class=\"\">Vielen Dank f\u00fcr Ihr Interesse in unsere Produkte und Serviceleistungen. Innerhalb von 48 Stunden erhalten Sie eine Antwort. Geben Sie bitte im Formular Ihre Telefonnummer an, damit wir Sie innerhalb k\u00fcrzester Zeit betreuen k\u00f6nnen. Wir w\u00fcrden gerne mehr \u00fcber Ihre Bed\u00fcrfnisse erfahren, um Ihnen unseren besten Service zu bieten. Wir stehen Ihnen zur Verf\u00fcgung.<\/p><\/div>[vc_empty_space height=&#8220;40&#8243;]<div role=\"form\" class=\"wpcf7\" id=\"wpcf7-f587-o1\" lang=\"en-US\" dir=\"ltr\">\n<div class=\"screen-reader-response\"><\/div>\n<form action=\"\/de\/wp-json\/wp\/v2\/pages\/590#wpcf7-f587-o1\" method=\"post\" class=\"wpcf7-form\" novalidate=\"novalidate\">\n<div style=\"display: none;\">\n<input type=\"hidden\" name=\"_wpcf7\" value=\"587\" \/>\n<input type=\"hidden\" name=\"_wpcf7_version\" value=\"5.1.1\" \/>\n<input type=\"hidden\" name=\"_wpcf7_locale\" value=\"en_US\" \/>\n<input type=\"hidden\" name=\"_wpcf7_unit_tag\" value=\"wpcf7-f587-o1\" \/>\n<input type=\"hidden\" name=\"_wpcf7_container_post\" value=\"0\" \/>\n<input type=\"hidden\" name=\"g-recaptcha-response\" value=\"\" \/>\n<\/div>\n<p class=\"grve-one-half grve-with-icon\"><i class=\"fa fa-user\"><\/i><span class=\"wpcf7-form-control-wrap your-name\"><input type=\"text\" name=\"your-name\" value=\"\" size=\"40\" class=\"wpcf7-form-control wpcf7-text wpcf7-validates-as-required\" aria-required=\"true\" aria-invalid=\"false\" placeholder=\"Name\" \/><\/span> <\/p>\n<p class=\"grve-one-half grve-last-column grve-with-icon\"><i class=\"fa fa-university \"><\/i><span class=\"wpcf7-form-control-wrap empresa\"><input type=\"text\" name=\"empresa\" value=\"\" size=\"40\" class=\"wpcf7-form-control wpcf7-text wpcf7-validates-as-required\" aria-required=\"true\" aria-invalid=\"false\" placeholder=\"Unternehmen\" \/><\/span> <\/p>\n<p class=\"grve-one-half grve-with-icon\"><i class=\"fa fa-phone\"><\/i><span class=\"wpcf7-form-control-wrap telefono\"><input type=\"tel\" name=\"telefono\" value=\"\" size=\"40\" class=\"wpcf7-form-control wpcf7-text wpcf7-tel wpcf7-validates-as-tel\" aria-invalid=\"false\" placeholder=\"Fernsprecher\" \/><\/span><\/p>\n<p class=\"grve-one-half grve-last-column grve-with-icon\"><i class=\"fa fa-envelope\"><\/i><span class=\"wpcf7-form-control-wrap your-email\"><input type=\"email\" name=\"your-email\" value=\"\" size=\"40\" class=\"wpcf7-form-control wpcf7-text wpcf7-email wpcf7-validates-as-required wpcf7-validates-as-email\" aria-required=\"true\" aria-invalid=\"false\" placeholder=\"E-Mail\" \/><\/span> <\/p>\n<p><span class=\"wpcf7-form-control-wrap your-message\"><textarea name=\"your-message\" cols=\"40\" rows=\"10\" class=\"wpcf7-form-control wpcf7-textarea\" aria-invalid=\"false\" placeholder=\"Nachricht\"><\/textarea><\/span> <\/p>\n<p><span class=\"wpcf7-form-control-wrap acceptance-602\"><span class=\"wpcf7-form-control wpcf7-acceptance\"><span class=\"wpcf7-list-item\"><label><input type=\"checkbox\" name=\"acceptance-602\" value=\"1\" aria-invalid=\"false\" \/><span class=\"wpcf7-list-item-label\">Acepto la <a href=\"\/aviso-e-infomacion-legales\/\" title=\"Aviso legal\" target=\"_blank\">Pol\u00edtica general de privacidad<\/a><\/span><\/label><\/span><\/span><\/span><\/p>\n<p class=\"grve-align-center\"><input type=\"submit\" value=\"Senden\" class=\"wpcf7-form-control wpcf7-submit\" \/><\/p>\n<div class=\"wpcf7-response-output wpcf7-display-none\"><\/div><\/form><\/div>[\/vc_column][vc_column width=&#8220;1\/6&#8243;][\/vc_column][\/vc_row]<\/p>\n","protected":false},"excerpt":{"rendered":"<p>[vc_row bg_type=&#8220;color&#8220; header_feature=&#8220;yes&#8220; bg_color=&#8220;#0f0e2d&#8220;][vc_column][\/vc_column][\/vc_row][vc_row footer_feature=&#8220;yes&#8220; padding_top=&#8220;5%&#8220; padding_bottom=&#8220;12%&#8220;][vc_column width=&#8220;1\/6&#8243;][\/vc_column][vc_column width=&#8220;2\/3&#8243;][vc_empty_space height=&#8220;40&#8243;][\/vc_column][vc_column width=&#8220;1\/6&#8243;][\/vc_column][\/vc_row]<\/p>\n","protected":false},"author":1,"featured_media":0,"parent":0,"menu_order":0,"comment_status":"closed","ping_status":"closed","template":"","meta":{"footnotes":""},"class_list":["post-590","page","type-page","status-publish","hentry"],"_links":{"self":[{"href":"http:\/\/sinaex.eu\/de\/wp-json\/wp\/v2\/pages\/590","targetHints":{"allow":["GET"]}}],"collection":[{"href":"http:\/\/sinaex.eu\/de\/wp-json\/wp\/v2\/pages"}],"about":[{"href":"http:\/\/sinaex.eu\/de\/wp-json\/wp\/v2\/types\/page"}],"author":[{"embeddable":true,"href":"http:\/\/sinaex.eu\/de\/wp-json\/wp\/v2\/users\/1"}],"replies":[{"embeddable":true,"href":"http:\/\/sinaex.eu\/de\/wp-json\/wp\/v2\/comments?post=590"}],"version-history":[{"count":2,"href":"http:\/\/sinaex.eu\/de\/wp-json\/wp\/v2\/pages\/590\/revisions"}],"predecessor-version":[{"id":906,"href":"http:\/\/sinaex.eu\/de\/wp-json\/wp\/v2\/pages\/590\/revisions\/906"}],"wp:attachment":[{"href":"http:\/\/sinaex.eu\/de\/wp-json\/wp\/v2\/media?parent=590"}],"curies":[{"name":"wp","href":"https:\/\/api.w.org\/{rel}","templated":true}]}}