{"id":542,"date":"2016-02-29T14:03:50","date_gmt":"2016-02-29T13:03:50","guid":{"rendered":"http:\/\/sinaex.eu\/nueva\/eventos\/"},"modified":"2017-02-18T13:41:53","modified_gmt":"2017-02-18T12:41:53","slug":"events","status":"publish","type":"page","link":"http:\/\/sinaex.eu\/de\/events\/","title":{"rendered":"Events"},"content":{"rendered":"<p>[vc_row bg_type=&#8220;color&#8220; header_feature=&#8220;yes&#8220; bg_color=&#8220;#f2f2f2&#8243; padding_top=&#8220;40px&#8220; padding_bottom=&#8220;40px&#8220; margin_bottom=&#8220;60px&#8220;][vc_column][vc_column_text animation=&#8220;fadeInUp&#8220;]<\/p>\n<p style=\"text-align: center;\">In diesem Bereich berichten wir von unserer weltweiten Suche nach den neuesten Entwicklungen. Durch die Teilnahmen an Veranstaltungen, Tagungen, Fachmessen usw. tauschen wir unsere Erfahrungen mit Fachleuten der Branche aus und \u00f6ffnen so T\u00fcren f\u00fcr neue L\u00f6sungen, die f\u00fcr eine Optimierung im Bearbeitungsprozess sehr n\u00fctzlich sein k\u00f6nnen.<\/p>\n<h4 style=\"text-align: center;\">Schlie\u00dflich verdienen unsere Kunden die beste L\u00f6sung.<\/h4>\n<p>[\/vc_column_text][\/vc_column][\/vc_row][vc_row][vc_column width=&#8220;2\/3&#8243;]\t\t<div class=\"grve-element grve-blog grve-small-media grve-non-isotope\" style=\"\" >\r\n\t\t\t<div class=\"grve-standard-container\">\r\n\t\t\t<article id=\"post-742\" class=\"grve-blog-item grve-small-post grve-non-isotope-item post-742 post type-post status-publish format-standard hentry category-unkategorisiert\" itemscope itemType=\"http:\/\/schema.org\/BlogPosting\">\r\n\t\t\t\t\t\t\t\t\t\t<meta itemprop=\"image\" content=\"http:\/\/sinaex.eu\/wp-content\/plugins\/grve-osmosis-vc-extension\/assets\/images\/empty\/thumbnail.jpg\"\/>\r\n\r\n\t\t\t\t\t\t\t\t\t\t\t<div class=\"grve-post-content\">\r\n\t\t\t\t\t\t\t<a href=\"http:\/\/sinaex.eu\/de\/2017\/03\/16\/sinaex-conquista-feria-midest-paris\/\" rel=\"bookmark\"><h4 class=\"grve-post-title\" itemprop=\"name headline\">&#8218;Sinaex Group\u2019 conquista la Feria Midest de Par\u00eds<\/h4><\/a>\t\t\t\t\t\t\t<div class=\"grve-post-meta\">\r\n\t\t\t\t\t\t\t\t\t<time class=\"grve-post-date\" itemprop=\"datePublished\" datetime=\"2017-03-16T12:50:10+01:00\">\r\n\t\t16 M\u00e4rz, 2017\t<\/time>\r\n\t<div class=\"grve-post-comments grve-small-text\">\r\n\t\t<span class=\"grve-icon-comment\"><\/span> 0\t<\/div>\r\n\t\t<div class=\"grve-like-counter\"><span class=\"grve-icon-heart\"><\/span>0<\/div>\n\t\t\t\t\t\t\t<\/div>\r\n\t\t\t\t\t\t\t<div itemprop=\"articleBody\"><p>Sinaex Group, se ha convertido en la \u00fanica entidad de origen &#8217;no franc\u00e9s&#8216; que se alza con uno de los premios de la Feria Midest, de Par\u00eds, la cita m\u00e1s importante para el sector de la subcontrataci\u00f3n industrial en Europa celebrada estos \u00faltimos d\u00edas en la capital gala. Alcanzar este hito ha supuesto para nuestro&hellip;<\/p><a class=\"grve-read-more\" href=\"http:\/\/sinaex.eu\/de\/2017\/03\/16\/sinaex-conquista-feria-midest-paris\/\"><span>weiterlesen<\/span><\/a><\/div>\t\t\t\t\t\t<\/div>\r\n\t\t\t\t\t\r\n\t\t\t\t\t\t\t<\/article>\r\n\r\n\t\t\t<article id=\"post-682\" class=\"grve-blog-item grve-small-post grve-non-isotope-item post-682 post type-post status-publish format-standard has-post-thumbnail hentry category-unkategorisiert\" itemscope itemType=\"http:\/\/schema.org\/BlogPosting\">\r\n\t\t\t\t\t\t\t\t\t\t<meta itemprop=\"image\" content=\"http:\/\/sinaex.eu\/wp-content\/uploads\/2017\/02\/Trophees-de-la-sous-traitance-industrielle-nomine.png\"\/>\r\n\t\t<div class=\"grve-media grve-image-hover\">\r\n\t\t\t<a href=\"http:\/\/sinaex.eu\/de\/2016\/12\/01\/sinaex-wird-auf-der-messe-midest-in-paris-praesent-sein-die-vom-6-bis-9-dezember-stattfindet\/\"><img loading=\"lazy\" decoding=\"async\" width=\"560\" height=\"284\" src=\"http:\/\/sinaex.eu\/wp-content\/uploads\/2017\/02\/Trophees-de-la-sous-traitance-industrielle-nomine-560x284.png\" class=\"attachment-grve-image-small-rect-horizontal size-grve-image-small-rect-horizontal wp-post-image\" alt=\"\" itemprop=\"image\" \/><\/a>\r\n\t\t<\/div>\r\n\r\n\t\t\t\t\t\t\t\t\t\t\t<div class=\"grve-post-content\">\r\n\t\t\t\t\t\t\t<a href=\"http:\/\/sinaex.eu\/de\/2016\/12\/01\/sinaex-wird-auf-der-messe-midest-in-paris-praesent-sein-die-vom-6-bis-9-dezember-stattfindet\/\" rel=\"bookmark\"><h4 class=\"grve-post-title\" itemprop=\"name headline\">SINAEX wird auf der Messe Midest in Paris pr\u00e4sent sein, die vom 6. bis 9. Dezember stattfindet<\/h4><\/a>\t\t\t\t\t\t\t<div class=\"grve-post-meta\">\r\n\t\t\t\t\t\t\t\t\t<time class=\"grve-post-date\" itemprop=\"datePublished\" datetime=\"2016-12-01T09:54:48+01:00\">\r\n\t\t1 Dezember, 2016\t<\/time>\r\n\t<div class=\"grve-post-comments grve-small-text\">\r\n\t\t<span class=\"grve-icon-comment\"><\/span> 0\t<\/div>\r\n\t\t<div class=\"grve-like-counter\"><span class=\"grve-icon-heart\"><\/span>0<\/div>\n\t\t\t\t\t\t\t<\/div>\r\n\t\t\t\t\t\t\t<div itemprop=\"articleBody\"><p>MIDEST ist eine der ersten Zuliefererfachmessen auf globaler Ebene und die bedeutendste von Frankreich. Dieses Land hat gemeinsam mit Deutschland den aktivsten Markt der industriellen Auftragsuntervergabe in der Europ\u00e4ischen Union. F\u00fcr uns bedeutet die Teilnahme den Schl\u00fcssel zur Einf\u00fchrung oder St\u00e4rkung der spanischen Unternehmerpr\u00e4senz in Frankreich (dem ersten internationalen Markt unserer Firmen) und im Rest&hellip;<\/p><a class=\"grve-read-more\" href=\"http:\/\/sinaex.eu\/de\/2016\/12\/01\/sinaex-wird-auf-der-messe-midest-in-paris-praesent-sein-die-vom-6-bis-9-dezember-stattfindet\/\"><span>weiterlesen<\/span><\/a><\/div>\t\t\t\t\t\t<\/div>\r\n\t\t\t\t\t\r\n\t\t\t\t\t\t\t<\/article>\r\n\r\n\t\t\t<article id=\"post-692\" class=\"grve-blog-item grve-small-post grve-non-isotope-item post-692 post type-post status-publish format-standard has-post-thumbnail hentry category-unkategorisiert\" itemscope itemType=\"http:\/\/schema.org\/BlogPosting\">\r\n\t\t\t\t\t\t\t\t\t\t<meta itemprop=\"image\" content=\"http:\/\/sinaex.eu\/wp-content\/uploads\/2016\/11\/swiss-tech-16.png\"\/>\r\n\t\t<div class=\"grve-media grve-image-hover\">\r\n\t\t\t<a href=\"http:\/\/sinaex.eu\/de\/2016\/11\/01\/wir-besuchten-die-swisstech-in-basel-eine-der-einflussreichsten-fachmessen-der-globalen-zuliefererindustrie-zeitraum-15-bis-18-november-2016\/\"><img loading=\"lazy\" decoding=\"async\" width=\"560\" height=\"284\" src=\"http:\/\/sinaex.eu\/wp-content\/uploads\/2016\/11\/swiss-tech-16-560x284.png\" class=\"attachment-grve-image-small-rect-horizontal size-grve-image-small-rect-horizontal wp-post-image\" alt=\"\" itemprop=\"image\" \/><\/a>\r\n\t\t<\/div>\r\n\r\n\t\t\t\t\t\t\t\t\t\t\t<div class=\"grve-post-content\">\r\n\t\t\t\t\t\t\t<a href=\"http:\/\/sinaex.eu\/de\/2016\/11\/01\/wir-besuchten-die-swisstech-in-basel-eine-der-einflussreichsten-fachmessen-der-globalen-zuliefererindustrie-zeitraum-15-bis-18-november-2016\/\" rel=\"bookmark\"><h4 class=\"grve-post-title\" itemprop=\"name headline\">Wir besuchten die Swisstech in Basel, eine der einflussreichsten Fachmessen der globalen Zuliefererindustrie. Zeitraum: 15. bis 18. November 2016.<\/h4><\/a>\t\t\t\t\t\t\t<div class=\"grve-post-meta\">\r\n\t\t\t\t\t\t\t\t\t<time class=\"grve-post-date\" itemprop=\"datePublished\" datetime=\"2016-11-01T07:49:58+01:00\">\r\n\t\t1 November, 2016\t<\/time>\r\n\t<div class=\"grve-post-comments grve-small-text\">\r\n\t\t<span class=\"grve-icon-comment\"><\/span> 0\t<\/div>\r\n\t\t<div class=\"grve-like-counter\"><span class=\"grve-icon-heart\"><\/span>0<\/div>\n\t\t\t\t\t\t\t<\/div>\r\n\t\t\t\t\t\t\t<div itemprop=\"articleBody\"><p>SINAEX besuchte im November die Fachmesse SWISSTECH, um aus erster Hand den zentralen Standort f\u00fcr Industrie und Facheink\u00e4ufer kennenzulernen. Es ist eines der Hauptevents der MEM-Industrie in Europa und dient als kompakte Plattform f\u00fcr einzigartige L\u00f6sungen der Metallurgie und Kunststoffindustrie.<\/p><a class=\"grve-read-more\" href=\"http:\/\/sinaex.eu\/de\/2016\/11\/01\/wir-besuchten-die-swisstech-in-basel-eine-der-einflussreichsten-fachmessen-der-globalen-zuliefererindustrie-zeitraum-15-bis-18-november-2016\/\"><span>weiterlesen<\/span><\/a><\/div>\t\t\t\t\t\t<\/div>\r\n\t\t\t\t\t\r\n\t\t\t\t\t\t\t<\/article>\r\n\r\n\t\t\t<article id=\"post-701\" class=\"grve-blog-item grve-small-post grve-non-isotope-item post-701 post type-post status-publish format-standard has-post-thumbnail hentry category-unkategorisiert\" itemscope itemType=\"http:\/\/schema.org\/BlogPosting\">\r\n\t\t\t\t\t\t\t\t\t\t<meta itemprop=\"image\" content=\"http:\/\/sinaex.eu\/wp-content\/uploads\/2017\/02\/esef-2016.png\"\/>\r\n\t\t<div class=\"grve-media grve-image-hover\">\r\n\t\t\t<a href=\"http:\/\/sinaex.eu\/de\/2016\/03\/01\/wir-nahmen-an-der-messe-esef-2016-in-den-niederlanden-teil-die-als-europaeische-referenz-in-der-zulieferindustrie-und-im-maschinenbau-gilt\/\"><img loading=\"lazy\" decoding=\"async\" width=\"560\" height=\"284\" src=\"http:\/\/sinaex.eu\/wp-content\/uploads\/2017\/02\/esef-2016-560x284.png\" class=\"attachment-grve-image-small-rect-horizontal size-grve-image-small-rect-horizontal wp-post-image\" alt=\"\" itemprop=\"image\" \/><\/a>\r\n\t\t<\/div>\r\n\r\n\t\t\t\t\t\t\t\t\t\t\t<div class=\"grve-post-content\">\r\n\t\t\t\t\t\t\t<a href=\"http:\/\/sinaex.eu\/de\/2016\/03\/01\/wir-nahmen-an-der-messe-esef-2016-in-den-niederlanden-teil-die-als-europaeische-referenz-in-der-zulieferindustrie-und-im-maschinenbau-gilt\/\" rel=\"bookmark\"><h4 class=\"grve-post-title\" itemprop=\"name headline\">Wir nahmen an der Messe ESEF 2016 in den Niederlanden teil, die als europ\u00e4ische Referenz in der Zulieferindustrie und im Maschinenbau gilt.<\/h4><\/a>\t\t\t\t\t\t\t<div class=\"grve-post-meta\">\r\n\t\t\t\t\t\t\t\t\t<time class=\"grve-post-date\" itemprop=\"datePublished\" datetime=\"2016-03-01T15:34:18+01:00\">\r\n\t\t1 M\u00e4rz, 2016\t<\/time>\r\n\t<div class=\"grve-post-comments grve-small-text\">\r\n\t\t<span class=\"grve-icon-comment\"><\/span> 0\t<\/div>\r\n\t\t<div class=\"grve-like-counter\"><span class=\"grve-icon-heart\"><\/span>0<\/div>\n\t\t\t\t\t\t\t<\/div>\r\n\t\t\t\t\t\t\t<div itemprop=\"articleBody\"><p>Zeitraum: 15. bis 18. M\u00e4rz 2016. Da wir nicht unt\u00e4tig und auf dem neuesten Stand bleiben wollen was europ\u00e4ische Entwicklungen angeht, entschieden wir uns im Fr\u00fchjahr nach Holland zu reisen, um in Utrecht die Fachmesse ESEF zu besuchen. Es ist die gr\u00f6\u00dfte Messe im Bereich der Zulieferung und des Maschinenbaus in den Beneluxstaaten.<\/p><a class=\"grve-read-more\" href=\"http:\/\/sinaex.eu\/de\/2016\/03\/01\/wir-nahmen-an-der-messe-esef-2016-in-den-niederlanden-teil-die-als-europaeische-referenz-in-der-zulieferindustrie-und-im-maschinenbau-gilt\/\"><span>weiterlesen<\/span><\/a><\/div>\t\t\t\t\t\t<\/div>\r\n\t\t\t\t\t\r\n\t\t\t\t\t\t\t<\/article>\r\n\r\n\t\t\t<\/div>\r\n\t\t<\/div>\r\n[\/vc_column][vc_column width=&#8220;1\/3&#8243;][vc_widget_sidebar sidebar_id=&#8220;grve-default-sidebar&#8220;][\/vc_column][\/vc_row]<\/p>\n","protected":false},"excerpt":{"rendered":"<p>[vc_row bg_type=&#8220;color&#8220; header_feature=&#8220;yes&#8220; bg_color=&#8220;#f2f2f2&#8243; padding_top=&#8220;40px&#8220; padding_bottom=&#8220;40px&#8220; margin_bottom=&#8220;60px&#8220;][vc_column][vc_column_text animation=&#8220;fadeInUp&#8220;] In diesem Bereich berichten wir von unserer weltweiten Suche nach den neuesten Entwicklungen. Durch die Teilnahmen an Veranstaltungen, Tagungen, Fachmessen usw. tauschen wir unsere Erfahrungen mit Fachleuten der Branche aus und \u00f6ffnen so T\u00fcren f\u00fcr neue L\u00f6sungen, die f\u00fcr eine Optimierung im Bearbeitungsprozess sehr n\u00fctzlich sein k\u00f6nnen. [&hellip;]<\/p>\n","protected":false},"author":1,"featured_media":0,"parent":0,"menu_order":0,"comment_status":"closed","ping_status":"closed","template":"","meta":{"footnotes":""},"class_list":["post-542","page","type-page","status-publish","hentry"],"_links":{"self":[{"href":"http:\/\/sinaex.eu\/de\/wp-json\/wp\/v2\/pages\/542","targetHints":{"allow":["GET"]}}],"collection":[{"href":"http:\/\/sinaex.eu\/de\/wp-json\/wp\/v2\/pages"}],"about":[{"href":"http:\/\/sinaex.eu\/de\/wp-json\/wp\/v2\/types\/page"}],"author":[{"embeddable":true,"href":"http:\/\/sinaex.eu\/de\/wp-json\/wp\/v2\/users\/1"}],"replies":[{"embeddable":true,"href":"http:\/\/sinaex.eu\/de\/wp-json\/wp\/v2\/comments?post=542"}],"version-history":[{"count":9,"href":"http:\/\/sinaex.eu\/de\/wp-json\/wp\/v2\/pages\/542\/revisions"}],"predecessor-version":[{"id":575,"href":"http:\/\/sinaex.eu\/de\/wp-json\/wp\/v2\/pages\/542\/revisions\/575"}],"wp:attachment":[{"href":"http:\/\/sinaex.eu\/de\/wp-json\/wp\/v2\/media?parent=542"}],"curies":[{"name":"wp","href":"https:\/\/api.w.org\/{rel}","templated":true}]}}