{"id":530,"date":"2017-02-01T09:54:48","date_gmt":"2017-02-01T08:54:48","guid":{"rendered":"http:\/\/sinaex.eu\/nueva\/garantia\/"},"modified":"2024-10-29T17:34:43","modified_gmt":"2024-10-29T16:34:43","slug":"garantie","status":"publish","type":"page","link":"http:\/\/sinaex.eu\/de\/garantie\/","title":{"rendered":"Garantie"},"content":{"rendered":"<p>[vc_row][vc_column]<div class=\"grve-element grve-image-text\" style=\"\">  <div class=\"grve-content grve-align-right\">    <h4>QUALIT\u00c4T<\/h4>  <p>Von Beginn an setzte unsere Unternehmensgruppe auf Qualit\u00e4t, weshalb wir heute ein integriertes System vorweisen k\u00f6nnen, das unseren kontinuierlichen Einsatz f\u00fcr unsere Kunden darstellt.<\/p>\n<p>Durch die Optimierung der Produktionsprozesse mit dem Anspruch einer st\u00e4ndigen Verbesserung leisten wir einen wichtigen Beitrag zur Qualit\u00e4t. So erhalten wir die strengsten Zulassungsgenehmigungen, die unsere Kunden verlangen. Wie z. B. Folgende: ISO 9001:2008<\/p>  <\/div><div class=\"grve-image\">  <img loading=\"lazy\" decoding=\"async\" alt=\"\" src=\"http:\/\/sinaex.eu\/wp-content\/uploads\/2017\/02\/ISO-9001-2008.png\" width=\"800\" height=\"800\"><\/div><\/div>[\/vc_column][\/vc_row][vc_row bg_type=&#8220;color&#8220; bg_color=&#8220;#f2f2f2&#8243; padding_top=&#8220;6%&#8220; padding_bottom=&#8220;6%&#8220;][vc_column]<div class=\"grve-element grve-image-text\" style=\"\"><div class=\"grve-image\">  <img loading=\"lazy\" decoding=\"async\" alt=\"\" src=\"http:\/\/sinaex.eu\/wp-content\/uploads\/2024\/10\/Logo-PIN_A-cast-ingles.jpg\" width=\"1853\" height=\"523\"><\/div>  <div class=\"grve-content grve-align-left\">    <h4>INSTITUTIONELLE UNTERST\u00dcTZUNG<\/h4>  <p>Unsere Arbeit wird von Institutionen untermauert, wie durch die Regierung von Navarra (Spanien) mithilfe des Internationalisierungsplans von Navarra (PIN) oder durch die EU mithilfe der Mittel des EFRE-Strukturfonds oder diverser regionaler und nationaler Hilfeleistungen. Durch diese konnten wir neue internationale M\u00e4rkte erschlie\u00dfen.<\/p>  <\/div><\/div>[\/vc_column][\/vc_row][vc_row][vc_column]<div class=\"grve-element grve-image-text\" style=\"\">  <div class=\"grve-content grve-align-right\">    <h4>SOZIALE UNTERNEHMENSVERANTWORTUNG (CSR)<\/h4>  <p>Dieses Streben nach st\u00e4ndiger Verbesserung ist in der Anerkennung von Zertifikaten zu sehen, die f\u00fcr unsere Qualit\u00e4t in so diversen Bereichen wie Qualit\u00e4tssicherung oder soziale Unternehmensverantwortung (CSR) b\u00fcrgen. So erhielt das Unternehmen ENPA im Dezember 2015 von der Regierung von Navarra (Spanien) die Verifizierung des Nachhaltigkeitsberichts InnovaRSE nach Best\u00e4tigung der von der Institution verlangten wirtschaftlichen, umweltfreundlichen und sozialen Indikatoren.<\/p>  <\/div><div class=\"grve-image\">  <img loading=\"lazy\" decoding=\"async\" alt=\"\" src=\"http:\/\/sinaex.eu\/wp-content\/uploads\/2017\/02\/innovarse-2015.png\" width=\"800\" height=\"800\"><\/div><\/div>[\/vc_column][\/vc_row]<\/p>\n","protected":false},"excerpt":{"rendered":"<p>[vc_row][vc_column][\/vc_column][\/vc_row][vc_row bg_type=&#8220;color&#8220; bg_color=&#8220;#f2f2f2&#8243; padding_top=&#8220;6%&#8220; padding_bottom=&#8220;6%&#8220;][vc_column][\/vc_column][\/vc_row][vc_row][vc_column][\/vc_column][\/vc_row]<\/p>\n","protected":false},"author":1,"featured_media":0,"parent":0,"menu_order":0,"comment_status":"closed","ping_status":"closed","template":"","meta":{"footnotes":""},"class_list":["post-530","page","type-page","status-publish","hentry"],"_links":{"self":[{"href":"http:\/\/sinaex.eu\/de\/wp-json\/wp\/v2\/pages\/530","targetHints":{"allow":["GET"]}}],"collection":[{"href":"http:\/\/sinaex.eu\/de\/wp-json\/wp\/v2\/pages"}],"about":[{"href":"http:\/\/sinaex.eu\/de\/wp-json\/wp\/v2\/types\/page"}],"author":[{"embeddable":true,"href":"http:\/\/sinaex.eu\/de\/wp-json\/wp\/v2\/users\/1"}],"replies":[{"embeddable":true,"href":"http:\/\/sinaex.eu\/de\/wp-json\/wp\/v2\/comments?post=530"}],"version-history":[{"count":5,"href":"http:\/\/sinaex.eu\/de\/wp-json\/wp\/v2\/pages\/530\/revisions"}],"predecessor-version":[{"id":931,"href":"http:\/\/sinaex.eu\/de\/wp-json\/wp\/v2\/pages\/530\/revisions\/931"}],"wp:attachment":[{"href":"http:\/\/sinaex.eu\/de\/wp-json\/wp\/v2\/media?parent=530"}],"curies":[{"name":"wp","href":"https:\/\/api.w.org\/{rel}","templated":true}]}}