{"id":465,"date":"2016-02-29T14:04:02","date_gmt":"2016-02-29T14:04:02","guid":{"rendered":"http:\/\/sinaex.eu\/nueva\/productos-maquinaria-aplicaciones\/"},"modified":"2024-10-29T17:30:34","modified_gmt":"2024-10-29T16:30:34","slug":"produkte-maschinen-anwendungen","status":"publish","type":"page","link":"http:\/\/sinaex.eu\/de\/produkte-maschinen-anwendungen\/","title":{"rendered":"Produkte"},"content":{"rendered":"<p>[vc_row middle_content=&#8220;yes&#8220; bg_type=&#8220;color&#8220; header_feature=&#8220;yes&#8220; padding_top=&#8220;12%&#8220; padding_bottom=&#8220;12%&#8220; margin_bottom=&#8220;0&#8243; bg_color=&#8220;#f2f2f2&#8243;][vc_column width=&#8220;1\/2&#8243;]<h2 class=\"grve-element grve-align-left grve-title-line grve-animated-item grve-fadeInLeft\" style=\"\" data-delay=\"200\"><span>PRODUKTE<\/span><\/h2>[vc_column_text animation=&#8220;fadeInUp&#8220; animation_delay=&#8220;400&#8243;]<\/p>\n<blockquote><p><em>\u201eWir produzieren alles von Werkst\u00fccken einfachster Bearbeitung bis zu pr\u00e4zisionsfordernden Werkst\u00fccken mit h\u00f6chstem Schwierigkeitsgrad.\u201c<\/em><\/p><\/blockquote>\n<p>[\/vc_column_text][vc_column_text text_style=&#8220;leader-text&#8220; animation=&#8220;fadeInUp&#8220;]<strong>Bei SINAEX fertigen wir eine breite Palette an bearbeiteten Werkst\u00fccken mit diversen Gr\u00f6\u00dfen, Materialien, Gewichten und Serien und passen uns dabei den Bed\u00fcrfnissen unserer Kunden an.<\/strong><\/p>\n<p>Wir verf\u00fcgen \u00fcber eine Produktionsabteilung mit Spezialmaschinen, die uns eine Anwendung der Bearbeitungstechniken durch sinnvolles Organisieren des Arbeitsablaufs erm\u00f6glichen. Dadurch erzielen wir eine Steigerung der Produktivit\u00e4t und Produktionsflexibilit\u00e4t. Auf diese Weise bieten wir ein hohes Ma\u00df an Qualit\u00e4t sowie kurze Lieferzeiten.[\/vc_column_text][\/vc_column][vc_column width=&#8220;1\/2&#8243;]<div class=\"grve-element grve-image grve-animated-item grve-fadeInRight grve-full-image grve-align-center\" style=\"\" data-delay=\"600\">  <img loading=\"lazy\" decoding=\"async\" alt=\"\" src=\"http:\/\/sinaex.eu\/wp-content\/uploads\/2016\/02\/sinaex9.jpg\" width=\"800\" height=\"800\"><\/div>[\/vc_column][\/vc_row][vc_row heading_color=&#8220;light&#8220; middle_content=&#8220;yes&#8220; bg_type=&#8220;color&#8220; font_color=&#8220;#ffffff&#8220; bg_color=&#8220;#00a09a&#8220; padding_top=&#8220;40&#8243; padding_bottom=&#8220;40&#8243;][vc_column]<div class=\"grve-element grve-callout grve-animated-item grve-fadeInLeft grve-btn-right\" style=\"\">  <div class=\"grve-callout-wrapper\"><h2 class=\"grve-callout-content\"><span>KONTAKT<\/span><\/h2>    <p class=\"grve-leader-text\">M\u00f6chten Sie uns kennenlernen?<\/p>  <\/div>  <div class=\"grve-button-wrapper\"><a class=\"grve-btn grve-btn-large grve-extra-round grve-white-color\" href=\"\/de\/kontakt\/\" target=\"_self\" style=\"\"><span>&gt;<\/span><\/a>  <\/div><\/div>[\/vc_column][\/vc_row][vc_row heading_color=&#8220;dark&#8220; padding_top=&#8220;5%&#8220; padding_bottom=&#8220;12%&#8220; margin_bottom=&#8220;0&#8243;][vc_column]<div class=\"grve-element grve-slogan grve-align-center\" style=\"\"><h4 class=\"grve-slogan-title grve-align-center grve-title-no-line\"><span>PRODUKTLISTE<\/span><\/h4>  <p class=\"\"><\/p><\/div><div class=\"grve-element grve-hr grve-line-divider\" style=\"padding-top: 5px;padding-bottom: 5px;\"><\/div>[vc_empty_space height=&#8220;40&#8243;][vc_row_inner css=&#8220;.vc_custom_1549708555553{margin-top: 40px !important;}&#8220;][vc_column_inner width=&#8220;1\/3&#8243;][vc_single_image image=&#8220;829&#8243; img_size=&#8220;full&#8220;][\/vc_column_inner][vc_column_inner width=&#8220;2\/3&#8243;][vc_column_text]<\/p>\n<h5>External, internal, spur and worm gears and Herringbone gear.<\/h5>\n<p>[\/vc_column_text][vc_separator color=&#8220;turquoise&#8220; align=&#8220;align_left&#8220; css=&#8220;.vc_custom_1549708794736{margin-top: 0px !important;margin-bottom: 10px !important;}&#8220;][vc_column_text css=&#8220;.vc_custom_1549711106774{margin-bottom: 0px !important;}&#8220;]Diameters between 5 and 1000 mm.[\/vc_column_text][vc_separator css=&#8220;.vc_custom_1549708827493{margin-top: 0px !important;margin-bottom: 5px !important;}&#8220;][vc_column_text css=&#8220;.vc_custom_1549711114975{margin-top: 0px !important;margin-bottom: 0px !important;}&#8220;]Modules between 0.5 and 25.[\/vc_column_text][vc_separator css=&#8220;.vc_custom_1549708827493{margin-top: 0px !important;margin-bottom: 5px !important;}&#8220;][vc_column_text css=&#8220;.vc_custom_1549711130147{margin-top: 0px !important;margin-bottom: 0px !important;}&#8220;]Pitch diameter between 50 and 1.[\/vc_column_text][vc_separator css=&#8220;.vc_custom_1549708827493{margin-top: 0px !important;margin-bottom: 5px !important;}&#8220;][vc_column_text css=&#8220;.vc_custom_1549711142938{margin-top: 0px !important;margin-bottom: 0px !important;}&#8220;]Cutting lengths between 0 and 400 mm.[\/vc_column_text][vc_separator css=&#8220;.vc_custom_1549708827493{margin-top: 0px !important;margin-bottom: 5px !important;}&#8220;][vc_column_text css=&#8220;.vc_custom_1549711151537{margin-top: 0px !important;margin-bottom: 0px !important;}&#8220;]Cutting of pumping elements.[\/vc_column_text][vc_separator css=&#8220;.vc_custom_1549708827493{margin-top: 0px !important;margin-bottom: 5px !important;}&#8220;][\/vc_column_inner][\/vc_row_inner][vc_row_inner css=&#8220;.vc_custom_1549708555553{margin-top: 40px !important;}&#8220;][vc_column_inner width=&#8220;2\/3&#8243;][vc_column_text css=&#8220;.vc_custom_1549711160741{margin-top: 50px !important;}&#8220;]<\/p>\n<h5>Sprockets and pulleys<\/h5>\n<p>[\/vc_column_text][vc_separator color=&#8220;turquoise&#8220; align=&#8220;align_left&#8220; css=&#8220;.vc_custom_1549708794736{margin-top: 0px !important;margin-bottom: 10px !important;}&#8220;][vc_column_text css=&#8220;.vc_custom_1549711167579{margin-bottom: 0px !important;}&#8220;]Pitches up to 50.8 mm (2\u2019\u2019),[\/vc_column_text][vc_separator css=&#8220;.vc_custom_1549708827493{margin-top: 0px !important;margin-bottom: 5px !important;}&#8220;][vc_column_text css=&#8220;.vc_custom_1549711175969{margin-top: 0px !important;margin-bottom: 0px !important;}&#8220;]Pulleys for HTD, T, XL toothed belt and special pulleys.[\/vc_column_text][vc_separator css=&#8220;.vc_custom_1549708827493{margin-top: 0px !important;margin-bottom: 5px !important;}&#8220;][\/vc_column_inner][vc_column_inner width=&#8220;1\/3&#8243;][vc_single_image image=&#8220;837&#8243; img_size=&#8220;full&#8220;][\/vc_column_inner][\/vc_row_inner][vc_row_inner css=&#8220;.vc_custom_1549708555553{margin-top: 40px !important;}&#8220;][vc_column_inner width=&#8220;1\/3&#8243;][vc_single_image image=&#8220;845&#8243; img_size=&#8220;full&#8220; style=&#8220;vc_box_border&#8220;][\/vc_column_inner][vc_column_inner width=&#8220;2\/3&#8243;][vc_column_text css=&#8220;.vc_custom_1549711184390{margin-top: 50px !important;}&#8220;]<\/p>\n<h5>Spur and worm tooth racks.<\/h5>\n<p>[\/vc_column_text][vc_separator color=&#8220;turquoise&#8220; align=&#8220;align_left&#8220; css=&#8220;.vc_custom_1549708794736{margin-top: 0px !important;margin-bottom: 10px !important;}&#8220;][vc_column_text css=&#8220;.vc_custom_1549711193343{margin-bottom: 0px !important;}&#8220;]Cutting heights up to 200 mm.[\/vc_column_text][vc_separator css=&#8220;.vc_custom_1549708827493{margin-top: 0px !important;margin-bottom: 5px !important;}&#8220;][vc_column_text css=&#8220;.vc_custom_1549711201534{margin-top: 0px !important;margin-bottom: 0px !important;}&#8220;]Modules between 0.5 and 12.[\/vc_column_text][vc_separator css=&#8220;.vc_custom_1549708827493{margin-top: 0px !important;margin-bottom: 5px !important;}&#8220;][\/vc_column_inner][\/vc_row_inner][vc_row_inner css=&#8220;.vc_custom_1549708555553{margin-top: 40px !important;}&#8220;][vc_column_inner width=&#8220;2\/3&#8243;][vc_column_text css=&#8220;.vc_custom_1549711212193{margin-top: 50px !important;}&#8220;]<\/p>\n<h5>Sprockets and pulleys<\/h5>\n<p>[\/vc_column_text][vc_separator color=&#8220;turquoise&#8220; align=&#8220;align_left&#8220; css=&#8220;.vc_custom_1549708794736{margin-top: 0px !important;margin-bottom: 10px !important;}&#8220;][vc_column_text css=&#8220;.vc_custom_1549711221500{margin-bottom: 0px !important;}&#8220;]Modules between 0.5 and 14.[\/vc_column_text][vc_separator css=&#8220;.vc_custom_1549708827493{margin-top: 0px !important;margin-bottom: 5px !important;}&#8220;][vc_column_text css=&#8220;.vc_custom_1549711229664{margin-top: 0px !important;margin-bottom: 0px !important;}&#8220;]Cutting with tangential system.[\/vc_column_text][vc_separator css=&#8220;.vc_custom_1549708827493{margin-top: 0px !important;margin-bottom: 5px !important;}&#8220;][\/vc_column_inner][vc_column_inner width=&#8220;1\/3&#8243;][vc_single_image image=&#8220;843&#8243; img_size=&#8220;full&#8220;][\/vc_column_inner][\/vc_row_inner][vc_row_inner css=&#8220;.vc_custom_1549708555553{margin-top: 40px !important;}&#8220;][vc_column_inner width=&#8220;1\/3&#8243;][vc_single_image image=&#8220;859&#8243; img_size=&#8220;full&#8220; style=&#8220;vc_box_border&#8220;][\/vc_column_inner][vc_column_inner width=&#8220;2\/3&#8243;][vc_column_text css=&#8220;.vc_custom_1549711352873{margin-top: 80px !important;}&#8220;]<\/p>\n<h5>DIN5480, DIN5482 internal and external toothed and spline shafts.<\/h5>\n<p>[\/vc_column_text][vc_separator color=&#8220;turquoise&#8220; align=&#8220;align_left&#8220; css=&#8220;.vc_custom_1549708794736{margin-top: 0px !important;margin-bottom: 10px !important;}&#8220;][vc_column_text css=&#8220;.vc_custom_1549711339605{margin-bottom: 0px !important;}&#8220;]Fellow cutting, Hobbing machine cutting and MAAG cutting.[\/vc_column_text][vc_separator css=&#8220;.vc_custom_1549708827493{margin-top: 0px !important;margin-bottom: 5px !important;}&#8220;][\/vc_column_inner][\/vc_row_inner][vc_row_inner css=&#8220;.vc_custom_1549708555553{margin-top: 40px !important;}&#8220;][vc_column_inner width=&#8220;2\/3&#8243;][vc_column_text css=&#8220;.vc_custom_1549711367814{margin-top: 50px !important;}&#8220;]<\/p>\n<h5>Verification and control tooling.<\/h5>\n<p>[\/vc_column_text][vc_separator color=&#8220;turquoise&#8220; align=&#8220;align_left&#8220; css=&#8220;.vc_custom_1549708794736{margin-top: 0px !important;margin-bottom: 10px !important;}&#8220;][vc_column_text css=&#8220;.vc_custom_1549711374719{margin-bottom: 0px !important;}&#8220;]CNC machining maximum 800 mm.[\/vc_column_text][vc_separator css=&#8220;.vc_custom_1549708827493{margin-top: 0px !important;margin-bottom: 5px !important;}&#8220;][vc_column_text css=&#8220;.vc_custom_1549711381480{margin-top: 0px !important;margin-bottom: 0px !important;}&#8220;]5-Axis machining 300 x 300 x 300 mm.[\/vc_column_text][vc_separator css=&#8220;.vc_custom_1549708827493{margin-top: 0px !important;margin-bottom: 5px !important;}&#8220;][vc_column_text css=&#8220;.vc_custom_1549711393672{margin-top: 0px !important;margin-bottom: 0px !important;}&#8220;]Maximum grinding 900 mm.[\/vc_column_text][vc_separator css=&#8220;.vc_custom_1549708827493{margin-top: 0px !important;margin-bottom: 5px !important;}&#8220;][\/vc_column_inner][vc_column_inner width=&#8220;1\/3&#8243;][vc_single_image image=&#8220;844&#8243; img_size=&#8220;full&#8220;][\/vc_column_inner][\/vc_row_inner][vc_row_inner css=&#8220;.vc_custom_1549710526959{margin-top: 30px !important;margin-bottom: 30px !important;}&#8220;][vc_column_inner width=&#8220;1\/4&#8243;][vc_single_image image=&#8220;840&#8243; img_size=&#8220;full&#8220; style=&#8220;vc_box_border&#8220;][vc_column_text css=&#8220;.vc_custom_1549711404060{margin-top: 50px !important;}&#8220;]<\/p>\n<h5>Manufacture of cutting tools for MAAG shaping machines.<\/h5>\n<p>[\/vc_column_text][\/vc_column_inner][vc_column_inner width=&#8220;1\/4&#8243;][vc_single_image image=&#8220;847&#8243; img_size=&#8220;full&#8220; style=&#8220;vc_box_border&#8220;][vc_column_text css=&#8220;.vc_custom_1549711414597{margin-top: 50px !important;}&#8220;]<\/p>\n<h5>Precision machining for competition vehicles.<\/h5>\n<p>[\/vc_column_text][\/vc_column_inner][vc_column_inner width=&#8220;1\/4&#8243;][vc_single_image image=&#8220;849&#8243; img_size=&#8220;full&#8220; style=&#8220;vc_box_border&#8220;][vc_column_text css=&#8220;.vc_custom_1549711423429{margin-top: 50px !important;}&#8220;]<\/p>\n<h5>Assembly of assemblies and sub-assemblies.<\/h5>\n<p>[\/vc_column_text][\/vc_column_inner][vc_column_inner width=&#8220;1\/4&#8243;][vc_single_image image=&#8220;848&#8243; img_size=&#8220;full&#8220; style=&#8220;vc_box_border&#8220;][vc_column_text css=&#8220;.vc_custom_1549711431285{margin-top: 50px !important;}&#8220;]<\/p>\n<h5>Highly complicated parts.<\/h5>\n<p>[\/vc_column_text][\/vc_column_inner][\/vc_row_inner][vc_row_inner css=&#8220;.vc_custom_1549710587959{margin-top: 70px !important;}&#8220;][vc_column_inner width=&#8220;1\/3&#8243;][vc_single_image image=&#8220;851&#8243; img_size=&#8220;full&#8220;][\/vc_column_inner][vc_column_inner width=&#8220;2\/3&#8243;][vc_column_text css=&#8220;.vc_custom_1549711447429{margin-top: 70px !important;margin-bottom: 0px !important;}&#8220;]<\/p>\n<h5>Tools for brass fittings.<\/h5>\n<p>[\/vc_column_text][vc_separator color=&#8220;turquoise&#8220; align=&#8220;align_left&#8220; css=&#8220;.vc_custom_1549710540190{margin-top: 20px !important;margin-bottom: 20px !important;}&#8220;][vc_column_text css=&#8220;.vc_custom_1549711458715{margin-top: 5px !important;margin-bottom: 5px !important;}&#8220;]<\/p>\n<h5>Stepped soldered carbide drill bits for valve manufacturing.<\/h5>\n<p>[\/vc_column_text][vc_separator color=&#8220;turquoise&#8220; align=&#8220;align_left&#8220; css=&#8220;.vc_custom_1549710545680{margin-top: 20px !important;margin-bottom: 20px !important;}&#8220;][vc_column_text css=&#8220;.vc_custom_1549711467950{margin-top: 5px !important;margin-bottom: 5px !important;}&#8220;]<\/p>\n<h5>Profiled Widia inserts for all types of applications and sectors.<\/h5>\n<p>[\/vc_column_text][vc_separator color=&#8220;turquoise&#8220; align=&#8220;align_left&#8220; css=&#8220;.vc_custom_1549710550885{margin-top: 20px !important;margin-bottom: 20px !important;}&#8220;][vc_column_text css=&#8220;.vc_custom_1549711480708{margin-top: 5px !important;margin-bottom: 5px !important;}&#8220;]<\/p>\n<h5>Step drill bits for aluminium and brass machining.<\/h5>\n<p>[\/vc_column_text][vc_separator color=&#8220;turquoise&#8220; align=&#8220;align_left&#8220; css=&#8220;.vc_custom_1549710556493{margin-top: 20px !important;margin-bottom: 20px !important;}&#8220;][vc_column_text css=&#8220;.vc_custom_1549711488279{margin-top: 5px !important;margin-bottom: 5px !important;}&#8220;]<\/p>\n<h5>Widia die for tube reduction.<\/h5>\n<p>[\/vc_column_text][vc_separator color=&#8220;turquoise&#8220; align=&#8220;align_left&#8220; css=&#8220;.vc_custom_1549710562761{margin-top: 20px !important;margin-bottom: 20px !important;}&#8220;][\/vc_column_inner][\/vc_row_inner][\/vc_column][\/vc_row][vc_row middle_content=&#8220;yes&#8220; bg_type=&#8220;color&#8220; padding_top=&#8220;12%&#8220; padding_bottom=&#8220;12%&#8220; margin_bottom=&#8220;0&#8243; font_color=&#8220;#ffffff&#8220; bg_color=&#8220;#00a09a&#8220;][vc_column width=&#8220;1\/2&#8243;]<div class=\"grve-element grve-image grve-animated-item grve-fadeInRight grve-full-image grve-align-center\" style=\"\" data-delay=\"600\">  <img loading=\"lazy\" decoding=\"async\" alt=\"\" src=\"http:\/\/sinaex.eu\/wp-content\/uploads\/2016\/02\/sinaex6.jpg\" width=\"800\" height=\"800\"><\/div>[\/vc_column][vc_column width=&#8220;1\/2&#8243;]<h2 class=\"grve-element grve-align-left grve-title-line grve-animated-item grve-fadeInLeft\" style=\"\" data-delay=\"200\"><span>PRODUKTIONSMITTEL<\/span><\/h2>[vc_column_text animation=&#8220;fadeInUp&#8220; animation_delay=&#8220;400&#8243;]<\/p>\n<blockquote><p><em>\u201eDie Pr\u00e4zisionsbearbeitung erfolgt mit modernsten Anlagen.\u201c<\/em><\/p><\/blockquote>\n<p>[\/vc_column_text][vc_column_text text_style=&#8220;leader-text&#8220; animation=&#8220;fadeInUp&#8220;]<strong>SINAEX<\/strong> verf\u00fcgt \u00fcber mehr als 6.200 m\u00b2, die sich auf 3 Produktionsst\u00e4tten verteilen. Unser auf Metallverarbeitung und Maschinenbau spezialisiertes Fachpersonal von 80 Mitarbeitern bietet jedem Kunden L\u00f6sungen f\u00fcr die spezifischen Bed\u00fcrfnisse. Um mit h\u00f6chster Pr\u00e4zision zu arbeiten, setzen wir fortschrittlichste Technologie ein, die sich mit modernsten Pr\u00fcfsystemen erg\u00e4nzt.[\/vc_column_text][\/vc_column][\/vc_row][vc_row middle_content=&#8220;yes&#8220; bg_type=&#8220;color&#8220; padding_top=&#8220;12%&#8220; padding_bottom=&#8220;12%&#8220; margin_bottom=&#8220;0&#8243; bg_color=&#8220;#f2f2f2&#8243;][vc_column width=&#8220;1\/2&#8243;][vc_column_text text_style=&#8220;leader-text&#8220; animation=&#8220;fadeInUp&#8220;]Unter der wichtigsten Ausstattung unserer Maschinenparks befinden sich u.\u00a0a.:[\/vc_column_text][vc_row_inner][vc_column_inner width=&#8220;1\/2&#8243;][vc_column_text text_style=&#8220;leader-text&#8220; animation=&#8220;fadeInUp&#8220;]<strong>ATONDOA:<\/strong><\/p>\n<ul>\n<li>MORI SEIKI NV 3000 DCG 5 Achsen<\/li>\n<li>Drahterodiermaschine Charmilles CUT 200<\/li>\n<\/ul>\n<p>&nbsp;<\/p>\n<p><strong>ENPA:<\/strong><\/p>\n<ul>\n<li>Sto\u00dfmaschine MAAG SH-75K<\/li>\n<li>Sto\u00dfmaschine TOS OHA 50A<\/li>\n<\/ul>\n<p>[\/vc_column_text][\/vc_column_inner][vc_column_inner width=&#8220;1\/2&#8243;][vc_column_text text_style=&#8220;leader-text&#8220; animation=&#8220;fadeInUp&#8220;]<strong>INAHER:<\/strong><\/p>\n<ul>\n<li>CNC-Schleifmaschine WALTER HELITRONIC POWER<\/li>\n<li>Optische CNC-Profilschleifmaschine AMADA WASINO GLS5<\/li>\n<\/ul>\n<p>[\/vc_column_text][\/vc_column_inner][\/vc_row_inner][\/vc_column][vc_column width=&#8220;1\/2&#8243;]<div class=\"grve-element grve-image grve-animated-item grve-fadeInRight grve-full-image grve-align-center\" style=\"\" data-delay=\"600\">  <img loading=\"lazy\" decoding=\"async\" alt=\"\" src=\"http:\/\/sinaex.eu\/wp-content\/uploads\/2016\/02\/sinaex-3.jpg\" width=\"404\" height=\"495\"><\/div>[\/vc_column][\/vc_row][vc_row middle_content=&#8220;yes&#8220; bg_type=&#8220;color&#8220; footer_feature=&#8220;yes&#8220; padding_top=&#8220;12%&#8220; padding_bottom=&#8220;12%&#8220; margin_bottom=&#8220;0&#8243; font_color=&#8220;#ffffff&#8220; bg_color=&#8220;#151338&#8243;][vc_column width=&#8220;3\/4&#8243;]<h2 class=\"grve-element grve-align-left grve-title-line grve-animated-item grve-fadeInLeft blanco\" style=\"\" data-delay=\"200\"><span>KUNDEN UND BRANCHEN<\/span><\/h2>[vc_column_text animation=&#8220;fadeInUp&#8220; animation_delay=&#8220;400&#8243;]<\/p>\n<blockquote><p><em>\u201eMehr als 50 Jahre verwandeln wir die Bed\u00fcrfnisse unserer Kunden in Realit\u00e4t.\u201c<\/em><\/p><\/blockquote>\n<p>[\/vc_column_text][vc_column_text text_style=&#8220;leader-text&#8220; animation=&#8220;fadeInUp&#8220;]Neben Pr\u00e4zision, Produktivit\u00e4t und Technologie liegen uns auch Themen wie Engagement, Relationen und Kundenn\u00e4he am Herzen. Wir haben mit jedem Kunden pers\u00f6nlichen Kontakt, da uns Vertrauen und direkte Verbindungen wichtig sind.<\/p>\n<p>Unser Erfahrungsschatz von einem halben Jahrhundert erm\u00f6glicht es uns, in den verschiedensten Branchen t\u00e4tig zu sein. Wir haben bereits viele nationale und internationale Kunden, die in den jeweiligen Bereichen f\u00fchren. Sie haben uns ihre Projekte anvertraut, um sie zum besten Preis und mit erstklassiger Qualit\u00e4t umgesetzt zu sehen.[\/vc_column_text][\/vc_column][vc_column width=&#8220;1\/4&#8243;]<div class=\"grve-element grve-list grve-list-check \" style=\"\"><ul>\n<li>Luftfahrtindustrie.<\/li>\n<li>Automobilindustrie.<\/li>\n<li>Erneuerbare Energien.<\/li>\n<li>Agrarindustrie.<\/li>\n<li>Maschinenbau.<\/li>\n<li>Eisenbahnindustrie.<\/li>\n<li>Werkzeugmaschinen.<\/li>\n<li>Papierindustrie.<\/li>\n<li>Maschinen der landwirtschaftlichen Lebensmittelindustrie.<\/li>\n<li>Maschinen der Metallbearbeitung und Werkzeugmaschinen.<\/li>\n<li>Industrie f\u00fcr klinisches Material.<\/li>\n<li>Maschinenhersteller im Allgemeinen.<\/li>\n<\/ul>\n<\/div>[\/vc_column][\/vc_row]<\/p>\n","protected":false},"excerpt":{"rendered":"<p>[vc_row middle_content=&#8220;yes&#8220; bg_type=&#8220;color&#8220; header_feature=&#8220;yes&#8220; padding_top=&#8220;12%&#8220; padding_bottom=&#8220;12%&#8220; margin_bottom=&#8220;0&#8243; bg_color=&#8220;#f2f2f2&#8243;][vc_column width=&#8220;1\/2&#8243;][vc_column_text animation=&#8220;fadeInUp&#8220; animation_delay=&#8220;400&#8243;] \u201eWir produzieren alles von Werkst\u00fccken einfachster Bearbeitung bis zu pr\u00e4zisionsfordernden Werkst\u00fccken mit h\u00f6chstem Schwierigkeitsgrad.\u201c [\/vc_column_text][vc_column_text text_style=&#8220;leader-text&#8220; animation=&#8220;fadeInUp&#8220;]Bei SINAEX fertigen wir eine breite Palette an bearbeiteten Werkst\u00fccken mit diversen Gr\u00f6\u00dfen, Materialien, Gewichten und Serien und passen uns dabei den Bed\u00fcrfnissen unserer Kunden an. Wir verf\u00fcgen [&hellip;]<\/p>\n","protected":false},"author":1,"featured_media":0,"parent":0,"menu_order":0,"comment_status":"closed","ping_status":"closed","template":"","meta":{"footnotes":""},"class_list":["post-465","page","type-page","status-publish","hentry"],"_links":{"self":[{"href":"http:\/\/sinaex.eu\/de\/wp-json\/wp\/v2\/pages\/465","targetHints":{"allow":["GET"]}}],"collection":[{"href":"http:\/\/sinaex.eu\/de\/wp-json\/wp\/v2\/pages"}],"about":[{"href":"http:\/\/sinaex.eu\/de\/wp-json\/wp\/v2\/types\/page"}],"author":[{"embeddable":true,"href":"http:\/\/sinaex.eu\/de\/wp-json\/wp\/v2\/users\/1"}],"replies":[{"embeddable":true,"href":"http:\/\/sinaex.eu\/de\/wp-json\/wp\/v2\/comments?post=465"}],"version-history":[{"count":8,"href":"http:\/\/sinaex.eu\/de\/wp-json\/wp\/v2\/pages\/465\/revisions"}],"predecessor-version":[{"id":928,"href":"http:\/\/sinaex.eu\/de\/wp-json\/wp\/v2\/pages\/465\/revisions\/928"}],"wp:attachment":[{"href":"http:\/\/sinaex.eu\/de\/wp-json\/wp\/v2\/media?parent=465"}],"curies":[{"name":"wp","href":"https:\/\/api.w.org\/{rel}","templated":true}]}}