{"id":408,"date":"2016-02-29T08:24:35","date_gmt":"2016-02-29T07:24:35","guid":{"rendered":"http:\/\/sinaex.eu\/nueva\/servicios\/"},"modified":"2024-10-29T16:16:45","modified_gmt":"2024-10-29T15:16:45","slug":"service","status":"publish","type":"page","link":"http:\/\/sinaex.eu\/de\/service\/","title":{"rendered":"Service"},"content":{"rendered":"<p>[vc_row section_type=&#8220;fullwidth-element&#8220; flex_height=&#8220;yes&#8220; header_feature=&#8220;yes&#8220;][vc_column width=&#8220;1\/2&#8243; css=&#8220;.vc_custom_1487337590813{padding-top: 5% !important;padding-right: 12% !important;padding-bottom: 5% !important;padding-left: 12% !important;background-color: #f2f2f2 !important;background-position: center !important;background-repeat: no-repeat !important;background-size: cover !important;}&#8220;]<h1 class=\"grve-element grve-align-left grve-title-double-bottom-line grve-animated-item grve-fadeInLeft\" style=\"\" data-delay=\"200\"><span>SERVICE<\/span><\/h1>[vc_column_text animation=&#8220;fadeInLeft&#8220;]<\/p>\n<blockquote><p><em>\u201eMit einem breiten Spektrum an Serviceleistungen verwandeln wir Ihren zu bearbeitenden Entwurf in ein angefertigtes Werkst\u00fcck.\u201c<\/em><\/p><\/blockquote>\n<p>Ziel unseres Unternehmens ist, die Bed\u00fcrfnisse unserer Kunden zu verstehen. Daf\u00fcr pr\u00fcfen wir mit ihnen gemeinsam jedes Projekt auf der Suche nach kontinuierlicher Verbesserung, von der anf\u00e4nglichen Beratung bis zur Endproduktion. Wir stellen unsere Erfahrung und Technik jeder Nachfrage zur Verf\u00fcgung, passen uns jeder Situation an, individualisieren verschiedene Serviceleistungen und suchen \u201eschl\u00fcsselfertige\u201c L\u00f6sungen.<\/p>\n<p>Auf Kundenwunsch betreiben wir die Herstellung von erforderlichen Werkst\u00fccken und Werkzeugen in jedem Projekt. Wir bieten h\u00f6chste Pr\u00e4zision f\u00fcr Einzelteile und Prototypen und unterst\u00fctzen die Auftragsvergabe aller Arten von erforderlichen Verarbeitungen f\u00fcr die Herstellung und mechanische Bearbeitung der Werkst\u00fccke.[\/vc_column_text][\/vc_column][vc_column width=&#8220;1\/2&#8243; css=&#8220;.vc_custom_1730214851693{background-image: url(http:\/\/sinaex.eu\/wp-content\/uploads\/2016\/02\/sinaex4.jpg?id=338) !important;background-position: center !important;background-repeat: no-repeat !important;background-size: cover !important;}&#8220;][vc_single_image image=&#8220;338&#8243; img_size=&#8220;full&#8220;][\/vc_column][\/vc_row][vc_row header_feature=&#8220;yes&#8220; padding_top=&#8220;15%&#8220; padding_bottom=&#8220;5%&#8220; margin_bottom=&#8220;0&#8243;][vc_column width=&#8220;1\/3&#8243; tablet_sm_width=&#8220;1-2&#8243;]<div class=\"grve-element grve-box-icon grve-align-center grve-animated-item grve-fadeInUp\" style=\"\" data-delay=\"200\">  <div class=\"grve-icon grve-medium grve-simple grve-no-shape grve-color-primary-1 smp-icon-support\"><\/div>  <div class=\"grve-box-content\"><h5 class=\"grve-box-title\"><span>1 \u00b7 Fachliche Beratung<\/span><\/h5>    <p class=\"\">Mit technischen Untersuchungen unterst\u00fctzen wir die Definition der Kundenprojekte hinsichtlich Materialien, Widerstand, Produktion etc.<\/p>  <\/div><\/div>[\/vc_column][vc_column width=&#8220;1\/3&#8243; tablet_sm_width=&#8220;1-2&#8243;]<div class=\"grve-element grve-box-icon grve-align-center grve-animated-item grve-fadeInUp\" style=\"\" data-delay=\"400\">  <div class=\"grve-icon grve-medium grve-simple grve-no-shape grve-color-primary-1 smp-icon-settings\"><\/div>  <div class=\"grve-box-content\"><h5 class=\"grve-box-title\"><span>2 \u00b7 Herstellung und mechanische Bearbeitung<\/span><\/h5>    <p class=\"\">hohe Pr\u00e4zision bei Einzelst\u00fccken, Prototypen und bei der kleinen und mittelgro\u00dfen Serienherstellung sowie das Schleifen von Verzahnungen.<\/p>  <\/div><\/div>[\/vc_column][vc_column width=&#8220;1\/3&#8243; tablet_sm_width=&#8220;1-2&#8243;]<div class=\"grve-element grve-box-icon grve-align-center grve-animated-item grve-fadeInUp\" style=\"\" data-delay=\"600\">  <div class=\"grve-icon grve-medium grve-simple grve-no-shape grve-color-primary-1 smp-icon-layers\"><\/div>  <div class=\"grve-box-content\"><h5 class=\"grve-box-title\"><span>3 \u00b7 Montage<\/span><\/h5>    <p class=\"\">Montage von Baugruppen und Pr\u00fcfvorg\u00e4nge, um sicherzugehen, dass alles korrekt aufgebaut ist und die nachfolgende Kontrolle bestehen kann.<\/p>  <\/div><\/div>[\/vc_column][\/vc_row][vc_row header_feature=&#8220;yes&#8220; padding_top=&#8220;5%&#8220; padding_bottom=&#8220;5%&#8220; margin_bottom=&#8220;0&#8243;][vc_column width=&#8220;1\/4&#8243; tablet_sm_width=&#8220;1-2&#8243;][vc_empty_space height=&#8220;60&#8243;][\/vc_column][vc_column width=&#8220;1\/4&#8243; tablet_sm_width=&#8220;1-2&#8243;]<div class=\"grve-element grve-box-icon grve-align-center grve-animated-item grve-fadeInUp\" style=\"\" data-delay=\"400\">  <div class=\"grve-icon grve-medium grve-simple grve-no-shape grve-color-primary-1 smp-icon-crop\"><\/div>  <div class=\"grve-box-content\"><h5 class=\"grve-box-title\"><span>4 \u00b7 Herstellung von Schneidwerkzeugen und Plattenprofilierung<\/span><\/h5>    <p class=\"\">Entwurf, Herstellung und Schleifen von einteiligen und geschwei\u00dften Schneidwerkzeugen aus Hartmetall.<\/p>  <\/div><\/div>[vc_empty_space height=&#8220;60&#8243;][\/vc_column][vc_column width=&#8220;1\/4&#8243; tablet_sm_width=&#8220;1-2&#8243;]<div class=\"grve-element grve-box-icon grve-align-center grve-animated-item grve-fadeInUp\" style=\"\" data-delay=\"600\">  <div class=\"grve-icon grve-medium grve-simple grve-no-shape grve-color-primary-1 smp-icon-plus\"><\/div>  <div class=\"grve-box-content\"><h5 class=\"grve-box-title\"><span>5 \u00b7 Verwaltung der Untervergabe von Auftr\u00e4gen<\/span><\/h5>    <p class=\"\">F\u00fcr Serviceleistungen, die nicht von unserer Unternehmensgruppe angeboten werden, die aber f\u00fcr ein komplett zufriedenstellendes Produktes erforderlich sind, unterst\u00fctzen wir unsere Kunden bei der Auftragsvergabe an Subunternehmen. Diese Leistungen beinhalten: W\u00e4rme-, Beschichtungs- und Oberfl\u00e4chenbehandlungen sowie all das, was f\u00fcr die Sicherstellung der optimalen Qualit\u00e4t des Endproduktes ben\u00f6tigt wird.<\/p>  <\/div><\/div>[vc_empty_space height=&#8220;60&#8243;][\/vc_column][vc_column width=&#8220;1\/4&#8243;][\/vc_column][\/vc_row][vc_row heading_color=&#8220;light&#8220; bg_type=&#8220;color&#8220; footer_feature=&#8220;yes&#8220; font_color=&#8220;#ffffff&#8220; bg_color=&#8220;#00a09a&#8220; padding_top=&#8220;20px&#8220; padding_bottom=&#8220;20px&#8220;][vc_column]<div class=\"grve-element grve-callout grve-btn-right\" style=\"\">  <div class=\"grve-callout-wrapper\"><h3 class=\"grve-callout-content\"><span>KONTAKT<\/span><\/h3>    <p class=\"\">M\u00f6chten Sie uns kennenlernen?<\/p>  <\/div>  <div class=\"grve-button-wrapper\"><a class=\"grve-btn grve-btn-medium grve-extra-round grve-white-color grve-btn-line\" href=\"\/de\/kontakt\/\" target=\"_self\" style=\"\"><span>&gt;<\/span><\/a>  <\/div><\/div>[\/vc_column][\/vc_row]<\/p>\n","protected":false},"excerpt":{"rendered":"<p>[vc_row section_type=&#8220;fullwidth-element&#8220; flex_height=&#8220;yes&#8220; header_feature=&#8220;yes&#8220;][vc_column width=&#8220;1\/2&#8243; css=&#8220;.vc_custom_1487337590813{padding-top: 5% !important;padding-right: 12% !important;padding-bottom: 5% !important;padding-left: 12% !important;background-color: #f2f2f2 !important;background-position: center !important;background-repeat: no-repeat !important;background-size: cover !important;}&#8220;][vc_column_text animation=&#8220;fadeInLeft&#8220;] \u201eMit einem breiten Spektrum an Serviceleistungen verwandeln wir Ihren zu bearbeitenden Entwurf in ein angefertigtes Werkst\u00fcck.\u201c Ziel unseres Unternehmens ist, die Bed\u00fcrfnisse unserer Kunden zu verstehen. Daf\u00fcr pr\u00fcfen wir mit ihnen gemeinsam [&hellip;]<\/p>\n","protected":false},"author":1,"featured_media":0,"parent":0,"menu_order":0,"comment_status":"closed","ping_status":"closed","template":"","meta":{"footnotes":""},"class_list":["post-408","page","type-page","status-publish","hentry"],"_links":{"self":[{"href":"http:\/\/sinaex.eu\/de\/wp-json\/wp\/v2\/pages\/408","targetHints":{"allow":["GET"]}}],"collection":[{"href":"http:\/\/sinaex.eu\/de\/wp-json\/wp\/v2\/pages"}],"about":[{"href":"http:\/\/sinaex.eu\/de\/wp-json\/wp\/v2\/types\/page"}],"author":[{"embeddable":true,"href":"http:\/\/sinaex.eu\/de\/wp-json\/wp\/v2\/users\/1"}],"replies":[{"embeddable":true,"href":"http:\/\/sinaex.eu\/de\/wp-json\/wp\/v2\/comments?post=408"}],"version-history":[{"count":20,"href":"http:\/\/sinaex.eu\/de\/wp-json\/wp\/v2\/pages\/408\/revisions"}],"predecessor-version":[{"id":919,"href":"http:\/\/sinaex.eu\/de\/wp-json\/wp\/v2\/pages\/408\/revisions\/919"}],"wp:attachment":[{"href":"http:\/\/sinaex.eu\/de\/wp-json\/wp\/v2\/media?parent=408"}],"curies":[{"name":"wp","href":"https:\/\/api.w.org\/{rel}","templated":true}]}}