{"id":390,"date":"2016-02-29T08:24:12","date_gmt":"2016-02-29T07:24:12","guid":{"rendered":"http:\/\/sinaex.eu\/nueva\/sinaex\/"},"modified":"2024-10-29T16:06:42","modified_gmt":"2024-10-29T15:06:42","slug":"sinaex","status":"publish","type":"page","link":"http:\/\/sinaex.eu\/de\/sinaex\/","title":{"rendered":"Sinaex"},"content":{"rendered":"<p>[vc_row middle_content=&#8220;yes&#8220;][vc_column width=&#8220;1\/3&#8243;][vc_single_image image=&#8220;295&#8243; alignment=&#8220;center&#8220; onclick=&#8220;custom_link&#8220; css_animation=&#8220;appear&#8220; link=&#8220;sinaex#inaher&#8220;][\/vc_column][vc_column width=&#8220;1\/3&#8243;][vc_single_image image=&#8220;298&#8243; alignment=&#8220;center&#8220; onclick=&#8220;custom_link&#8220; css_animation=&#8220;appear&#8220; link=&#8220;sinaex#enpa&#8220;][\/vc_column][vc_column width=&#8220;1\/3&#8243;][vc_single_image image=&#8220;879&#8243; img_size=&#8220;&#8220; alignment=&#8220;center&#8220; onclick=&#8220;custom_link&#8220; css_animation=&#8220;appear&#8220; link=&#8220;sinaex#atondoa&#8220;][\/vc_column][\/vc_row][vc_row middle_content=&#8220;yes&#8220; padding_bottom=&#8220;14%&#8220; margin_bottom=&#8220;0&#8243;][vc_column width=&#8220;1\/2&#8243; tablet_sm_width=&#8220;1&#8243;]<div class=\"grve-element grve-slogan grve-align-left grve-animated-item grve-fadeInLeft\" style=\"\" data-delay=\"200\"><h4 class=\"grve-slogan-title grve-align-left grve-title-no-line\"><span>\u201eSINAEX, Unternehmensgruppe der Metallindustrie, spezialisiert auf Projekte der mechanischen Bearbeitung.\u201c<\/span><\/h4>  <p class=\"\">Unternehmensgruppe der Metallindustrie von Navarra, Spanien, spezialisiert auf eine umfassende Projektentwicklung im Bereich der hochwertigen mechanischen Bearbeitung und Werkzeuge, vom Plan bis hin zum fertigen Endwerkst\u00fcck.<\/p><\/div>[vc_column_text]<strong>Sinaex<\/strong> verf\u00fcgt \u00fcber eine Produktionsfl\u00e4che von mehr als <strong>6.200\u00a0m\u00b2<\/strong>, die sich auf 3 Produktionsst\u00e4tten verteilt. Wir sind mehr als <strong>80\u00a0Fachleute<\/strong>, die auf <strong>Metallverarbeitung und Maschinenbau spezialisiert<\/strong> sind, und bieten jedem Kunden L\u00f6sungen f\u00fcr seine spezifischen Bed\u00fcrfnisse. Diese Arbeitsvielfalt und die Erfahrung von mehr als <strong>50\u00a0Jahren in der Metallverarbeitung<\/strong> erm\u00f6glichen es uns, eine Vielzahl an Serviceleistungen schnell und flexibel auf Nachfrage in den verschiedensten Branchen anzubieten.<\/p>\n<p>Nationale und internationale Unternehmen verschiedenster Branchen konnten sich bereits auf uns verlassen aufgrund folgender Leistungen:[\/vc_column_text]<div class=\"grve-element grve-list grve-list-check \" style=\"\"><ul>\n<li>Umfassender kundenorientierter Service.<\/li>\n<li>Qualit\u00e4t und Pr\u00e4zision im Endprodukt.<\/li>\n<li>Flexibilit\u00e4t und Arbeitstempo.<\/li>\n<li>Sehr wettbewerbsf\u00e4hige Preise.<\/li>\n<\/ul>\n<\/div>[\/vc_column][vc_column width=&#8220;1\/4&#8243; tablet_sm_width=&#8220;1-2&#8243;]<div class=\"grve-element grve-image grve-animated-item grve-fadeInUp grve-align-center\" style=\"\" data-delay=\"200\">  <img loading=\"lazy\" decoding=\"async\" alt=\"\" src=\"http:\/\/sinaex.eu\/wp-content\/uploads\/2016\/02\/sinaex6.jpg\" width=\"800\" height=\"800\"><\/div>[vc_empty_space]<div class=\"grve-element grve-image grve-animated-item grve-fadeInUp grve-align-center\" style=\"\" data-delay=\"200\">  <img loading=\"lazy\" decoding=\"async\" alt=\"\" src=\"http:\/\/sinaex.eu\/wp-content\/uploads\/2016\/02\/sinaex7.jpg\" width=\"800\" height=\"800\"><\/div>[\/vc_column][vc_column width=&#8220;1\/4&#8243; tablet_sm_width=&#8220;1-2&#8243;]<div class=\"grve-element grve-image grve-animated-item grve-fadeInUp grve-align-center\" style=\"\" data-delay=\"400\">  <img loading=\"lazy\" decoding=\"async\" alt=\"\" src=\"http:\/\/sinaex.eu\/wp-content\/uploads\/2016\/02\/sinaex2-1.jpg\" width=\"800\" height=\"800\"><\/div>[vc_empty_space]<div class=\"grve-element grve-image grve-animated-item grve-fadeInUp grve-align-center\" style=\"\" data-delay=\"400\">  <img loading=\"lazy\" decoding=\"async\" alt=\"\" src=\"http:\/\/sinaex.eu\/wp-content\/uploads\/2016\/02\/sinaex2.jpg\" width=\"1912\" height=\"1080\"><\/div>[\/vc_column][\/vc_row][vc_row heading_color=&#8220;light&#8220; bg_type=&#8220;image&#8220; bg_image=&#8220;378&#8243; bg_image_type=&#8220;parallax&#8220; color_overlay=&#8220;dark&#8220; opacity_overlay=&#8220;70&#8243; padding_top=&#8220;50&#8243; padding_bottom=&#8220;50&#8243; margin_bottom=&#8220;0&#8243; font_color=&#8220;rgba(255,255,255,0.91)&#8220;][vc_column]<div class=\"grve-element grve-slogan grve-align-left grve-animated-item grve-fadeInUp\" style=\"margin-bottom: 0px;\" data-delay=\"200\"><h5 class=\"grve-slogan-title grve-align-left grve-title-no-line\"><span>WER IST TEIL DER UNTERNEHMENSGRUPPE<\/span><\/h5>  <p class=\"\">\u201eUnsere St\u00e4rke liegt in der Verbindung der Unternehmen, die auf verschiedene Bereiche der Metallindustrie spezialisiert sind.\u201c<\/p><\/div>[\/vc_column][\/vc_row][vc_row][vc_column][vc_row_inner el_id=&#8220;inhaer&#8220;][vc_column_inner]<div class=\"grve-element grve-image-text grve-animated-item grve-fadeInRight\" style=\"\" data-delay=\"200\"><div class=\"grve-image\">  <img loading=\"lazy\" decoding=\"async\" alt=\"\" src=\"http:\/\/sinaex.eu\/wp-content\/uploads\/2016\/02\/Inaher.png\" width=\"1701\" height=\"1701\"><\/div>  <div class=\"grve-content grve-align-left\">    <h4>Inaher mechanische Bearbeitung<\/h4>  <p>* Dieses Unternehmen entwickelt, produziert und schleift einteilige und geschwei\u00dfte Schneidwerkzeuge aus Hartmetallen sowie Schnellarbeitsstahl und bietet Beschichtungsservice (TiN, Futura, Alcrona&#8230;).<br \/>\n* Wir arbeiten mit Materialien aus einteiligem oder geschwei\u00dftem Hartmetall und Schnellarbeitsstahl.<br \/>\n* Unsere Kunden stammen aus den Bereichen der Automobilindustrie, Drehfertigung, Formenbau, Luftfahrt, Baugewerbe, Ventile aller Art, Metall- und Holzbearbeitung, etc.<\/p>    <a href=\"http:\/\/www.inaher.com\" target=\"_self\" class=\"grve-read-more \">Webseite<\/a>  <\/div><\/div><div class=\"grve-element grve-hr grve-line-divider\" style=\"\"><\/div>[\/vc_column_inner][\/vc_row_inner][vc_row_inner el_id=&#8220;enpa&#8220;][vc_column_inner]<div class=\"grve-element grve-image-text grve-animated-item grve-fadeInLeft\" style=\"\" data-delay=\"200\">  <div class=\"grve-content grve-align-right\">    <h4>ENPA ENGRANAJES SL<\/h4>  <p>* Dieser Betrieb ist auf die Herstellung und das Schleifen von Verzahnungen aller Art bis zu 1 m Durchmesser spezialisiert.<br \/>\n* Wir arbeiten mit Materialien wie St\u00e4hle, Aluminium, rostfreie St\u00e4hle, Kunststoffe, Nylon, Glasfaser, Celotex u. a.<br \/>\n* Unsere Kunden stammen aus den Bereichen der Windkraftindustrie, Automobilindustrie, Landwirtschaft, Maschinen der Lebensmittelindustrie, der Papierindustrie&#8230;<\/p>    <a href=\"http:\/\/www.enpa.es\" target=\"_self\" class=\"grve-read-more \">Webseite<\/a>  <\/div><div class=\"grve-image\">  <img loading=\"lazy\" decoding=\"async\" alt=\"\" src=\"http:\/\/sinaex.eu\/wp-content\/uploads\/2016\/02\/Talleres-Enpa.png\" width=\"1701\" height=\"1701\"><\/div><\/div><div class=\"grve-element grve-hr grve-line-divider\" style=\"\"><\/div>[\/vc_column_inner][\/vc_row_inner][vc_row_inner el_id=&#8220;atondoa&#8220;][vc_column_inner]<div class=\"grve-element grve-image-text grve-animated-item grve-fadeInRight\" style=\"\" data-delay=\"200\"><div class=\"grve-image\">  <img loading=\"lazy\" decoding=\"async\" alt=\"\" src=\"http:\/\/sinaex.eu\/wp-content\/uploads\/2024\/10\/logo-atondoa-para-sinaex.jpg\" width=\"1571\" height=\"764\"><\/div>  <div class=\"grve-content grve-align-left\">    <h4>Atondoa Betriebswerkstatt<\/h4>  <p>* Dieser Betrieb ist auf die Herstellung komplexer Feinteile, sowohl Einzelst\u00fccke als auch kleine und mittelgro\u00dfe Serien, spezialisiert.<br \/>\n* Wir arbeiten mit Materialien wie St\u00e4hle, Spezialst\u00e4hle, Aluminium, Bronze und Kunststoffe.<br \/>\n* Unsere Kunden stammen aus den Bereichen der Lebensmittelindustrie, Luftfahrt, Automobilindustrie, Zahntechnik, Lebensmitteltechnologie und Teile jeder Art, die ein hohes Ma\u00df an Pr\u00e4zision erfordern.<\/p>    <a href=\"http:\/\/www.atondoa.com\" target=\"_self\" class=\"grve-read-more \">Webseite<\/a>  <\/div><\/div>[\/vc_column_inner][\/vc_row_inner][\/vc_column][\/vc_row][vc_row heading_color=&#8220;light&#8220; section_type=&#8220;fullwidth-element&#8220; middle_content=&#8220;yes&#8220; bg_type=&#8220;color&#8220; footer_feature=&#8220;yes&#8220; font_color=&#8220;#5c696f&#8220; bg_color=&#8220;#162830&#8243;][vc_column width=&#8220;2\/3&#8243; tablet_width=&#8220;1-2&#8243;]<div class=\"grve-element grve-video\" style=\"\"><iframe loading=\"lazy\" width=\"1080\" height=\"608\" src=\"https:\/\/www.youtube.com\/embed\/94DX9NV-qvo?feature=oembed\" frameborder=\"0\" allow=\"accelerometer; autoplay; encrypted-media; gyroscope; picture-in-picture\" allowfullscreen><\/iframe><\/div>[\/vc_column][vc_column width=&#8220;1\/3&#8243; tablet_width=&#8220;1-2&#8243;][vc_empty_space height=&#8220;90&#8243;]<div class=\"grve-element grve-box-icon grve-align-center grve-animated-item grve-fadeInUp\" style=\"\" data-delay=\"600\"><a href=\"http:\/\/sinaex.eu\/nueva\/contact\/\" target=\"_self\">  <div class=\"grve-icon grve-medium grve-simple grve-no-shape grve-color-primary-1 smp-icon-envelope-letter\"><\/div><\/a>  <div class=\"grve-box-content\"><a href=\"http:\/\/sinaex.eu\/nueva\/contact\/\" target=\"_self\"><h5 class=\"grve-box-title\"><span>Kontakt<\/span><\/h5><\/a>  <\/div><\/div><div class=\"grve-element grve-box-icon grve-align-center grve-animated-item grve-fadeInRight\" style=\"\" data-delay=\"200\"><a href=\"\/en\/contact\/\" target=\"_self\">  <div class=\"grve-icon grve-medium grve-simple grve-circle grve-bg-primary-1 smp-icon-arrow-right\"><\/div><\/a><\/div>[vc_empty_space height=&#8220;90&#8243;][\/vc_column][\/vc_row]<\/p>\n","protected":false},"excerpt":{"rendered":"<p>[vc_row middle_content=&#8220;yes&#8220;][vc_column width=&#8220;1\/3&#8243;][vc_single_image image=&#8220;295&#8243; alignment=&#8220;center&#8220; onclick=&#8220;custom_link&#8220; css_animation=&#8220;appear&#8220; link=&#8220;sinaex#inaher&#8220;][\/vc_column][vc_column width=&#8220;1\/3&#8243;][vc_single_image image=&#8220;298&#8243; alignment=&#8220;center&#8220; onclick=&#8220;custom_link&#8220; css_animation=&#8220;appear&#8220; link=&#8220;sinaex#enpa&#8220;][\/vc_column][vc_column width=&#8220;1\/3&#8243;][vc_single_image image=&#8220;879&#8243; img_size=&#8220;&#8220; alignment=&#8220;center&#8220; onclick=&#8220;custom_link&#8220; css_animation=&#8220;appear&#8220; link=&#8220;sinaex#atondoa&#8220;][\/vc_column][\/vc_row][vc_row middle_content=&#8220;yes&#8220; padding_bottom=&#8220;14%&#8220; margin_bottom=&#8220;0&#8243;][vc_column width=&#8220;1\/2&#8243; tablet_sm_width=&#8220;1&#8243;][vc_column_text]Sinaex verf\u00fcgt \u00fcber eine Produktionsfl\u00e4che von mehr als 6.200\u00a0m\u00b2, die sich auf 3 Produktionsst\u00e4tten verteilt. Wir sind mehr als 80\u00a0Fachleute, die auf Metallverarbeitung und Maschinenbau spezialisiert sind, und bieten jedem [&hellip;]<\/p>\n","protected":false},"author":1,"featured_media":0,"parent":0,"menu_order":0,"comment_status":"closed","ping_status":"closed","template":"","meta":{"footnotes":""},"class_list":["post-390","page","type-page","status-publish","hentry"],"_links":{"self":[{"href":"http:\/\/sinaex.eu\/de\/wp-json\/wp\/v2\/pages\/390","targetHints":{"allow":["GET"]}}],"collection":[{"href":"http:\/\/sinaex.eu\/de\/wp-json\/wp\/v2\/pages"}],"about":[{"href":"http:\/\/sinaex.eu\/de\/wp-json\/wp\/v2\/types\/page"}],"author":[{"embeddable":true,"href":"http:\/\/sinaex.eu\/de\/wp-json\/wp\/v2\/users\/1"}],"replies":[{"embeddable":true,"href":"http:\/\/sinaex.eu\/de\/wp-json\/wp\/v2\/comments?post=390"}],"version-history":[{"count":14,"href":"http:\/\/sinaex.eu\/de\/wp-json\/wp\/v2\/pages\/390\/revisions"}],"predecessor-version":[{"id":910,"href":"http:\/\/sinaex.eu\/de\/wp-json\/wp\/v2\/pages\/390\/revisions\/910"}],"wp:attachment":[{"href":"http:\/\/sinaex.eu\/de\/wp-json\/wp\/v2\/media?parent=390"}],"curies":[{"name":"wp","href":"https:\/\/api.w.org\/{rel}","templated":true}]}}