{"id":362,"date":"2016-02-29T08:25:16","date_gmt":"2016-02-29T07:25:16","guid":{"rendered":"http:\/\/sinaex.eu\/nueva\/sinaex-mecanizado\/"},"modified":"2024-10-14T13:11:13","modified_gmt":"2024-10-14T12:11:13","slug":"sinaex-mecanizado","status":"publish","type":"page","link":"http:\/\/sinaex.eu\/de\/","title":{"rendered":"Start"},"content":{"rendered":"<p>[vc_row][vc_column][vc_row_inner][vc_column_inner width=&#8220;1\/3&#8243;]<h2 class=\"grve-element grve-align-left grve-title-double-line grve-animated-item grve-fadeInRight\" style=\"\" data-delay=\"200\"><span>SINAEX<\/span><\/h2>[vc_column_text animation=&#8220;fadeInRight&#8220;]<\/p>\n<h4>50 Jahre bieten wir L\u00f6sungen f\u00fcr maschinelle Bearbeitungsprojekte an, vom Plan bis hin zum fertigen Endwerkst\u00fcck mit h\u00f6chsten Qualit\u00e4tsanspr\u00fcchen und zu den besten Preisen.<\/h4>\n<p>[\/vc_column_text][\/vc_column_inner][vc_column_inner width=&#8220;1\/3&#8243;][vc_column_text animation=&#8220;fadeInRight&#8220;]Wir sind eine Unternehmensgruppe der Metallindustrie von Navarra, Spanien. Wir sind auf eine umfassende Projektentwicklung im Bereich der hochwertigen mechanischen Bearbeitung und Werkzeuge spezialisiert. Wir verf\u00fcgen \u00fcber eine Produktionsfl\u00e4che von mehr als 6.200 m\u00b2, die sich auf 3 Produktionsst\u00e4tten verteilt. Unser auf Metallverarbeitung und Maschinenbau spezialisiertes Fachpersonal von 80 Mitarbeitern bietet jedem Kunden L\u00f6sungen f\u00fcr die spezifischen Bed\u00fcrfnisse.[\/vc_column_text][\/vc_column_inner][vc_column_inner width=&#8220;1\/3&#8243;][vc_column_text animation=&#8220;fadeInRight&#8220;]Nationale und internationale Unternehmen verschiedenster Branchen konnten sich bereits auf uns verlassen aufgrund folgender Leistungen:[\/vc_column_text]<div class=\"grve-element grve-list grve-list-check \" style=\"\"><ul>\n<li>Umfassender kundenorientierter Service.<\/li>\n<li>Qualit\u00e4t und Pr\u00e4zision im Endprodukt.<\/li>\n<li>Flexibilit\u00e4t und Arbeitstempo.<\/li>\n<li>Sehr wettbewerbsf\u00e4hige Marktpreise.<\/li>\n<\/ul>\n<\/div>[\/vc_column_inner][\/vc_row_inner][vc_row_inner][vc_column_inner css=&#8220;.vc_custom_1487331010574{padding-top: 40px !important;}&#8220;]<div class=\"grve-element grve-video\" style=\"\"><iframe loading=\"lazy\" width=\"1080\" height=\"608\" src=\"https:\/\/www.youtube.com\/embed\/94DX9NV-qvo?feature=oembed\" frameborder=\"0\" allowfullscreen><\/iframe><\/div>[\/vc_column_inner][\/vc_row_inner][\/vc_column][\/vc_row][vc_row bg_type=&#8220;color&#8220; font_color=&#8220;#ffffff&#8220; bg_color=&#8220;#00a09a&#8220; padding_top=&#8220;90&#8243; padding_bottom=&#8220;90&#8243; margin_bottom=&#8220;0&#8243;][vc_column]<div class=\"grve-element grve-callout grve-animated-item grve-fadeIn grve-btn-right\" style=\"\">  <div class=\"grve-callout-wrapper\">    <p class=\"grve-leader-text\">M\u00f6chten Sie uns kennenlernen?<\/p>  <\/div>  <div class=\"grve-button-wrapper\"><a class=\"grve-btn grve-btn-medium grve-extra-round grve-white-color grve-btn-line\" href=\"\/de\/kontakt\/\" target=\"_self\" style=\"\"><span>KONTAKT<\/span><\/a>  <\/div><\/div>[\/vc_column][\/vc_row][vc_row padding_top=&#8220;10%&#8220; margin_bottom=&#8220;0&#8243; padding_bottom=&#8220;8%&#8220;][vc_column]<div class=\"grve-element grve-slogan grve-align-center grve-animated-item grve-fadeInUp\" style=\"\" data-delay=\"200\"><h3 class=\"grve-slogan-title grve-align-center grve-title-no-line\"><span>SERVICE<\/span><\/h3>  <p class=\"\">\u201eMit einem breiten Spektrum an Serviceleistungen wandeln wir Ihr mechanisches Bearbeitungsprojekt in ein f\u00fcr Sie individuell angefertigtes Werkst\u00fcck.\u201c<\/p><\/div>[\/vc_column][\/vc_row][vc_row middle_content=&#8220;yes&#8220; tablet_sm_visibility=&#8220;hide&#8220; mobile_visibility=&#8220;hide&#8220; margin_bottom=&#8220;0&#8243;][vc_column width=&#8220;1\/2&#8243;]<div class=\"grve-element grve-image grve-animated-item grve-fadeIn grve-align-center\" style=\"\" data-delay=\"200\">  <img loading=\"lazy\" decoding=\"async\" alt=\"\" src=\"http:\/\/sinaex.eu\/wp-content\/uploads\/2016\/02\/sinaex-3.jpg\" width=\"404\" height=\"495\"><\/div>[\/vc_column][vc_column width=&#8220;1\/2&#8243;]<div class=\"grve-element grve-slogan grve-align-left grve-animated-item grve-fadeInRight\" style=\"margin-bottom: 0px;\" data-delay=\"400\"><h5 class=\"grve-slogan-title grve-align-left grve-title-no-line\"><span>Ziel unseres Unternehmens ist es,<\/span><\/h5>  <p class=\"\">die Bed\u00fcrfnisse unserer Kunden zu verstehen. Daf\u00fcr pr\u00fcfen wir mit ihnen gemeinsam jedes Projekt auf der Suche nach kontinuierlicher Verbesserung, von der anf\u00e4nglichen Beratung bis zur Endproduktion. Wir stellen unsere Erfahrung und Technik jeder Nachfrage zur Verf\u00fcgung, passen uns jeder Situation an, individualisieren verschiedene Serviceleistungen und suchen \u201eschl\u00fcsselfertige\u201c L\u00f6sungen.<\/p>\n<p>Auf Kundenwunsch betreiben wir die Herstellung von erforderlichen Werkst\u00fccken und Werkzeugen in jedem Projekt. Wir bieten h\u00f6chste Pr\u00e4zision f\u00fcr Einzelteile und Prototypen und unterst\u00fctzen die Auftragsvergabe aller Arten von erforderlichen Verarbeitungen f\u00fcr die Herstellung und mechanische Bearbeitung der Werkst\u00fccke.<\/p><\/div>[vc_empty_space height=&#8220;40&#8243;]<div class=\"grve-element grve-align-left grve-animated-item grve-fadeInRight\" data-delay=\"200\"><a class=\"grve-btn grve-btn-medium grve-square grve-bg-primary-1\" href=\"\/en\/services\/\" target=\"_self\" style=\"margin-bottom: 30px;\"><span>Entdecken Sie unsere Serviceleistungen<\/span><\/a><\/div>[\/vc_column][\/vc_row][vc_row heading_color=&#8220;light&#8220; bg_type=&#8220;image&#8220; bg_image=&#8220;324&#8243; bg_image_type=&#8220;parallax&#8220; color_overlay=&#8220;dark&#8220; opacity_overlay=&#8220;70&#8243; font_color=&#8220;#ffffff&#8220; padding_top=&#8220;12%&#8220; padding_bottom=&#8220;12%&#8220; margin_bottom=&#8220;0&#8243;][vc_column width=&#8220;1\/6&#8243;][\/vc_column][vc_column width=&#8220;2\/3&#8243;][vc_column_text animation=&#8220;fadeInUp&#8220;]<\/p>\n<blockquote><p><em>\u201eDie Pr\u00e4zisionsbearbeitung erfordert das Arbeiten mit modernsten Anlagen, um die h\u00f6chste Qualit\u00e4t zu erreichen.\u201c<\/em><\/p>\n<p><em>\u00a0<\/em><\/p><\/blockquote>\n<p>[\/vc_column_text][vc_column_text animation=&#8220;fadeInUp&#8220;]<strong>SINAEX<\/strong> verf\u00fcgt \u00fcber <strong>6.200\u00a0m\u00b2<\/strong>, die auf f\u00fcnf Produktionsst\u00e4tten verteilt sind, sowie \u00fcber ein auf Metallverarbeitung und Maschinenbau spezialisiertes Fachpersonal von <strong>80\u00a0Mitarbeitern<\/strong>, das mit den <strong>modernsten Maschinen arbeitet<\/strong>, um mit h\u00f6chster Pr\u00e4zision zu arbeiten und Pr\u00fcfvorg\u00e4nge der Qualit\u00e4tssicherung realisieren zu k\u00f6nnen.[\/vc_column_text][\/vc_column][vc_column width=&#8220;1\/6&#8243;][\/vc_column][\/vc_row][vc_row padding_top=&#8220;12%&#8220; padding_bottom=&#8220;8%&#8220; margin_bottom=&#8220;0&#8243;][vc_column width=&#8220;1\/2&#8243; tablet_sm_width=&#8220;1-2&#8243;]<div class=\"grve-element grve-box-icon grve-align-left grve-animated-item grve-fadeInUp\" style=\"margin-bottom: 0px;\" data-delay=\"200\">  <div class=\"grve-icon grve-medium grve-simple grve-no-shape grve-color-primary-1 smp-icon-settings\"><\/div>  <div class=\"grve-box-content\"><h5 class=\"grve-box-title\"><span>KUNDEN UND BRANCHEN<\/span><\/h5>  <\/div><\/div>[vc_empty_space height=&#8220;60&#8243;][vc_column_text animation=&#8220;fadeInLeft&#8220;]<\/p>\n<blockquote><p><em>\u201eMehr als 50 Jahre verwandeln wir die Bed\u00fcrfnisse unserer Kunden in Realit\u00e4t.\u201c<\/em><\/p><\/blockquote>\n<p>[\/vc_column_text][vc_column_text animation=&#8220;fadeInLeft&#8220;]Unser Erfahrungsschatz von einem halben Jahrhundert erm\u00f6glicht uns, in den verschiedensten Branchen t\u00e4tig zu sein. Wir haben bereits viele nationale und internationale Kunden, die in den jeweiligen Bereichen f\u00fchren. Sie haben uns ihre Projekte anvertraut, um sie zum besten Preis und mit erstklassiger Qualit\u00e4t umgesetzt zu sehen.[\/vc_column_text][\/vc_column][vc_column width=&#8220;1\/2&#8243; tablet_sm_width=&#8220;1-2&#8243; css=&#8220;.vc_custom_1487328600282{padding-left: 30px !important;}&#8220;][vc_column_text text_style=&#8220;subtitle&#8220; animation=&#8220;fadeInRight&#8220;]<\/p>\n<h6>Wir arbeiten f\u00fcr:<\/h6>\n<p>[\/vc_column_text]<div class=\"grve-element grve-hr grve-line-divider\" style=\"margin-bottom: 30px;padding-bottom: 20px;\"><\/div>[vc_row_inner][vc_column_inner width=&#8220;1\/2&#8243;]<div class=\"grve-element grve-list grve-list-angle-double-right \" style=\"\"><ul>\n<li>Luftfahrtindustrie.<\/li>\n<li>Automobilindustrie.<\/li>\n<li>Erneuerbare Energien.<\/li>\n<li>Agrarindustrie.<\/li>\n<li>Maschinenbau.<\/li>\n<li>Eisenbahnindustrie.<\/li>\n<li>Werkzeugmaschinen.<\/li>\n<li>Papierindustrie.<\/li>\n<\/ul>\n<\/div>[\/vc_column_inner][vc_column_inner width=&#8220;1\/2&#8243;]<div class=\"grve-element grve-list grve-list-angle-double-right \" style=\"\"><ul>\n<li>Maschinen der landwirtschaftlichen Lebensmittelindustrie.<\/li>\n<li>Drehfertigung.<\/li>\n<li>Maschinen der Metallbearbeitung und Werkzeugmaschinen.<\/li>\n<li>Industrie f\u00fcr klinisches Material.<\/li>\n<li>Maschinenhersteller im Allgemeinen.<\/li>\n<\/ul>\n<\/div>[\/vc_column_inner][\/vc_row_inner][\/vc_column][\/vc_row][vc_row heading_color=&#8220;light&#8220; section_type=&#8220;fullwidth-element&#8220; middle_content=&#8220;yes&#8220; bg_type=&#8220;color&#8220; footer_feature=&#8220;yes&#8220; font_color=&#8220;#ffffff&#8220; bg_color=&#8220;#162830&#8243;][vc_column width=&#8220;1\/3&#8243; tablet_width=&#8220;1-2&#8243;]<div class=\"grve-element grve-image grve-full-image grve-align-center\" style=\"\">  <img loading=\"lazy\" decoding=\"async\" alt=\"\" src=\"http:\/\/sinaex.eu\/wp-content\/uploads\/2016\/02\/sinaex1.jpg\" width=\"800\" height=\"800\"><\/div>[\/vc_column][vc_column width=&#8220;1\/3&#8243; tablet_width=&#8220;1-2&#8243;]<div class=\"grve-element grve-image grve-full-image grve-align-center\" style=\"\">  <img loading=\"lazy\" decoding=\"async\" alt=\"\" src=\"http:\/\/sinaex.eu\/wp-content\/uploads\/2016\/02\/sinaex4.jpg\" width=\"800\" height=\"800\" data-at2x=\"http:\/\/sinaex.eu\/wp-content\/uploads\/2016\/02\/sinaex4.jpg\"><\/div>[\/vc_column][vc_column width=&#8220;1\/3&#8243; tablet_width=&#8220;1&#8243; css=&#8220;.vc_custom_1457193748834{padding-right: 3% !important;padding-left: 3% !important;}&#8220;][vc_empty_space height=&#8220;60&#8243;]<div class=\"grve-element grve-slogan grve-align-left grve-animated-item grve-fadeInRight\" style=\"margin-bottom: 0px;\" data-delay=\"200\"><h4 class=\"grve-slogan-title grve-align-left grve-title-no-line\"><span>GARANTIE<\/span><\/h4>  <p class=\"\"><\/p><\/div>[vc_column_text animation=&#8220;fadeInRight&#8220;]<\/p>\n<blockquote><p><em>\u201eQualit\u00e4t, Zuverl\u00e4ssigkeit und Einsatz, die beste Garantie f\u00fcr unsere Kunden.\u201c<\/em><\/p><\/blockquote>\n<p>Durch die Optimierung der Produktionsprozesse mit dem Anspruch einer st\u00e4ndigen Verbesserung leisten wir einen wichtigen Beitrag zur Qualit\u00e4t. So erhalten wir die strengsten Zulassungsgenehmigungen, die unsere Kunden verlangen. Auch setzen wir auf den Einsatz von angemessenen Verwaltungssystemen und -mitteln in der Pr\u00e4vention von Risiken am Arbeitsplatz.<\/p>\n<p>Unsere Arbeit wird von Institutionen untermauert, wie durch die <strong>Regierung von Navarra (Spanien)<\/strong> mithilfe des<strong> Internationalisierungsplans von Navarra (PIN)<\/strong> oder durch die <strong>EU mithilfe der Mittel des EFRE-Strukturfonds.<\/strong><\/p>\n<p>[\/vc_column_text][vc_empty_space height=&#8220;30&#8243;][\/vc_column][\/vc_row]<\/p>\n","protected":false},"excerpt":{"rendered":"<p>[vc_row][vc_column][vc_row_inner][vc_column_inner width=&#8220;1\/3&#8243;][vc_column_text animation=&#8220;fadeInRight&#8220;] 50 Jahre bieten wir L\u00f6sungen f\u00fcr maschinelle Bearbeitungsprojekte an, vom Plan bis hin zum fertigen Endwerkst\u00fcck mit h\u00f6chsten Qualit\u00e4tsanspr\u00fcchen und zu den besten Preisen. [\/vc_column_text][\/vc_column_inner][vc_column_inner width=&#8220;1\/3&#8243;][vc_column_text animation=&#8220;fadeInRight&#8220;]Wir sind eine Unternehmensgruppe der Metallindustrie von Navarra, Spanien. Wir sind auf eine umfassende Projektentwicklung im Bereich der hochwertigen mechanischen Bearbeitung und Werkzeuge spezialisiert. Wir verf\u00fcgen [&hellip;]<\/p>\n","protected":false},"author":1,"featured_media":0,"parent":0,"menu_order":0,"comment_status":"closed","ping_status":"closed","template":"","meta":{"footnotes":""},"class_list":["post-362","page","type-page","status-publish","hentry"],"_links":{"self":[{"href":"http:\/\/sinaex.eu\/de\/wp-json\/wp\/v2\/pages\/362","targetHints":{"allow":["GET"]}}],"collection":[{"href":"http:\/\/sinaex.eu\/de\/wp-json\/wp\/v2\/pages"}],"about":[{"href":"http:\/\/sinaex.eu\/de\/wp-json\/wp\/v2\/types\/page"}],"author":[{"embeddable":true,"href":"http:\/\/sinaex.eu\/de\/wp-json\/wp\/v2\/users\/1"}],"replies":[{"embeddable":true,"href":"http:\/\/sinaex.eu\/de\/wp-json\/wp\/v2\/comments?post=362"}],"version-history":[{"count":7,"href":"http:\/\/sinaex.eu\/de\/wp-json\/wp\/v2\/pages\/362\/revisions"}],"predecessor-version":[{"id":897,"href":"http:\/\/sinaex.eu\/de\/wp-json\/wp\/v2\/pages\/362\/revisions\/897"}],"wp:attachment":[{"href":"http:\/\/sinaex.eu\/de\/wp-json\/wp\/v2\/media?parent=362"}],"curies":[{"name":"wp","href":"https:\/\/api.w.org\/{rel}","templated":true}]}}